{"id":952,"date":"2016-03-10T16:18:54","date_gmt":"2016-03-10T14:18:54","guid":{"rendered":"http:\/\/promenaadimaja.ee\/fi\/siseviimistlus\/classic\/"},"modified":"2016-06-21T15:32:58","modified_gmt":"2016-06-21T12:32:58","slug":"kaupunkitalo","status":"publish","type":"page","link":"https:\/\/promenaadimajad.ee\/fi\/viimeistely\/kaupunkitalo\/","title":{"rendered":"Sisustus"},"content":{"rendered":"<p><strong>Promenaadi maja asunnoissa on kaksi harkittua sisustuspakettia: Aamu (Hommik) ja Ilta (\u00d5htu). Kotinsa sisustaja voi halutessaan k\u00e4ytt\u00e4\u00e4 my\u00f6s sisustusarkkitehtien Helen Kolksin ja Kristiine L\u00f5ukin apua.<\/strong><br \/>\n&nbsp;<br \/>\nJokaisen asunnon lattiassa on tammiparketti ja valkoiset 90 mm:n jalkalistat. Sein\u00e4t on maalattu puolihimme\u00e4ll\u00e4 valkoisella maalilla. Eteisen lattia on p\u00e4\u00e4llystetty 60 \u00d7 60 cm:n kokoisilla laatoilla. Pesutilojen lattia on laatoitettu, ja sein\u00e4t osittain laatoitettu 60 \u00d7 60 cm:n kokoisilla keraamisilla laatoilla, joiden v\u00e4ris\u00e4vyt riippuvat paketista.<\/p>\n<p><img loading=\"lazy\" decoding=\"async\" class=\"alignright size-large wp-image-2828\" src=\"https:\/\/promenaadimajad.ee\/static\/promenaadi_pm-1024x215.png\" alt=\"Promenaadi maja n\u00e4idiskorteri magamistuba\" width=\"1024\" height=\"215\" srcset=\"https:\/\/promenaadimajad.ee\/wp-content\/uploads\/promenaadi_pm-1024x215.png 1024w, https:\/\/promenaadimajad.ee\/wp-content\/uploads\/promenaadi_pm-300x63.png 300w, https:\/\/promenaadimajad.ee\/wp-content\/uploads\/promenaadi_pm.png 1089w\" sizes=\"auto, (max-width: 1024px) 100vw, 1024px\" \/><\/p>\n<p>Saniteettikalusteet on valittu Villeroy &amp; Bochin Subway-sarjasta ja hanat Grohen Eurocube-sarjasta.<br \/>\nJos haluat lis\u00e4tietoja, ota yhteytt\u00e4.<\/p>\n<h1>Aamu<\/h1>\n<p>Ihmiselle, joka pit\u00e4\u00e4 yksinkertaisuudesta ja siisteydest\u00e4.<\/p>\n<h2><img loading=\"lazy\" decoding=\"async\" class=\"alignright size-large wp-image-2819\" src=\"https:\/\/promenaadimajad.ee\/static\/hommik-promenaadi-maja-1024x215.png\" alt=\"hommik-promenaadi-maja\" width=\"1024\" height=\"215\" srcset=\"https:\/\/promenaadimajad.ee\/wp-content\/uploads\/hommik-promenaadi-maja-1024x215.png 1024w, https:\/\/promenaadimajad.ee\/wp-content\/uploads\/hommik-promenaadi-maja-300x63.png 300w, https:\/\/promenaadimajad.ee\/wp-content\/uploads\/hommik-promenaadi-maja.png 1089w\" sizes=\"auto, (max-width: 1024px) 100vw, 1024px\" \/><\/h2>\n<p>Lattiasta kattoon ulottuvat ikkunat ja vaaleas\u00e4vyinen sisustus tekee asunnosta valoisan. Lattiassa on vaalea tammiparketti.\u00a0Pesutiloissa on beiget laatat.<\/p>\n<h1>Ilta<\/h1>\n<p>Ihmiselle, joka haluaa rasittavan p\u00e4iv\u00e4n j\u00e4lkeen viihty\u00e4 kuin omassa kodissaan.<\/p>\n<p><img loading=\"lazy\" decoding=\"async\" class=\"alignright size-large wp-image-2811\" src=\"https:\/\/promenaadimajad.ee\/static\/promenaadi_maja_ohtu-1024x215.png\" alt=\"promenaadi_maja_ohtu\" width=\"1024\" height=\"215\" srcset=\"https:\/\/promenaadimajad.ee\/wp-content\/uploads\/promenaadi_maja_ohtu-1024x215.png 1024w, https:\/\/promenaadimajad.ee\/wp-content\/uploads\/promenaadi_maja_ohtu-300x63.png 300w, https:\/\/promenaadimajad.ee\/wp-content\/uploads\/promenaadi_maja_ohtu.png 1089w\" sizes=\"auto, (max-width: 1024px) 100vw, 1024px\" \/><\/p>\n<p>&nbsp;<\/p>\n<p>Lattiassa on aito tammiparketti, listat ja ovet ovat valkoisia.\u00a0Eteisen ja kylpyhuoneen laatat ovat harmaan s\u00e4vyisi\u00e4.<\/p>\n<h1>Saniteettikalusteet ja saunatilan sisustus<\/h1>\n<p>Saniteettikalusteiden valikoima on molemmissa paketeissa sama.<\/p>\n<p>Saniteettikalusteet on valittu Villeroy &amp; Bochin Subway 2.0 -sarjasta ja hanat Grohen Eurocube-sarjasta.\u00a0WC-istuimen huuhtelus\u00e4ili\u00f6 on sein\u00e4n sis\u00e4inen Gustavsberg Triomont, huuhtelupainike on valkoinen, Villeroy &amp; Boch -merkkinen.<\/p>\n<p><img loading=\"lazy\" decoding=\"async\" class=\"alignright size-large wp-image-2804\" src=\"https:\/\/promenaadimajad.ee\/static\/Picture1-1024x215.png\" alt=\"Picture1\" width=\"1024\" height=\"215\" srcset=\"https:\/\/promenaadimajad.ee\/wp-content\/uploads\/Picture1-1024x215.png 1024w, https:\/\/promenaadimajad.ee\/wp-content\/uploads\/Picture1-300x63.png 300w, https:\/\/promenaadimajad.ee\/wp-content\/uploads\/Picture1.png 1089w\" sizes=\"auto, (max-width: 1024px) 100vw, 1024px\" \/><\/p>\n<p>Kylpyammeella varustetuissa asunnoissa on Baltecon Senzo- tai Integra-kiviamme.\u00a0Saunaa l\u00e4mmitt\u00e4\u00e4 HUUMin Drop-kiuas, jota voi hallita my\u00f6s \u00e4lypuhelinsovelluksella ja Uku-ohjauskeskuksella.<\/p>\n<h1>Esittelyasunto valmiina!<\/h1>\n<p>Ota yhteytt\u00e4 ja tule tutustumaan!<\/p>\n<p>P\u00e4rle Raud<br \/>\n<a href=\"mailto:parle.raud@liven.ee\">parle.raud@liven.ee<\/a><br \/>\n+372 511 5153<\/p>\n","protected":false},"excerpt":{"rendered":"<p>Promenaadi maja asunnoissa on kaksi harkittua sisustuspakettia: Aamu (Hommik) ja Ilta (\u00d5htu). Kotinsa sisustaja voi halutessaan k\u00e4ytt\u00e4\u00e4 my\u00f6s sisustusarkkitehtien Helen Kolksin ja Kristiine L\u00f5ukin apua. &nbsp; Jokaisen asunnon lattiassa on tammiparketti ja valkoiset 90 mm:n jalkalistat. Sein\u00e4t on maalattu puolihimme\u00e4ll\u00e4 valkoisella maalilla. Eteisen lattia on p\u00e4\u00e4llystetty 60 \u00d7 60 cm:n kokoisilla laatoilla. Pesutilojen lattia on [&hellip;]<\/p>\n","protected":false},"author":5,"featured_media":2057,"parent":947,"menu_order":0,"comment_status":"closed","ping_status":"closed","template":"templates\/building-info.php","meta":{"_acf_changed":false,"inline_featured_image":false,"footnotes":""},"class_list":["post-952","page","type-page","status-publish","has-post-thumbnail","hentry"],"acf":[],"yoast_head":"<!-- This site is optimized with the Yoast SEO plugin v26.2 - https:\/\/yoast.com\/wordpress\/plugins\/seo\/ -->\n<title>Sisustus - Promenaadimaja<\/title>\n<meta name=\"robots\" content=\"index, follow, max-snippet:-1, max-image-preview:large, max-video-preview:-1\" \/>\n<link rel=\"canonical\" href=\"https:\/\/promenaadimajad.ee\/fi\/viimeistely\/kaupunkitalo\/\" \/>\n<meta property=\"og:locale\" content=\"fi_FI\" \/>\n<meta property=\"og:type\" content=\"article\" \/>\n<meta property=\"og:title\" content=\"Sisustus - Promenaadimaja\" \/>\n<meta property=\"og:description\" content=\"Promenaadi maja asunnoissa on kaksi harkittua sisustuspakettia: Aamu (Hommik) ja Ilta (\u00d5htu). Kotinsa sisustaja voi halutessaan k\u00e4ytt\u00e4\u00e4 my\u00f6s sisustusarkkitehtien Helen Kolksin ja Kristiine L\u00f5ukin apua. &nbsp; Jokaisen asunnon lattiassa on tammiparketti ja valkoiset 90 mm:n jalkalistat. Sein\u00e4t on maalattu puolihimme\u00e4ll\u00e4 valkoisella maalilla. Eteisen lattia on p\u00e4\u00e4llystetty 60 \u00d7 60 cm:n kokoisilla laatoilla. Pesutilojen lattia on [&hellip;]\" \/>\n<meta property=\"og:url\" content=\"https:\/\/promenaadimajad.ee\/fi\/viimeistely\/kaupunkitalo\/\" \/>\n<meta property=\"og:site_name\" content=\"Promenaadimaja\" \/>\n<meta property=\"article:modified_time\" content=\"2016-06-21T12:32:58+00:00\" \/>\n<meta property=\"og:image\" content=\"https:\/\/promenaadimajad.ee\/wp-content\/uploads\/sisepilt3_1.jpg\" \/>\n\t<meta property=\"og:image:width\" content=\"800\" \/>\n\t<meta property=\"og:image:height\" content=\"300\" \/>\n\t<meta property=\"og:image:type\" content=\"image\/jpeg\" \/>\n<meta name=\"twitter:card\" content=\"summary_large_image\" \/>\n<meta name=\"twitter:label1\" content=\"Arvioitu lukuaika\" \/>\n\t<meta name=\"twitter:data1\" content=\"1 minuutti\" \/>\n<script type=\"application\/ld+json\" class=\"yoast-schema-graph\">{\"@context\":\"https:\/\/schema.org\",\"@graph\":[{\"@type\":\"WebPage\",\"@id\":\"https:\/\/promenaadimajad.ee\/fi\/viimeistely\/kaupunkitalo\/\",\"url\":\"https:\/\/promenaadimajad.ee\/fi\/viimeistely\/kaupunkitalo\/\",\"name\":\"Sisustus - Promenaadimaja\",\"isPartOf\":{\"@id\":\"https:\/\/promenaadimajad.ee\/#website\"},\"primaryImageOfPage\":{\"@id\":\"https:\/\/promenaadimajad.ee\/fi\/viimeistely\/kaupunkitalo\/#primaryimage\"},\"image\":{\"@id\":\"https:\/\/promenaadimajad.ee\/fi\/viimeistely\/kaupunkitalo\/#primaryimage\"},\"thumbnailUrl\":\"https:\/\/promenaadimajad.ee\/wp-content\/uploads\/sisepilt3_1.jpg\",\"datePublished\":\"2016-03-10T14:18:54+00:00\",\"dateModified\":\"2016-06-21T12:32:58+00:00\",\"breadcrumb\":{\"@id\":\"https:\/\/promenaadimajad.ee\/fi\/viimeistely\/kaupunkitalo\/#breadcrumb\"},\"inLanguage\":\"fi\",\"potentialAction\":[{\"@type\":\"ReadAction\",\"target\":[\"https:\/\/promenaadimajad.ee\/fi\/viimeistely\/kaupunkitalo\/\"]}]},{\"@type\":\"ImageObject\",\"inLanguage\":\"fi\",\"@id\":\"https:\/\/promenaadimajad.ee\/fi\/viimeistely\/kaupunkitalo\/#primaryimage\",\"url\":\"https:\/\/promenaadimajad.ee\/wp-content\/uploads\/sisepilt3_1.jpg\",\"contentUrl\":\"https:\/\/promenaadimajad.ee\/wp-content\/uploads\/sisepilt3_1.jpg\",\"width\":800,\"height\":300},{\"@type\":\"BreadcrumbList\",\"@id\":\"https:\/\/promenaadimajad.ee\/fi\/viimeistely\/kaupunkitalo\/#breadcrumb\",\"itemListElement\":[{\"@type\":\"ListItem\",\"position\":1,\"name\":\"Home\",\"item\":\"https:\/\/promenaadimajad.ee\/fi\/\"},{\"@type\":\"ListItem\",\"position\":2,\"name\":\"VIIMEISTELY\",\"item\":\"https:\/\/promenaadimajad.ee\/fi\/viimeistely\/\"},{\"@type\":\"ListItem\",\"position\":3,\"name\":\"Sisustus\"}]},{\"@type\":\"WebSite\",\"@id\":\"https:\/\/promenaadimajad.ee\/#website\",\"url\":\"https:\/\/promenaadimajad.ee\/\",\"name\":\"Promenaadimaja\",\"description\":\"Kolm maja. Kolm elustiili. \u00dcks lummav vaade vanalinnale\",\"potentialAction\":[{\"@type\":\"SearchAction\",\"target\":{\"@type\":\"EntryPoint\",\"urlTemplate\":\"https:\/\/promenaadimajad.ee\/?s={search_term_string}\"},\"query-input\":{\"@type\":\"PropertyValueSpecification\",\"valueRequired\":true,\"valueName\":\"search_term_string\"}}],\"inLanguage\":\"fi\"}]}<\/script>\n<!-- \/ Yoast SEO plugin. -->","yoast_head_json":{"title":"Sisustus - Promenaadimaja","robots":{"index":"index","follow":"follow","max-snippet":"max-snippet:-1","max-image-preview":"max-image-preview:large","max-video-preview":"max-video-preview:-1"},"canonical":"https:\/\/promenaadimajad.ee\/fi\/viimeistely\/kaupunkitalo\/","og_locale":"fi_FI","og_type":"article","og_title":"Sisustus - Promenaadimaja","og_description":"Promenaadi maja asunnoissa on kaksi harkittua sisustuspakettia: Aamu (Hommik) ja Ilta (\u00d5htu). Kotinsa sisustaja voi halutessaan k\u00e4ytt\u00e4\u00e4 my\u00f6s sisustusarkkitehtien Helen Kolksin ja Kristiine L\u00f5ukin apua. &nbsp; Jokaisen asunnon lattiassa on tammiparketti ja valkoiset 90 mm:n jalkalistat. Sein\u00e4t on maalattu puolihimme\u00e4ll\u00e4 valkoisella maalilla. Eteisen lattia on p\u00e4\u00e4llystetty 60 \u00d7 60 cm:n kokoisilla laatoilla. Pesutilojen lattia on [&hellip;]","og_url":"https:\/\/promenaadimajad.ee\/fi\/viimeistely\/kaupunkitalo\/","og_site_name":"Promenaadimaja","article_modified_time":"2016-06-21T12:32:58+00:00","og_image":[{"width":800,"height":300,"url":"https:\/\/promenaadimajad.ee\/wp-content\/uploads\/sisepilt3_1.jpg","type":"image\/jpeg"}],"twitter_card":"summary_large_image","twitter_misc":{"Arvioitu lukuaika":"1 minuutti"},"schema":{"@context":"https:\/\/schema.org","@graph":[{"@type":"WebPage","@id":"https:\/\/promenaadimajad.ee\/fi\/viimeistely\/kaupunkitalo\/","url":"https:\/\/promenaadimajad.ee\/fi\/viimeistely\/kaupunkitalo\/","name":"Sisustus - Promenaadimaja","isPartOf":{"@id":"https:\/\/promenaadimajad.ee\/#website"},"primaryImageOfPage":{"@id":"https:\/\/promenaadimajad.ee\/fi\/viimeistely\/kaupunkitalo\/#primaryimage"},"image":{"@id":"https:\/\/promenaadimajad.ee\/fi\/viimeistely\/kaupunkitalo\/#primaryimage"},"thumbnailUrl":"https:\/\/promenaadimajad.ee\/wp-content\/uploads\/sisepilt3_1.jpg","datePublished":"2016-03-10T14:18:54+00:00","dateModified":"2016-06-21T12:32:58+00:00","breadcrumb":{"@id":"https:\/\/promenaadimajad.ee\/fi\/viimeistely\/kaupunkitalo\/#breadcrumb"},"inLanguage":"fi","potentialAction":[{"@type":"ReadAction","target":["https:\/\/promenaadimajad.ee\/fi\/viimeistely\/kaupunkitalo\/"]}]},{"@type":"ImageObject","inLanguage":"fi","@id":"https:\/\/promenaadimajad.ee\/fi\/viimeistely\/kaupunkitalo\/#primaryimage","url":"https:\/\/promenaadimajad.ee\/wp-content\/uploads\/sisepilt3_1.jpg","contentUrl":"https:\/\/promenaadimajad.ee\/wp-content\/uploads\/sisepilt3_1.jpg","width":800,"height":300},{"@type":"BreadcrumbList","@id":"https:\/\/promenaadimajad.ee\/fi\/viimeistely\/kaupunkitalo\/#breadcrumb","itemListElement":[{"@type":"ListItem","position":1,"name":"Home","item":"https:\/\/promenaadimajad.ee\/fi\/"},{"@type":"ListItem","position":2,"name":"VIIMEISTELY","item":"https:\/\/promenaadimajad.ee\/fi\/viimeistely\/"},{"@type":"ListItem","position":3,"name":"Sisustus"}]},{"@type":"WebSite","@id":"https:\/\/promenaadimajad.ee\/#website","url":"https:\/\/promenaadimajad.ee\/","name":"Promenaadimaja","description":"Kolm maja. Kolm elustiili. \u00dcks lummav vaade vanalinnale","potentialAction":[{"@type":"SearchAction","target":{"@type":"EntryPoint","urlTemplate":"https:\/\/promenaadimajad.ee\/?s={search_term_string}"},"query-input":{"@type":"PropertyValueSpecification","valueRequired":true,"valueName":"search_term_string"}}],"inLanguage":"fi"}]}},"_links":{"self":[{"href":"https:\/\/promenaadimajad.ee\/fi\/wp-json\/wp\/v2\/pages\/952","targetHints":{"allow":["GET"]}}],"collection":[{"href":"https:\/\/promenaadimajad.ee\/fi\/wp-json\/wp\/v2\/pages"}],"about":[{"href":"https:\/\/promenaadimajad.ee\/fi\/wp-json\/wp\/v2\/types\/page"}],"author":[{"embeddable":true,"href":"https:\/\/promenaadimajad.ee\/fi\/wp-json\/wp\/v2\/users\/5"}],"replies":[{"embeddable":true,"href":"https:\/\/promenaadimajad.ee\/fi\/wp-json\/wp\/v2\/comments?post=952"}],"version-history":[{"count":8,"href":"https:\/\/promenaadimajad.ee\/fi\/wp-json\/wp\/v2\/pages\/952\/revisions"}],"predecessor-version":[{"id":2883,"href":"https:\/\/promenaadimajad.ee\/fi\/wp-json\/wp\/v2\/pages\/952\/revisions\/2883"}],"up":[{"embeddable":true,"href":"https:\/\/promenaadimajad.ee\/fi\/wp-json\/wp\/v2\/pages\/947"}],"wp:featuredmedia":[{"embeddable":true,"href":"https:\/\/promenaadimajad.ee\/fi\/wp-json\/wp\/v2\/media\/2057"}],"wp:attachment":[{"href":"https:\/\/promenaadimajad.ee\/fi\/wp-json\/wp\/v2\/media?parent=952"}],"curies":[{"name":"wp","href":"https:\/\/api.w.org\/{rel}","templated":true}]}}