{"id":943,"date":"2016-03-10T15:40:31","date_gmt":"2016-03-10T13:40:31","guid":{"rendered":"http:\/\/promenaadimaja.ee\/fi\/projektist\/elukeskkond\/"},"modified":"2016-07-18T14:25:20","modified_gmt":"2016-07-18T11:25:20","slug":"elinymparisto","status":"publish","type":"page","link":"https:\/\/promenaadimajad.ee\/fi\/suunnittelu\/elinymparisto\/","title":{"rendered":"Elinymp\u00e4rist\u00f6"},"content":{"rendered":"<div class=\"page\" title=\"Page 12\">\n<div class=\"section\">\n<div class=\"layoutArea\">\n<div class=\"column\">\n<p class=\"small-title\">1. vaihe<\/p>\n<h3>Kaupunkitalo<\/h3>\n<p>Ylellinen kerrostalo, jossa on sis\u00e4atrium ja 43 asuntoa. Ensimm\u00e4isess\u00e4 kerroksessa avaa ovensa kahvila, jonka terassilta voi nauttia kauniista aamuista.<br \/>\n<a href=\"http:\/\/www.promenaadimajad.ee\/fi\/asunnot\/talot\/kaupunkitalo\" target=\"_self\">Kaupunkitalon asunnot &gt;<\/a><\/p>\n<p class=\"small-title\">2. vaihe<\/p>\n<h3>Perhetorni<\/h3>\n<p>Ainutlaatuinen viiden asunnon tornitalo: kussakin kerroksessa on vain yksi asunto, ja n\u00e4k\u00f6alat avautuvat kolmeen suuntaan. Perhetalo ja Perhetorni valmistuvat elokuussa 2017.<\/p>\n<h3>Perhetalo<\/h3>\n<p>Kompakti talo, joka vastaa parhaiten perhe-el\u00e4m\u00e4n tarpeita. Talon ensimm\u00e4isen kerroksen katolla sijaitsee aurinkoinen kattoterassi, joka toimii ylempien kerrosten sis\u00e4pihana ja jolla sijaitsee leikkikentt\u00e4. Perhetalo ja Perhetorni valmistuvat elokuussa 2017.<\/p>\n<p class=\"small-title\">3. vaihe<\/p>\n<h3>Yhdyskuntatalo<\/h3>\n<p>42 asunnon talo, jonka pihalla on monivuotisia koristekasveja sek\u00e4 pieni\u00e4 puita kasvava viheralue. Yhdyskuntatalon sis\u00e4piha on paikka, jossa talon asukkaat voivat viett\u00e4\u00e4 mukavasti aikaa perheen ja yst\u00e4vien parissa.<\/p>\n<\/div>\n<\/div>\n<\/div>\n<\/div>\n","protected":false},"excerpt":{"rendered":"<p>1. vaihe Kaupunkitalo Ylellinen kerrostalo, jossa on sis\u00e4atrium ja 43 asuntoa. Ensimm\u00e4isess\u00e4 kerroksessa avaa ovensa kahvila, jonka terassilta voi nauttia kauniista aamuista. Kaupunkitalon asunnot &gt; 2. vaihe Perhetorni Ainutlaatuinen viiden asunnon tornitalo: kussakin kerroksessa on vain yksi asunto, ja n\u00e4k\u00f6alat avautuvat kolmeen suuntaan. Perhetalo ja Perhetorni valmistuvat elokuussa 2017. Perhetalo Kompakti talo, joka vastaa parhaiten [&hellip;]<\/p>\n","protected":false},"author":5,"featured_media":0,"parent":929,"menu_order":0,"comment_status":"closed","ping_status":"closed","template":"","meta":{"_acf_changed":false,"inline_featured_image":false,"footnotes":""},"class_list":["post-943","page","type-page","status-publish","hentry"],"acf":[],"yoast_head":"<!-- This site is optimized with the Yoast SEO plugin v26.2 - https:\/\/yoast.com\/wordpress\/plugins\/seo\/ -->\n<title>Elinymp\u00e4rist\u00f6 - Promenaadimaja<\/title>\n<meta name=\"robots\" content=\"index, follow, max-snippet:-1, max-image-preview:large, max-video-preview:-1\" \/>\n<link rel=\"canonical\" href=\"https:\/\/promenaadimajad.ee\/fi\/suunnittelu\/elinymparisto\/\" \/>\n<meta property=\"og:locale\" content=\"fi_FI\" \/>\n<meta property=\"og:type\" content=\"article\" \/>\n<meta property=\"og:title\" content=\"Elinymp\u00e4rist\u00f6 - Promenaadimaja\" \/>\n<meta property=\"og:description\" content=\"1. vaihe Kaupunkitalo Ylellinen kerrostalo, jossa on sis\u00e4atrium ja 43 asuntoa. Ensimm\u00e4isess\u00e4 kerroksessa avaa ovensa kahvila, jonka terassilta voi nauttia kauniista aamuista. Kaupunkitalon asunnot &gt; 2. vaihe Perhetorni Ainutlaatuinen viiden asunnon tornitalo: kussakin kerroksessa on vain yksi asunto, ja n\u00e4k\u00f6alat avautuvat kolmeen suuntaan. Perhetalo ja Perhetorni valmistuvat elokuussa 2017. Perhetalo Kompakti talo, joka vastaa parhaiten [&hellip;]\" \/>\n<meta property=\"og:url\" content=\"https:\/\/promenaadimajad.ee\/fi\/suunnittelu\/elinymparisto\/\" \/>\n<meta property=\"og:site_name\" content=\"Promenaadimaja\" \/>\n<meta property=\"article:modified_time\" content=\"2016-07-18T11:25:20+00:00\" \/>\n<meta name=\"twitter:card\" content=\"summary_large_image\" \/>\n<meta name=\"twitter:label1\" content=\"Arvioitu lukuaika\" \/>\n\t<meta name=\"twitter:data1\" content=\"1 minuutti\" \/>\n<script type=\"application\/ld+json\" class=\"yoast-schema-graph\">{\"@context\":\"https:\/\/schema.org\",\"@graph\":[{\"@type\":\"WebPage\",\"@id\":\"https:\/\/promenaadimajad.ee\/fi\/suunnittelu\/elinymparisto\/\",\"url\":\"https:\/\/promenaadimajad.ee\/fi\/suunnittelu\/elinymparisto\/\",\"name\":\"Elinymp\u00e4rist\u00f6 - Promenaadimaja\",\"isPartOf\":{\"@id\":\"https:\/\/promenaadimajad.ee\/#website\"},\"datePublished\":\"2016-03-10T13:40:31+00:00\",\"dateModified\":\"2016-07-18T11:25:20+00:00\",\"breadcrumb\":{\"@id\":\"https:\/\/promenaadimajad.ee\/fi\/suunnittelu\/elinymparisto\/#breadcrumb\"},\"inLanguage\":\"fi\",\"potentialAction\":[{\"@type\":\"ReadAction\",\"target\":[\"https:\/\/promenaadimajad.ee\/fi\/suunnittelu\/elinymparisto\/\"]}]},{\"@type\":\"BreadcrumbList\",\"@id\":\"https:\/\/promenaadimajad.ee\/fi\/suunnittelu\/elinymparisto\/#breadcrumb\",\"itemListElement\":[{\"@type\":\"ListItem\",\"position\":1,\"name\":\"Home\",\"item\":\"https:\/\/promenaadimajad.ee\/fi\/\"},{\"@type\":\"ListItem\",\"position\":2,\"name\":\"Suunnittelu\",\"item\":\"https:\/\/promenaadimajad.ee\/fi\/suunnittelu\/\"},{\"@type\":\"ListItem\",\"position\":3,\"name\":\"Elinymp\u00e4rist\u00f6\"}]},{\"@type\":\"WebSite\",\"@id\":\"https:\/\/promenaadimajad.ee\/#website\",\"url\":\"https:\/\/promenaadimajad.ee\/\",\"name\":\"Promenaadimaja\",\"description\":\"Kolm maja. Kolm elustiili. \u00dcks lummav vaade vanalinnale\",\"potentialAction\":[{\"@type\":\"SearchAction\",\"target\":{\"@type\":\"EntryPoint\",\"urlTemplate\":\"https:\/\/promenaadimajad.ee\/?s={search_term_string}\"},\"query-input\":{\"@type\":\"PropertyValueSpecification\",\"valueRequired\":true,\"valueName\":\"search_term_string\"}}],\"inLanguage\":\"fi\"}]}<\/script>\n<!-- \/ Yoast SEO plugin. -->","yoast_head_json":{"title":"Elinymp\u00e4rist\u00f6 - Promenaadimaja","robots":{"index":"index","follow":"follow","max-snippet":"max-snippet:-1","max-image-preview":"max-image-preview:large","max-video-preview":"max-video-preview:-1"},"canonical":"https:\/\/promenaadimajad.ee\/fi\/suunnittelu\/elinymparisto\/","og_locale":"fi_FI","og_type":"article","og_title":"Elinymp\u00e4rist\u00f6 - Promenaadimaja","og_description":"1. vaihe Kaupunkitalo Ylellinen kerrostalo, jossa on sis\u00e4atrium ja 43 asuntoa. Ensimm\u00e4isess\u00e4 kerroksessa avaa ovensa kahvila, jonka terassilta voi nauttia kauniista aamuista. Kaupunkitalon asunnot &gt; 2. vaihe Perhetorni Ainutlaatuinen viiden asunnon tornitalo: kussakin kerroksessa on vain yksi asunto, ja n\u00e4k\u00f6alat avautuvat kolmeen suuntaan. Perhetalo ja Perhetorni valmistuvat elokuussa 2017. Perhetalo Kompakti talo, joka vastaa parhaiten [&hellip;]","og_url":"https:\/\/promenaadimajad.ee\/fi\/suunnittelu\/elinymparisto\/","og_site_name":"Promenaadimaja","article_modified_time":"2016-07-18T11:25:20+00:00","twitter_card":"summary_large_image","twitter_misc":{"Arvioitu lukuaika":"1 minuutti"},"schema":{"@context":"https:\/\/schema.org","@graph":[{"@type":"WebPage","@id":"https:\/\/promenaadimajad.ee\/fi\/suunnittelu\/elinymparisto\/","url":"https:\/\/promenaadimajad.ee\/fi\/suunnittelu\/elinymparisto\/","name":"Elinymp\u00e4rist\u00f6 - Promenaadimaja","isPartOf":{"@id":"https:\/\/promenaadimajad.ee\/#website"},"datePublished":"2016-03-10T13:40:31+00:00","dateModified":"2016-07-18T11:25:20+00:00","breadcrumb":{"@id":"https:\/\/promenaadimajad.ee\/fi\/suunnittelu\/elinymparisto\/#breadcrumb"},"inLanguage":"fi","potentialAction":[{"@type":"ReadAction","target":["https:\/\/promenaadimajad.ee\/fi\/suunnittelu\/elinymparisto\/"]}]},{"@type":"BreadcrumbList","@id":"https:\/\/promenaadimajad.ee\/fi\/suunnittelu\/elinymparisto\/#breadcrumb","itemListElement":[{"@type":"ListItem","position":1,"name":"Home","item":"https:\/\/promenaadimajad.ee\/fi\/"},{"@type":"ListItem","position":2,"name":"Suunnittelu","item":"https:\/\/promenaadimajad.ee\/fi\/suunnittelu\/"},{"@type":"ListItem","position":3,"name":"Elinymp\u00e4rist\u00f6"}]},{"@type":"WebSite","@id":"https:\/\/promenaadimajad.ee\/#website","url":"https:\/\/promenaadimajad.ee\/","name":"Promenaadimaja","description":"Kolm maja. Kolm elustiili. \u00dcks lummav vaade vanalinnale","potentialAction":[{"@type":"SearchAction","target":{"@type":"EntryPoint","urlTemplate":"https:\/\/promenaadimajad.ee\/?s={search_term_string}"},"query-input":{"@type":"PropertyValueSpecification","valueRequired":true,"valueName":"search_term_string"}}],"inLanguage":"fi"}]}},"_links":{"self":[{"href":"https:\/\/promenaadimajad.ee\/fi\/wp-json\/wp\/v2\/pages\/943","targetHints":{"allow":["GET"]}}],"collection":[{"href":"https:\/\/promenaadimajad.ee\/fi\/wp-json\/wp\/v2\/pages"}],"about":[{"href":"https:\/\/promenaadimajad.ee\/fi\/wp-json\/wp\/v2\/types\/page"}],"author":[{"embeddable":true,"href":"https:\/\/promenaadimajad.ee\/fi\/wp-json\/wp\/v2\/users\/5"}],"replies":[{"embeddable":true,"href":"https:\/\/promenaadimajad.ee\/fi\/wp-json\/wp\/v2\/comments?post=943"}],"version-history":[{"count":3,"href":"https:\/\/promenaadimajad.ee\/fi\/wp-json\/wp\/v2\/pages\/943\/revisions"}],"predecessor-version":[{"id":2975,"href":"https:\/\/promenaadimajad.ee\/fi\/wp-json\/wp\/v2\/pages\/943\/revisions\/2975"}],"up":[{"embeddable":true,"href":"https:\/\/promenaadimajad.ee\/fi\/wp-json\/wp\/v2\/pages\/929"}],"wp:attachment":[{"href":"https:\/\/promenaadimajad.ee\/fi\/wp-json\/wp\/v2\/media?parent=943"}],"curies":[{"name":"wp","href":"https:\/\/api.w.org\/{rel}","templated":true}]}}