{"id":933,"date":"2016-03-10T15:26:35","date_gmt":"2016-03-10T13:26:35","guid":{"rendered":"http:\/\/promenaadimaja.ee\/fi\/projektist\/arhitekti-sonad\/"},"modified":"2016-03-16T18:06:24","modified_gmt":"2016-03-16T16:06:24","slug":"arkkitehdin-sanat","status":"publish","type":"page","link":"https:\/\/promenaadimajad.ee\/fi\/suunnittelu\/arkkitehdin-sanat\/","title":{"rendered":"Arkkitehdin sanat"},"content":{"rendered":"<p>Kilpailuty\u00f6 sis\u00e4lt\u00e4\u00e4 nelj\u00e4 eri-ilmeist\u00e4 kerrostaloa alueella, jonka kehitt\u00e4mispotentiaali on Tallinnan suurimpia.<\/p>\n<p>Katutasolla sijaitsevat liiketilat, jotka luovat Admiraliteedi-korttelin promenadille kaupunkimaisen ilmapiirin.<\/p>\n<p>T\u00e4m\u00e4 hanke tarkoittaa vuosikausia kaupungin k\u00e4yntikorttina olleen alueen uudelleensynty\u00e4, Tallinnan laajenemista mereen asti ja uuden tiiviin kaupunkimaisen alueen alkua.<\/p>\n<p>Rakennusten ratkaisu noudattaa kaikkia kaupungin vaatimuksia ja edustaa nykyaikaista el\u00e4m\u00e4nlaatua vanhankaupungin naapuruudessa.<\/p>\n<p>Talot poikkeavat toisistaan funktionaalisilta ja emotionaalisilta ominaisuuksiltaan ja kullakin on selv\u00e4 identiteettins\u00e4 yhdyskunta-, perhe- ja kaupunkitalona.<\/p>\n<p>Kalle Komissarov<\/p>\n<p>arkkitehti, A11<\/p>\n","protected":false},"excerpt":{"rendered":"<p>Kilpailuty\u00f6 sis\u00e4lt\u00e4\u00e4 nelj\u00e4 eri-ilmeist\u00e4 kerrostaloa alueella, jonka kehitt\u00e4mispotentiaali on Tallinnan suurimpia. Katutasolla sijaitsevat liiketilat, jotka luovat Admiraliteedi-korttelin promenadille kaupunkimaisen ilmapiirin. T\u00e4m\u00e4 hanke tarkoittaa vuosikausia kaupungin k\u00e4yntikorttina olleen alueen uudelleensynty\u00e4, Tallinnan laajenemista mereen asti ja uuden tiiviin kaupunkimaisen alueen alkua. Rakennusten ratkaisu noudattaa kaikkia kaupungin vaatimuksia ja edustaa nykyaikaista el\u00e4m\u00e4nlaatua vanhankaupungin naapuruudessa. Talot poikkeavat toisistaan funktionaalisilta [&hellip;]<\/p>\n","protected":false},"author":5,"featured_media":0,"parent":929,"menu_order":0,"comment_status":"closed","ping_status":"closed","template":"","meta":{"_acf_changed":false,"inline_featured_image":false,"footnotes":""},"class_list":["post-933","page","type-page","status-publish","hentry"],"acf":[],"yoast_head":"<!-- This site is optimized with the Yoast SEO plugin v26.2 - https:\/\/yoast.com\/wordpress\/plugins\/seo\/ -->\n<title>Arkkitehdin sanat - Promenaadimaja<\/title>\n<meta name=\"robots\" content=\"index, follow, max-snippet:-1, max-image-preview:large, max-video-preview:-1\" \/>\n<link rel=\"canonical\" href=\"https:\/\/promenaadimajad.ee\/fi\/suunnittelu\/arkkitehdin-sanat\/\" \/>\n<meta property=\"og:locale\" content=\"fi_FI\" \/>\n<meta property=\"og:type\" content=\"article\" \/>\n<meta property=\"og:title\" content=\"Arkkitehdin sanat - Promenaadimaja\" \/>\n<meta property=\"og:description\" content=\"Kilpailuty\u00f6 sis\u00e4lt\u00e4\u00e4 nelj\u00e4 eri-ilmeist\u00e4 kerrostaloa alueella, jonka kehitt\u00e4mispotentiaali on Tallinnan suurimpia. Katutasolla sijaitsevat liiketilat, jotka luovat Admiraliteedi-korttelin promenadille kaupunkimaisen ilmapiirin. T\u00e4m\u00e4 hanke tarkoittaa vuosikausia kaupungin k\u00e4yntikorttina olleen alueen uudelleensynty\u00e4, Tallinnan laajenemista mereen asti ja uuden tiiviin kaupunkimaisen alueen alkua. Rakennusten ratkaisu noudattaa kaikkia kaupungin vaatimuksia ja edustaa nykyaikaista el\u00e4m\u00e4nlaatua vanhankaupungin naapuruudessa. Talot poikkeavat toisistaan funktionaalisilta [&hellip;]\" \/>\n<meta property=\"og:url\" content=\"https:\/\/promenaadimajad.ee\/fi\/suunnittelu\/arkkitehdin-sanat\/\" \/>\n<meta property=\"og:site_name\" content=\"Promenaadimaja\" \/>\n<meta property=\"article:modified_time\" content=\"2016-03-16T16:06:24+00:00\" \/>\n<meta name=\"twitter:card\" content=\"summary_large_image\" \/>\n<script type=\"application\/ld+json\" class=\"yoast-schema-graph\">{\"@context\":\"https:\/\/schema.org\",\"@graph\":[{\"@type\":\"WebPage\",\"@id\":\"https:\/\/promenaadimajad.ee\/fi\/suunnittelu\/arkkitehdin-sanat\/\",\"url\":\"https:\/\/promenaadimajad.ee\/fi\/suunnittelu\/arkkitehdin-sanat\/\",\"name\":\"Arkkitehdin sanat - Promenaadimaja\",\"isPartOf\":{\"@id\":\"https:\/\/promenaadimajad.ee\/#website\"},\"datePublished\":\"2016-03-10T13:26:35+00:00\",\"dateModified\":\"2016-03-16T16:06:24+00:00\",\"breadcrumb\":{\"@id\":\"https:\/\/promenaadimajad.ee\/fi\/suunnittelu\/arkkitehdin-sanat\/#breadcrumb\"},\"inLanguage\":\"fi\",\"potentialAction\":[{\"@type\":\"ReadAction\",\"target\":[\"https:\/\/promenaadimajad.ee\/fi\/suunnittelu\/arkkitehdin-sanat\/\"]}]},{\"@type\":\"BreadcrumbList\",\"@id\":\"https:\/\/promenaadimajad.ee\/fi\/suunnittelu\/arkkitehdin-sanat\/#breadcrumb\",\"itemListElement\":[{\"@type\":\"ListItem\",\"position\":1,\"name\":\"Home\",\"item\":\"https:\/\/promenaadimajad.ee\/fi\/\"},{\"@type\":\"ListItem\",\"position\":2,\"name\":\"Suunnittelu\",\"item\":\"https:\/\/promenaadimajad.ee\/fi\/suunnittelu\/\"},{\"@type\":\"ListItem\",\"position\":3,\"name\":\"Arkkitehdin sanat\"}]},{\"@type\":\"WebSite\",\"@id\":\"https:\/\/promenaadimajad.ee\/#website\",\"url\":\"https:\/\/promenaadimajad.ee\/\",\"name\":\"Promenaadimaja\",\"description\":\"Kolm maja. Kolm elustiili. \u00dcks lummav vaade vanalinnale\",\"potentialAction\":[{\"@type\":\"SearchAction\",\"target\":{\"@type\":\"EntryPoint\",\"urlTemplate\":\"https:\/\/promenaadimajad.ee\/?s={search_term_string}\"},\"query-input\":{\"@type\":\"PropertyValueSpecification\",\"valueRequired\":true,\"valueName\":\"search_term_string\"}}],\"inLanguage\":\"fi\"}]}<\/script>\n<!-- \/ Yoast SEO plugin. -->","yoast_head_json":{"title":"Arkkitehdin sanat - Promenaadimaja","robots":{"index":"index","follow":"follow","max-snippet":"max-snippet:-1","max-image-preview":"max-image-preview:large","max-video-preview":"max-video-preview:-1"},"canonical":"https:\/\/promenaadimajad.ee\/fi\/suunnittelu\/arkkitehdin-sanat\/","og_locale":"fi_FI","og_type":"article","og_title":"Arkkitehdin sanat - Promenaadimaja","og_description":"Kilpailuty\u00f6 sis\u00e4lt\u00e4\u00e4 nelj\u00e4 eri-ilmeist\u00e4 kerrostaloa alueella, jonka kehitt\u00e4mispotentiaali on Tallinnan suurimpia. Katutasolla sijaitsevat liiketilat, jotka luovat Admiraliteedi-korttelin promenadille kaupunkimaisen ilmapiirin. T\u00e4m\u00e4 hanke tarkoittaa vuosikausia kaupungin k\u00e4yntikorttina olleen alueen uudelleensynty\u00e4, Tallinnan laajenemista mereen asti ja uuden tiiviin kaupunkimaisen alueen alkua. Rakennusten ratkaisu noudattaa kaikkia kaupungin vaatimuksia ja edustaa nykyaikaista el\u00e4m\u00e4nlaatua vanhankaupungin naapuruudessa. Talot poikkeavat toisistaan funktionaalisilta [&hellip;]","og_url":"https:\/\/promenaadimajad.ee\/fi\/suunnittelu\/arkkitehdin-sanat\/","og_site_name":"Promenaadimaja","article_modified_time":"2016-03-16T16:06:24+00:00","twitter_card":"summary_large_image","schema":{"@context":"https:\/\/schema.org","@graph":[{"@type":"WebPage","@id":"https:\/\/promenaadimajad.ee\/fi\/suunnittelu\/arkkitehdin-sanat\/","url":"https:\/\/promenaadimajad.ee\/fi\/suunnittelu\/arkkitehdin-sanat\/","name":"Arkkitehdin sanat - Promenaadimaja","isPartOf":{"@id":"https:\/\/promenaadimajad.ee\/#website"},"datePublished":"2016-03-10T13:26:35+00:00","dateModified":"2016-03-16T16:06:24+00:00","breadcrumb":{"@id":"https:\/\/promenaadimajad.ee\/fi\/suunnittelu\/arkkitehdin-sanat\/#breadcrumb"},"inLanguage":"fi","potentialAction":[{"@type":"ReadAction","target":["https:\/\/promenaadimajad.ee\/fi\/suunnittelu\/arkkitehdin-sanat\/"]}]},{"@type":"BreadcrumbList","@id":"https:\/\/promenaadimajad.ee\/fi\/suunnittelu\/arkkitehdin-sanat\/#breadcrumb","itemListElement":[{"@type":"ListItem","position":1,"name":"Home","item":"https:\/\/promenaadimajad.ee\/fi\/"},{"@type":"ListItem","position":2,"name":"Suunnittelu","item":"https:\/\/promenaadimajad.ee\/fi\/suunnittelu\/"},{"@type":"ListItem","position":3,"name":"Arkkitehdin sanat"}]},{"@type":"WebSite","@id":"https:\/\/promenaadimajad.ee\/#website","url":"https:\/\/promenaadimajad.ee\/","name":"Promenaadimaja","description":"Kolm maja. Kolm elustiili. \u00dcks lummav vaade vanalinnale","potentialAction":[{"@type":"SearchAction","target":{"@type":"EntryPoint","urlTemplate":"https:\/\/promenaadimajad.ee\/?s={search_term_string}"},"query-input":{"@type":"PropertyValueSpecification","valueRequired":true,"valueName":"search_term_string"}}],"inLanguage":"fi"}]}},"_links":{"self":[{"href":"https:\/\/promenaadimajad.ee\/fi\/wp-json\/wp\/v2\/pages\/933","targetHints":{"allow":["GET"]}}],"collection":[{"href":"https:\/\/promenaadimajad.ee\/fi\/wp-json\/wp\/v2\/pages"}],"about":[{"href":"https:\/\/promenaadimajad.ee\/fi\/wp-json\/wp\/v2\/types\/page"}],"author":[{"embeddable":true,"href":"https:\/\/promenaadimajad.ee\/fi\/wp-json\/wp\/v2\/users\/5"}],"replies":[{"embeddable":true,"href":"https:\/\/promenaadimajad.ee\/fi\/wp-json\/wp\/v2\/comments?post=933"}],"version-history":[{"count":2,"href":"https:\/\/promenaadimajad.ee\/fi\/wp-json\/wp\/v2\/pages\/933\/revisions"}],"predecessor-version":[{"id":1727,"href":"https:\/\/promenaadimajad.ee\/fi\/wp-json\/wp\/v2\/pages\/933\/revisions\/1727"}],"up":[{"embeddable":true,"href":"https:\/\/promenaadimajad.ee\/fi\/wp-json\/wp\/v2\/pages\/929"}],"wp:attachment":[{"href":"https:\/\/promenaadimajad.ee\/fi\/wp-json\/wp\/v2\/media?parent=933"}],"curies":[{"name":"wp","href":"https:\/\/api.w.org\/{rel}","templated":true}]}}