{"id":924,"date":"2016-03-14T12:08:31","date_gmt":"2016-03-14T10:08:31","guid":{"rendered":"http:\/\/promenaadimaja.ee\/fi\/parkimine-ja-panipaigad\/parkimiskorrus-2\/"},"modified":"2016-11-22T15:38:59","modified_gmt":"2016-11-22T13:38:59","slug":"2-pysakointikerros","status":"publish","type":"page","link":"https:\/\/promenaadimajad.ee\/fi\/pysakointi-ja-sailytystilat\/2-pysakointikerros\/","title":{"rendered":"-2 pys\u00e4k\u00f6intikerros"},"content":{"rendered":"<div class=\"row\">\n<div class=\"columns large-12\"><img decoding=\"async\" class=\"right\" src=\"https:\/\/promenaadimajad.ee\/static\/parkla-2.jpg\" alt=\"\" \/><\/div>\n<div class=\"columns large-6\">\n<h3>Autopaikat<\/h3>\n<table>\n<thead>\n<tr>\n<th class=\"center\">Autopaikka<\/th>\n<th class=\"center\">Koko m<sup>2<\/sup><\/th>\n<th class=\"center\">Hinta \u20ac<\/th>\n<\/tr>\n<\/thead>\n<tbody>\n<tr>\n<td>P1<\/td>\n<td>16,7<\/td>\n<td>24215<\/td>\n<\/tr>\n<tr>\n<td>P2<\/td>\n<td>12,5<\/td>\n<td>18125<\/td>\n<\/tr>\n<tr>\n<td>P3<\/td>\n<td>14<\/td>\n<td>20300<\/td>\n<\/tr>\n<tr>\n<td>P4<\/td>\n<td>21,1<\/td>\n<td>25000<\/td>\n<\/tr>\n<tr>\n<td>P5<\/td>\n<td>18,2<\/td>\n<td>25000<\/td>\n<\/tr>\n<tr>\n<td>P6<\/td>\n<td>18,2<\/td>\n<td>25000<\/td>\n<\/tr>\n<tr>\n<td>P7<\/td>\n<td>13<\/td>\n<td>18850<\/td>\n<\/tr>\n<tr>\n<td>P8<\/td>\n<td>12,4<\/td>\n<td>17980<\/td>\n<\/tr>\n<tr>\n<td>P9<\/td>\n<td>13<\/td>\n<td>18850<\/td>\n<\/tr>\n<tr>\n<td>P10<\/td>\n<td>13<\/td>\n<td>18850<\/td>\n<\/tr>\n<tr>\n<td>P11<\/td>\n<td>12,4<\/td>\n<td>17890<\/td>\n<\/tr>\n<tr>\n<td>P12<\/td>\n<td>13,2<\/td>\n<td>19140<\/td>\n<\/tr>\n<tr>\n<td>P13<\/td>\n<td>16<\/td>\n<td>23200<\/td>\n<\/tr>\n<tr>\n<td>P14<\/td>\n<td>16,5<\/td>\n<td>23925<\/td>\n<\/tr>\n<tr>\n<td>P15<\/td>\n<td>21,2<\/td>\n<td>25000<\/td>\n<\/tr>\n<tr>\n<td>P16<\/td>\n<td>21<\/td>\n<td>25000<\/td>\n<\/tr>\n<tr>\n<td>P17<\/td>\n<td>15,8<\/td>\n<td>22910<\/td>\n<\/tr>\n<tr>\n<td>P18<\/td>\n<td>13,3<\/td>\n<td>19285<\/td>\n<\/tr>\n<tr>\n<td>P19<\/td>\n<td>12,5<\/td>\n<td>18125<\/td>\n<\/tr>\n<tr>\n<td>P20<\/td>\n<td>13,3<\/td>\n<td>19295<\/td>\n<\/tr>\n<tr>\n<td>P21<\/td>\n<td>13,3<\/td>\n<td>19285<\/td>\n<\/tr>\n<tr>\n<td>P22<\/td>\n<td>12,5<\/td>\n<td>18125<\/td>\n<\/tr>\n<tr>\n<td>P23<\/td>\n<td>13,3<\/td>\n<td>19285<\/td>\n<\/tr>\n<tr>\n<td>P24<\/td>\n<td>15,2<\/td>\n<td>22040<\/td>\n<\/tr>\n<tr>\n<td>P25<\/td>\n<td>13,3<\/td>\n<td>19285<\/td>\n<\/tr>\n<tr>\n<td>P26<\/td>\n<td>12,5<\/td>\n<td>18125<\/td>\n<\/tr>\n<tr>\n<td>P27<\/td>\n<td>12,5<\/td>\n<td>18125<\/td>\n<\/tr>\n<tr>\n<td>P28<\/td>\n<td>12,5<\/td>\n<td>18125<\/td>\n<\/tr>\n<tr>\n<td>P29<\/td>\n<td>12,5<\/td>\n<td>18125<\/td>\n<\/tr>\n<tr>\n<td>P30<\/td>\n<td>12,5<\/td>\n<td>18125<\/td>\n<\/tr>\n<tr>\n<td>P31<\/td>\n<td>12,5<\/td>\n<td>18125<\/td>\n<\/tr>\n<tr>\n<td>P32<\/td>\n<td>12,5<\/td>\n<td>Reserved<\/td>\n<\/tr>\n<tr>\n<td>P33<\/td>\n<td>13,3<\/td>\n<td>19285<\/td>\n<\/tr>\n<tr>\n<td>P34<\/td>\n<td>15,2<\/td>\n<td>22040<\/td>\n<\/tr>\n<tr>\n<td>P35<\/td>\n<td>13,3<\/td>\n<td>19285<\/td>\n<\/tr>\n<tr>\n<td>P36<\/td>\n<td>12,5<\/td>\n<td>18125<\/td>\n<\/tr>\n<tr>\n<td>P37<\/td>\n<td>13,3<\/td>\n<td>19285<\/td>\n<\/tr>\n<tr>\n<td>P38<\/td>\n<td>13,3<\/td>\n<td>19285<\/td>\n<\/tr>\n<tr>\n<td>P39<\/td>\n<td>12,5<\/td>\n<td>Sold<\/td>\n<\/tr>\n<tr>\n<td>P40<\/td>\n<td>13,3<\/td>\n<td>19285<\/td>\n<\/tr>\n<tr>\n<td>P41<\/td>\n<td>15,8<\/td>\n<td>22910<\/td>\n<\/tr>\n<tr>\n<td>P42<\/td>\n<td>21<\/td>\n<td>25000<\/td>\n<\/tr>\n<tr>\n<td>P43<\/td>\n<td>21,2<\/td>\n<td>25000<\/td>\n<\/tr>\n<tr>\n<td>P44<\/td>\n<td>16,5<\/td>\n<td>23925<\/td>\n<\/tr>\n<tr>\n<td>P45<\/td>\n<td>13,8<\/td>\n<td>20010<\/td>\n<\/tr>\n<tr>\n<td>P46<\/td>\n<td>16<\/td>\n<td>23200<\/td>\n<\/tr>\n<tr>\n<td>P47<\/td>\n<td>15,4<\/td>\n<td>22330<\/td>\n<\/tr>\n<tr>\n<td>P48<\/td>\n<td>15,4<\/td>\n<td>22330<\/td>\n<\/tr>\n<tr>\n<td>P49<\/td>\n<td>14,6<\/td>\n<td>21170<\/td>\n<\/tr>\n<tr>\n<td>P50<\/td>\n<td>15,9<\/td>\n<td>23055<\/td>\n<\/tr>\n<tr>\n<td>P51<\/td>\n<td>13,6<\/td>\n<td>19720<\/td>\n<\/tr>\n<tr>\n<td>P52<\/td>\n<td>13,6<\/td>\n<td>19720<\/td>\n<\/tr>\n<tr>\n<td>P53<\/td>\n<td>12,5<\/td>\n<td>18125<\/td>\n<\/tr>\n<tr>\n<td>P54<\/td>\n<td>12,5<\/td>\n<td>18125<\/td>\n<\/tr>\n<tr>\n<td>P55<\/td>\n<td>14,3<\/td>\n<td>20735<\/td>\n<\/tr>\n<tr>\n<td>P56<\/td>\n<td>12,9<\/td>\n<td>18705<\/td>\n<\/tr>\n<tr>\n<td>P57<\/td>\n<td>12,5<\/td>\n<td>18125<\/td>\n<\/tr>\n<tr>\n<td>P58<\/td>\n<td>18<\/td>\n<td>Sold<\/td>\n<\/tr>\n<tr>\n<td>P59<\/td>\n<td>13,7<\/td>\n<td>Sold<\/td>\n<\/tr>\n<tr>\n<td>P60<\/td>\n<td>12,5<\/td>\n<td>Sold<\/td>\n<\/tr>\n<tr>\n<td>P61<\/td>\n<td>12,5<\/td>\n<td>Sold<\/td>\n<\/tr>\n<tr>\n<td>P62<\/td>\n<td>13,2<\/td>\n<td>Sold<\/td>\n<\/tr>\n<tr>\n<td>P63<\/td>\n<td>19<\/td>\n<td>Sold<\/td>\n<\/tr>\n<tr>\n<td>P64<\/td>\n<td>14,7<\/td>\n<td>21315<\/td>\n<\/tr>\n<tr>\n<td>P65<\/td>\n<td>12,5<\/td>\n<td>Sold<\/td>\n<\/tr>\n<tr>\n<td>P66<\/td>\n<td>12,5<\/td>\n<td>Sold<\/td>\n<\/tr>\n<tr>\n<td>P67<\/td>\n<td>12,5<\/td>\n<td>Sold<\/td>\n<\/tr>\n<tr>\n<td>P68<\/td>\n<td>12,5<\/td>\n<td>18125<\/td>\n<\/tr>\n<tr>\n<td>P69<\/td>\n<td>13,7<\/td>\n<td>Sold<\/td>\n<\/tr>\n<tr>\n<td>P70<\/td>\n<td>14,1<\/td>\n<td>20445<\/td>\n<\/tr>\n<tr>\n<td>P71<\/td>\n<td>15,2<\/td>\n<td>22040<\/td>\n<\/tr>\n<tr>\n<td>P72<\/td>\n<td>14<\/td>\n<td>20300<\/td>\n<\/tr>\n<tr>\n<td>P73<\/td>\n<td>12,5<\/td>\n<td>Sold<\/td>\n<\/tr>\n<tr>\n<td>P74<\/td>\n<td>12,5<\/td>\n<td>Sold<\/td>\n<\/tr>\n<tr>\n<td>P75<\/td>\n<td>12,5<\/td>\n<td>Sold<\/td>\n<\/tr>\n<tr>\n<td>P76<\/td>\n<td>12,5<\/td>\n<td>Sold<\/td>\n<\/tr>\n<tr>\n<td>P77<\/td>\n<td>12,5<\/td>\n<td>Sold<\/td>\n<\/tr>\n<tr>\n<td>P78<\/td>\n<td>12,5<\/td>\n<td>Sold<\/td>\n<\/tr>\n<tr>\n<td>P79<\/td>\n<td>12,5<\/td>\n<td>Sold<\/td>\n<\/tr>\n<tr>\n<td>P80<\/td>\n<td>16,8<\/td>\n<td>Sold<\/td>\n<\/tr>\n<tr>\n<td>P81<\/td>\n<td>14<\/td>\n<td>Sold<\/td>\n<\/tr>\n<tr>\n<td>P82<\/td>\n<td>12,5<\/td>\n<td>Sold<\/td>\n<\/tr>\n<tr>\n<td>P83<\/td>\n<td>15<\/td>\n<td>Sold<\/td>\n<\/tr>\n<tr>\n<td>P84<\/td>\n<td>16,3<\/td>\n<td>Sold<\/td>\n<\/tr>\n<tr>\n<td>P85<\/td>\n<td>15,5<\/td>\n<td>Sold<\/td>\n<\/tr>\n<tr>\n<td>P86<\/td>\n<td>14,6<\/td>\n<td>Sold<\/td>\n<\/tr>\n<tr>\n<td>P87<\/td>\n<td>14,1<\/td>\n<td>Sold<\/td>\n<\/tr>\n<tr>\n<td>P88<\/td>\n<td>13,9<\/td>\n<td>20155<\/td>\n<\/tr>\n<tr>\n<td>P89<\/td>\n<td>12,5<\/td>\n<td>18125<\/td>\n<\/tr>\n<tr>\n<td>P90<\/td>\n<td>14,9<\/td>\n<td>21605<\/td>\n<\/tr>\n<tr>\n<td>P91<\/td>\n<td>12,5<\/td>\n<td>18125<\/td>\n<\/tr>\n<tr>\n<td>P92<\/td>\n<td>12,5<\/td>\n<td>18125<\/td>\n<\/tr>\n<tr>\n<td>P93<\/td>\n<td>13,7<\/td>\n<td>19865<\/td>\n<\/tr>\n<tr>\n<td>P94<\/td>\n<td>19,1<\/td>\n<td>Reserved<\/td>\n<\/tr>\n<tr>\n<td>P95<\/td>\n<td>15,3<\/td>\n<td>22185<\/td>\n<\/tr>\n<tr>\n<td>P96<\/td>\n<td>12,5<\/td>\n<td>18125<\/td>\n<\/tr>\n<tr>\n<td>P97<\/td>\n<td>14,2<\/td>\n<td>20590<\/td>\n<\/tr>\n<tr>\n<td>P98<\/td>\n<td>14,2<\/td>\n<td>20590<\/td>\n<\/tr>\n<tr>\n<td>P99<\/td>\n<td>14,5<\/td>\n<td>21025<\/td>\n<\/tr>\n<tr>\n<td>P100<\/td>\n<td>27,7<\/td>\n<td>25000<\/td>\n<\/tr>\n<\/tbody>\n<\/table>\n<\/div>\n<div class=\"columns large-6\">\n<h3>S\u00e4ilytystilat<\/h3>\n<table>\n<thead>\n<tr>\n<th class=\"center\">S\u00e4ilytystila<\/th>\n<th class=\"center\">Koko m<sup>2<\/sup><\/th>\n<th class=\"center\">Hinta \u20ac<\/th>\n<\/tr>\n<\/thead>\n<tbody>\n<tr>\n<td>5-46<\/td>\n<td>3,8<\/td>\n<td>4560<\/td>\n<\/tr>\n<tr>\n<td>5-47<\/td>\n<td>4,1<\/td>\n<td>4920<\/td>\n<\/tr>\n<tr>\n<td>5-48<\/td>\n<td>4,7<\/td>\n<td>5640<\/td>\n<\/tr>\n<tr>\n<td>5-49<\/td>\n<td>4,5<\/td>\n<td>5400<\/td>\n<\/tr>\n<tr>\n<td>5-50<\/td>\n<td>4,7<\/td>\n<td>5640<\/td>\n<\/tr>\n<tr>\n<td>5-51<\/td>\n<td>3,8<\/td>\n<td>4560<\/td>\n<\/tr>\n<tr>\n<td>5-52<\/td>\n<td>4,1<\/td>\n<td>4920<\/td>\n<\/tr>\n<tr>\n<td>5-53<\/td>\n<td>4,5<\/td>\n<td>5400<\/td>\n<\/tr>\n<tr>\n<td>5-54<\/td>\n<td>4,3<\/td>\n<td>5160<\/td>\n<\/tr>\n<tr>\n<td>5-55<\/td>\n<td>4,4<\/td>\n<td>5280<\/td>\n<\/tr>\n<tr>\n<td>5-56<\/td>\n<td>4,3<\/td>\n<td>5160<\/td>\n<\/tr>\n<tr>\n<td>5-57<\/td>\n<td>4,4<\/td>\n<td>5280<\/td>\n<\/tr>\n<tr>\n<td>5-58<\/td>\n<td>4,6<\/td>\n<td>5520<\/td>\n<\/tr>\n<tr>\n<td>5-59<\/td>\n<td>4,6<\/td>\n<td>5520<\/td>\n<\/tr>\n<tr>\n<td>5-60<\/td>\n<td>4,6<\/td>\n<td>Reserved<\/td>\n<\/tr>\n<tr>\n<td>5-61<\/td>\n<td>2,8<\/td>\n<td>3360<\/td>\n<\/tr>\n<tr>\n<td>5-62<\/td>\n<td>3,2<\/td>\n<td>3840<\/td>\n<\/tr>\n<tr>\n<td>5-63<\/td>\n<td>3,8<\/td>\n<td>4560<\/td>\n<\/tr>\n<tr>\n<td>5-64<\/td>\n<td>3,7<\/td>\n<td>4440<\/td>\n<\/tr>\n<tr>\n<td>5-65<\/td>\n<td>3,7<\/td>\n<td>4440<\/td>\n<\/tr>\n<tr>\n<td>5-66<\/td>\n<td>2,5<\/td>\n<td>3000<\/td>\n<\/tr>\n<tr>\n<td>5-67<\/td>\n<td>2,7<\/td>\n<td>3240<\/td>\n<\/tr>\n<tr>\n<td>5-68<\/td>\n<td>2,7<\/td>\n<td>3240<\/td>\n<\/tr>\n<tr>\n<td>5-69<\/td>\n<td>2,7<\/td>\n<td>3240<\/td>\n<\/tr>\n<tr>\n<td>5-70<\/td>\n<td>2,8<\/td>\n<td>3360<\/td>\n<\/tr>\n<tr>\n<td>5-71<\/td>\n<td>3,4<\/td>\n<td>4080<\/td>\n<\/tr>\n<tr>\n<td>5-72<\/td>\n<td>3,2<\/td>\n<td>3840<\/td>\n<\/tr>\n<tr>\n<td>5-73<\/td>\n<td>3,2<\/td>\n<td>3840<\/td>\n<\/tr>\n<tr>\n<td>5-74<\/td>\n<td>3,1<\/td>\n<td>3720<\/td>\n<\/tr>\n<tr>\n<td>5-75<\/td>\n<td>3,1<\/td>\n<td>3720<\/td>\n<\/tr>\n<tr>\n<td>5-76<\/td>\n<td>3,1<\/td>\n<td>3720<\/td>\n<\/tr>\n<tr>\n<td>5-77<\/td>\n<td>3,1<\/td>\n<td>3720<\/td>\n<\/tr>\n<tr>\n<td>5-78<\/td>\n<td>2,9<\/td>\n<td>3480<\/td>\n<\/tr>\n<tr>\n<td>5-79<\/td>\n<td>2,9<\/td>\n<td>3480<\/td>\n<\/tr>\n<tr>\n<td>5-80<\/td>\n<td>2,8<\/td>\n<td>3360<\/td>\n<\/tr>\n<tr>\n<td>5-81<\/td>\n<td>2,8<\/td>\n<td>3360<\/td>\n<\/tr>\n<tr>\n<td>5-82<\/td>\n<td>2,8<\/td>\n<td>3360<\/td>\n<\/tr>\n<tr>\n<td>5-83<\/td>\n<td>2,8<\/td>\n<td>Sold<\/td>\n<\/tr>\n<tr>\n<td>5-84<\/td>\n<td>2,6<\/td>\n<td>3120<\/td>\n<\/tr>\n<tr>\n<td>5-85<\/td>\n<td>2,7<\/td>\n<td>3240<\/td>\n<\/tr>\n<tr>\n<td>5-86<\/td>\n<td>2,7<\/td>\n<td>3240<\/td>\n<\/tr>\n<tr>\n<td>5-87<\/td>\n<td>2,6<\/td>\n<td>3120<\/td>\n<\/tr>\n<tr>\n<td>3-82<\/td>\n<td>2,5<\/td>\n<td>3000<\/td>\n<\/tr>\n<tr>\n<td>3-83<\/td>\n<td>2,5<\/td>\n<td>3000<\/td>\n<\/tr>\n<tr>\n<td>3-84<\/td>\n<td>2,5<\/td>\n<td>3000<\/td>\n<\/tr>\n<tr>\n<td>3-85<\/td>\n<td>3,8<\/td>\n<td>4560<\/td>\n<\/tr>\n<tr>\n<td>3-86<\/td>\n<td>3,7<\/td>\n<td>4440<\/td>\n<\/tr>\n<tr>\n<td>3-87<\/td>\n<td>3,4<\/td>\n<td>4080<\/td>\n<\/tr>\n<tr>\n<td>3-88<\/td>\n<td>3,3<\/td>\n<td>3960<\/td>\n<\/tr>\n<tr>\n<td>3-89<\/td>\n<td>3,2<\/td>\n<td>3840<\/td>\n<\/tr>\n<tr>\n<td>3-90<\/td>\n<td>2,8<\/td>\n<td>3360<\/td>\n<\/tr>\n<tr>\n<td>3-91<\/td>\n<td>2,8<\/td>\n<td>3360<\/td>\n<\/tr>\n<tr>\n<td>3-92<\/td>\n<td>3,3<\/td>\n<td>3960<\/td>\n<\/tr>\n<tr>\n<td>3-93<\/td>\n<td>3,1<\/td>\n<td>3720<\/td>\n<\/tr>\n<tr>\n<td>3-94<\/td>\n<td>3,3<\/td>\n<td>3960<\/td>\n<\/tr>\n<tr>\n<td>3-95<\/td>\n<td>6<\/td>\n<td>Sold<\/td>\n<\/tr>\n<tr>\n<td>3-96<\/td>\n<td>5<\/td>\n<td>Sold<\/td>\n<\/tr>\n<tr>\n<td>3-97<\/td>\n<td>5<\/td>\n<td>Sold<\/td>\n<\/tr>\n<tr>\n<td>3-98<\/td>\n<td>4,8<\/td>\n<td>5760<\/td>\n<\/tr>\n<tr>\n<td>3-99<\/td>\n<td>5<\/td>\n<td>6000<\/td>\n<\/tr>\n<tr>\n<td>3-100<\/td>\n<td>5,4<\/td>\n<td>Sold<\/td>\n<\/tr>\n<tr>\n<td>3-101<\/td>\n<td>3,2<\/td>\n<td>Sold<\/td>\n<\/tr>\n<tr>\n<td>3-102<\/td>\n<td>3<\/td>\n<td>Sold<\/td>\n<\/tr>\n<tr>\n<td>3-103<\/td>\n<td>3<\/td>\n<td>Sold<\/td>\n<\/tr>\n<tr>\n<td>3-104<\/td>\n<td>3,1<\/td>\n<td>3720<\/td>\n<\/tr>\n<tr>\n<td>3-105<\/td>\n<td>3,2<\/td>\n<td>3840<\/td>\n<\/tr>\n<tr>\n<td>3-106<\/td>\n<td>3,1<\/td>\n<td>Sold<\/td>\n<\/tr>\n<tr>\n<td>3-107<\/td>\n<td>3,1<\/td>\n<td>Sold<\/td>\n<\/tr>\n<tr>\n<td>3-108<\/td>\n<td>3<\/td>\n<td>Sold<\/td>\n<\/tr>\n<tr>\n<td>3-109<\/td>\n<td>2,9<\/td>\n<td>Sold<\/td>\n<\/tr>\n<tr>\n<td>3-110<\/td>\n<td>2,9<\/td>\n<td>Sold<\/td>\n<\/tr>\n<tr>\n<td>3-111<\/td>\n<td>3,3<\/td>\n<td>Sold<\/td>\n<\/tr>\n<tr>\n<td>3-112<\/td>\n<td>2,8<\/td>\n<td>Sold<\/td>\n<\/tr>\n<tr>\n<td>3-113<\/td>\n<td>2,9<\/td>\n<td>Sold<\/td>\n<\/tr>\n<tr>\n<td>3-114<\/td>\n<td>3,4<\/td>\n<td>4080<\/td>\n<\/tr>\n<tr>\n<td>3-115<\/td>\n<td>3,3<\/td>\n<td>3960<\/td>\n<\/tr>\n<tr>\n<td>3-116<\/td>\n<td>3<\/td>\n<td>3840<\/td>\n<\/tr>\n<tr>\n<td>3-117<\/td>\n<td>3<\/td>\n<td>Sold<\/td>\n<\/tr>\n<tr>\n<td>3-118<\/td>\n<td>3<\/td>\n<td>Sold<\/td>\n<\/tr>\n<tr>\n<td>3-119<\/td>\n<td>3,5<\/td>\n<td>Sold<\/td>\n<\/tr>\n<tr>\n<td>3-120<\/td>\n<td>4,5<\/td>\n<td>5400<\/td>\n<\/tr>\n<tr>\n<td>3-121<\/td>\n<td>4,5<\/td>\n<td>5400<\/td>\n<\/tr>\n<tr>\n<td>3-122<\/td>\n<td>5,3<\/td>\n<td>6360<\/td>\n<\/tr>\n<tr>\n<td>3-123<\/td>\n<td>4,9<\/td>\n<td>5880<\/td>\n<\/tr>\n<tr>\n<td>3-124<\/td>\n<td>5,3<\/td>\n<td>Sold<\/td>\n<\/tr>\n<tr>\n<td><\/td>\n<td><\/td>\n<td><\/td>\n<\/tr>\n<\/tbody>\n<\/table>\n<\/div>\n<\/div>\n","protected":false},"excerpt":{"rendered":"<p>Autopaikat Autopaikka Koko m2 Hinta \u20ac P1 16,7 24215 P2 12,5 18125 P3 14 20300 P4 21,1 25000 P5 18,2 25000 P6 18,2 25000 P7 13 18850 P8 12,4 17980 P9 13 18850 P10 13 18850 P11 12,4 17890 P12 13,2 19140 P13 16 23200 P14 16,5 23925 P15 21,2 25000 P16 21 25000 P17 [&hellip;]<\/p>\n","protected":false},"author":5,"featured_media":0,"parent":914,"menu_order":0,"comment_status":"closed","ping_status":"closed","template":"","meta":{"_acf_changed":false,"inline_featured_image":false,"footnotes":""},"class_list":["post-924","page","type-page","status-publish","hentry"],"acf":[],"yoast_head":"<!-- This site is optimized with the Yoast SEO plugin v26.2 - https:\/\/yoast.com\/wordpress\/plugins\/seo\/ -->\n<title>-2 pys\u00e4k\u00f6intikerros - Promenaadimaja<\/title>\n<meta name=\"robots\" content=\"index, follow, max-snippet:-1, max-image-preview:large, max-video-preview:-1\" \/>\n<link rel=\"canonical\" href=\"https:\/\/promenaadimajad.ee\/fi\/pysakointi-ja-sailytystilat\/2-pysakointikerros\/\" \/>\n<meta property=\"og:locale\" content=\"fi_FI\" \/>\n<meta property=\"og:type\" content=\"article\" \/>\n<meta property=\"og:title\" content=\"-2 pys\u00e4k\u00f6intikerros - Promenaadimaja\" \/>\n<meta property=\"og:description\" content=\"Autopaikat Autopaikka Koko m2 Hinta \u20ac P1 16,7 24215 P2 12,5 18125 P3 14 20300 P4 21,1 25000 P5 18,2 25000 P6 18,2 25000 P7 13 18850 P8 12,4 17980 P9 13 18850 P10 13 18850 P11 12,4 17890 P12 13,2 19140 P13 16 23200 P14 16,5 23925 P15 21,2 25000 P16 21 25000 P17 [&hellip;]\" \/>\n<meta property=\"og:url\" content=\"https:\/\/promenaadimajad.ee\/fi\/pysakointi-ja-sailytystilat\/2-pysakointikerros\/\" \/>\n<meta property=\"og:site_name\" content=\"Promenaadimaja\" \/>\n<meta property=\"article:modified_time\" content=\"2016-11-22T13:38:59+00:00\" \/>\n<meta property=\"og:image\" content=\"https:\/\/promenaadimajad.ee\/static\/parkla-2.jpg\" \/>\n<meta name=\"twitter:card\" content=\"summary_large_image\" \/>\n<meta name=\"twitter:label1\" content=\"Arvioitu lukuaika\" \/>\n\t<meta name=\"twitter:data1\" content=\"1 minuutti\" \/>\n<script type=\"application\/ld+json\" class=\"yoast-schema-graph\">{\"@context\":\"https:\/\/schema.org\",\"@graph\":[{\"@type\":\"WebPage\",\"@id\":\"https:\/\/promenaadimajad.ee\/fi\/pysakointi-ja-sailytystilat\/2-pysakointikerros\/\",\"url\":\"https:\/\/promenaadimajad.ee\/fi\/pysakointi-ja-sailytystilat\/2-pysakointikerros\/\",\"name\":\"-2 pys\u00e4k\u00f6intikerros - Promenaadimaja\",\"isPartOf\":{\"@id\":\"https:\/\/promenaadimajad.ee\/#website\"},\"primaryImageOfPage\":{\"@id\":\"https:\/\/promenaadimajad.ee\/fi\/pysakointi-ja-sailytystilat\/2-pysakointikerros\/#primaryimage\"},\"image\":{\"@id\":\"https:\/\/promenaadimajad.ee\/fi\/pysakointi-ja-sailytystilat\/2-pysakointikerros\/#primaryimage\"},\"thumbnailUrl\":\"https:\/\/promenaadimajad.ee\/static\/parkla-2.jpg\",\"datePublished\":\"2016-03-14T10:08:31+00:00\",\"dateModified\":\"2016-11-22T13:38:59+00:00\",\"breadcrumb\":{\"@id\":\"https:\/\/promenaadimajad.ee\/fi\/pysakointi-ja-sailytystilat\/2-pysakointikerros\/#breadcrumb\"},\"inLanguage\":\"fi\",\"potentialAction\":[{\"@type\":\"ReadAction\",\"target\":[\"https:\/\/promenaadimajad.ee\/fi\/pysakointi-ja-sailytystilat\/2-pysakointikerros\/\"]}]},{\"@type\":\"ImageObject\",\"inLanguage\":\"fi\",\"@id\":\"https:\/\/promenaadimajad.ee\/fi\/pysakointi-ja-sailytystilat\/2-pysakointikerros\/#primaryimage\",\"url\":\"https:\/\/promenaadimajad.ee\/static\/parkla-2.jpg\",\"contentUrl\":\"https:\/\/promenaadimajad.ee\/static\/parkla-2.jpg\"},{\"@type\":\"BreadcrumbList\",\"@id\":\"https:\/\/promenaadimajad.ee\/fi\/pysakointi-ja-sailytystilat\/2-pysakointikerros\/#breadcrumb\",\"itemListElement\":[{\"@type\":\"ListItem\",\"position\":1,\"name\":\"Home\",\"item\":\"https:\/\/promenaadimajad.ee\/fi\/\"},{\"@type\":\"ListItem\",\"position\":2,\"name\":\"Pys\u00e4k\u00f6inti- ja s\u00e4ilytystilat\",\"item\":\"https:\/\/promenaadimajad.ee\/fi\/pysakointi-ja-sailytystilat\/\"},{\"@type\":\"ListItem\",\"position\":3,\"name\":\"-2 pys\u00e4k\u00f6intikerros\"}]},{\"@type\":\"WebSite\",\"@id\":\"https:\/\/promenaadimajad.ee\/#website\",\"url\":\"https:\/\/promenaadimajad.ee\/\",\"name\":\"Promenaadimaja\",\"description\":\"Kolm maja. Kolm elustiili. \u00dcks lummav vaade vanalinnale\",\"potentialAction\":[{\"@type\":\"SearchAction\",\"target\":{\"@type\":\"EntryPoint\",\"urlTemplate\":\"https:\/\/promenaadimajad.ee\/?s={search_term_string}\"},\"query-input\":{\"@type\":\"PropertyValueSpecification\",\"valueRequired\":true,\"valueName\":\"search_term_string\"}}],\"inLanguage\":\"fi\"}]}<\/script>\n<!-- \/ Yoast SEO plugin. -->","yoast_head_json":{"title":"-2 pys\u00e4k\u00f6intikerros - Promenaadimaja","robots":{"index":"index","follow":"follow","max-snippet":"max-snippet:-1","max-image-preview":"max-image-preview:large","max-video-preview":"max-video-preview:-1"},"canonical":"https:\/\/promenaadimajad.ee\/fi\/pysakointi-ja-sailytystilat\/2-pysakointikerros\/","og_locale":"fi_FI","og_type":"article","og_title":"-2 pys\u00e4k\u00f6intikerros - Promenaadimaja","og_description":"Autopaikat Autopaikka Koko m2 Hinta \u20ac P1 16,7 24215 P2 12,5 18125 P3 14 20300 P4 21,1 25000 P5 18,2 25000 P6 18,2 25000 P7 13 18850 P8 12,4 17980 P9 13 18850 P10 13 18850 P11 12,4 17890 P12 13,2 19140 P13 16 23200 P14 16,5 23925 P15 21,2 25000 P16 21 25000 P17 [&hellip;]","og_url":"https:\/\/promenaadimajad.ee\/fi\/pysakointi-ja-sailytystilat\/2-pysakointikerros\/","og_site_name":"Promenaadimaja","article_modified_time":"2016-11-22T13:38:59+00:00","og_image":[{"url":"https:\/\/promenaadimajad.ee\/static\/parkla-2.jpg","type":"","width":"","height":""}],"twitter_card":"summary_large_image","twitter_misc":{"Arvioitu lukuaika":"1 minuutti"},"schema":{"@context":"https:\/\/schema.org","@graph":[{"@type":"WebPage","@id":"https:\/\/promenaadimajad.ee\/fi\/pysakointi-ja-sailytystilat\/2-pysakointikerros\/","url":"https:\/\/promenaadimajad.ee\/fi\/pysakointi-ja-sailytystilat\/2-pysakointikerros\/","name":"-2 pys\u00e4k\u00f6intikerros - Promenaadimaja","isPartOf":{"@id":"https:\/\/promenaadimajad.ee\/#website"},"primaryImageOfPage":{"@id":"https:\/\/promenaadimajad.ee\/fi\/pysakointi-ja-sailytystilat\/2-pysakointikerros\/#primaryimage"},"image":{"@id":"https:\/\/promenaadimajad.ee\/fi\/pysakointi-ja-sailytystilat\/2-pysakointikerros\/#primaryimage"},"thumbnailUrl":"https:\/\/promenaadimajad.ee\/static\/parkla-2.jpg","datePublished":"2016-03-14T10:08:31+00:00","dateModified":"2016-11-22T13:38:59+00:00","breadcrumb":{"@id":"https:\/\/promenaadimajad.ee\/fi\/pysakointi-ja-sailytystilat\/2-pysakointikerros\/#breadcrumb"},"inLanguage":"fi","potentialAction":[{"@type":"ReadAction","target":["https:\/\/promenaadimajad.ee\/fi\/pysakointi-ja-sailytystilat\/2-pysakointikerros\/"]}]},{"@type":"ImageObject","inLanguage":"fi","@id":"https:\/\/promenaadimajad.ee\/fi\/pysakointi-ja-sailytystilat\/2-pysakointikerros\/#primaryimage","url":"https:\/\/promenaadimajad.ee\/static\/parkla-2.jpg","contentUrl":"https:\/\/promenaadimajad.ee\/static\/parkla-2.jpg"},{"@type":"BreadcrumbList","@id":"https:\/\/promenaadimajad.ee\/fi\/pysakointi-ja-sailytystilat\/2-pysakointikerros\/#breadcrumb","itemListElement":[{"@type":"ListItem","position":1,"name":"Home","item":"https:\/\/promenaadimajad.ee\/fi\/"},{"@type":"ListItem","position":2,"name":"Pys\u00e4k\u00f6inti- ja s\u00e4ilytystilat","item":"https:\/\/promenaadimajad.ee\/fi\/pysakointi-ja-sailytystilat\/"},{"@type":"ListItem","position":3,"name":"-2 pys\u00e4k\u00f6intikerros"}]},{"@type":"WebSite","@id":"https:\/\/promenaadimajad.ee\/#website","url":"https:\/\/promenaadimajad.ee\/","name":"Promenaadimaja","description":"Kolm maja. Kolm elustiili. \u00dcks lummav vaade vanalinnale","potentialAction":[{"@type":"SearchAction","target":{"@type":"EntryPoint","urlTemplate":"https:\/\/promenaadimajad.ee\/?s={search_term_string}"},"query-input":{"@type":"PropertyValueSpecification","valueRequired":true,"valueName":"search_term_string"}}],"inLanguage":"fi"}]}},"_links":{"self":[{"href":"https:\/\/promenaadimajad.ee\/fi\/wp-json\/wp\/v2\/pages\/924","targetHints":{"allow":["GET"]}}],"collection":[{"href":"https:\/\/promenaadimajad.ee\/fi\/wp-json\/wp\/v2\/pages"}],"about":[{"href":"https:\/\/promenaadimajad.ee\/fi\/wp-json\/wp\/v2\/types\/page"}],"author":[{"embeddable":true,"href":"https:\/\/promenaadimajad.ee\/fi\/wp-json\/wp\/v2\/users\/5"}],"replies":[{"embeddable":true,"href":"https:\/\/promenaadimajad.ee\/fi\/wp-json\/wp\/v2\/comments?post=924"}],"version-history":[{"count":32,"href":"https:\/\/promenaadimajad.ee\/fi\/wp-json\/wp\/v2\/pages\/924\/revisions"}],"predecessor-version":[{"id":4989,"href":"https:\/\/promenaadimajad.ee\/fi\/wp-json\/wp\/v2\/pages\/924\/revisions\/4989"}],"up":[{"embeddable":true,"href":"https:\/\/promenaadimajad.ee\/fi\/wp-json\/wp\/v2\/pages\/914"}],"wp:attachment":[{"href":"https:\/\/promenaadimajad.ee\/fi\/wp-json\/wp\/v2\/media?parent=924"}],"curies":[{"name":"wp","href":"https:\/\/api.w.org\/{rel}","templated":true}]}}