{"id":917,"date":"2016-03-14T11:52:46","date_gmt":"2016-03-14T09:52:46","guid":{"rendered":"http:\/\/promenaadimaja.ee\/fi\/parkimine-ja-panipaigad\/parkimiskorrus-1\/"},"modified":"2016-03-16T18:02:23","modified_gmt":"2016-03-16T16:02:23","slug":"1-pysakointikerros","status":"publish","type":"page","link":"https:\/\/promenaadimajad.ee\/fi\/pysakointi-ja-sailytystilat\/1-pysakointikerros\/","title":{"rendered":"-1 pys\u00e4k\u00f6intikerros"},"content":{"rendered":"<div class=\"row\">\n<div class=\"columns large-12\"><img decoding=\"async\" class=\"right\" src=\"https:\/\/promenaadimajad.ee\/static\/parkla-1.png\" alt=\"\" \/><\/div>\n<div class=\"columns large-6\">\n<h3>Autopaikat<\/h3>\n<p>Paikoituskerroksen \u22121 autopaikat on varattu liiketilojen asiakkaille. Asunnonomistajat voivat lunastaa autopaikan kerroksesta \u22122.<\/p>\n<\/div>\n<div class=\"columns large-6\">\n<h3>S\u00e4ilytystilat<\/h3>\n<table>\n<thead>\n<tr>\n<th class=\"center\">S\u00e4ilytystila<\/th>\n<th class=\"center\">Koko m<sup>2<\/sup><\/th>\n<th class=\"center\">Hinta \u20ac<\/th>\n<\/tr>\n<\/thead>\n<tbody>\n<tr>\n<td>5-88<\/td>\n<td>4,1<\/td>\n<td>4920<\/td>\n<\/tr>\n<tr>\n<td>5-89<\/td>\n<td>3,8<\/td>\n<td>4560\u00a0<\/td>\n<\/tr>\n<tr>\n<td>5-90<\/td>\n<td>3,8<\/td>\n<td>4560\u00a0<\/td>\n<\/tr>\n<tr>\n<td>5-91<\/td>\n<td>3,7<\/td>\n<td>4440\u00a0<\/td>\n<\/tr>\n<tr>\n<td>5-92<\/td>\n<td>3,6<\/td>\n<td>4320\u00a0<\/td>\n<\/tr>\n<tr>\n<td>5-93<\/td>\n<td>3,6<\/td>\n<td>4320\u00a0<\/td>\n<\/tr>\n<tr>\n<td>5-94<\/td>\n<td>3,6<\/td>\n<td>4320\u00a0<\/td>\n<\/tr>\n<tr>\n<td>5-95<\/td>\n<td>3,6<\/td>\n<td>4320\u00a0<\/td>\n<\/tr>\n<tr>\n<td>5-96<\/td>\n<td>3,4<\/td>\n<td>4080\u00a0<\/td>\n<\/tr>\n<tr>\n<td>5-97<\/td>\n<td>3,4<\/td>\n<td>4080\u00a0<\/td>\n<\/tr>\n<tr>\n<td>5-98<\/td>\n<td>3,3<\/td>\n<td>3960\u00a0<\/td>\n<\/tr>\n<tr>\n<td>5-99<\/td>\n<td>3,3<\/td>\n<td>3960\u00a0<\/td>\n<\/tr>\n<tr>\n<td>5-100<\/td>\n<td>3,4<\/td>\n<td>4080\u00a0<\/td>\n<\/tr>\n<tr>\n<td>3-125<\/td>\n<td>2,5<\/td>\n<td>3000<\/td>\n<\/tr>\n<tr>\n<td>3-126<\/td>\n<td>2,5<\/td>\n<td>3000<\/td>\n<\/tr>\n<tr>\n<td>3-127<\/td>\n<td>2,5<\/td>\n<td>3000<\/td>\n<\/tr>\n<tr>\n<td>3-128<\/td>\n<td>2,6<\/td>\n<td>3120\u00a0<\/td>\n<\/tr>\n<tr>\n<td>3-129<\/td>\n<td>3,7<\/td>\n<td>4440\u00a0<\/td>\n<\/tr>\n<tr>\n<td>3-130<\/td>\n<td>3,4<\/td>\n<td>4080\u00a0<\/td>\n<\/tr>\n<tr>\n<td>3-131<\/td>\n<td>3,3<\/td>\n<td>3960\u00a0<\/td>\n<\/tr>\n<tr>\n<td>3-132<\/td>\n<td>3,2<\/td>\n<td>3840\u00a0<\/td>\n<\/tr>\n<tr>\n<td>3-133<\/td>\n<td>2,8<\/td>\n<td>3360\u00a0<\/td>\n<\/tr>\n<tr>\n<td>3-134<\/td>\n<td>2,8<\/td>\n<td>3360\u00a0<\/td>\n<\/tr>\n<tr>\n<td>3-135<\/td>\n<td>3,3<\/td>\n<td>3960\u00a0<\/td>\n<\/tr>\n<tr>\n<td>3-136<\/td>\n<td>3,1<\/td>\n<td>3720\u00a0<\/td>\n<\/tr>\n<tr>\n<td>3-137<\/td>\n<td>3,3<\/td>\n<td>3960\u00a0<\/td>\n<\/tr>\n<tr>\n<td>3-138<\/td>\n<td>6,4<\/td>\n<td>7680\u00a0<\/td>\n<\/tr>\n<tr>\n<td>3-139<\/td>\n<td>5<\/td>\n<td>6000\u00a0<\/td>\n<\/tr>\n<tr>\n<td>3-140<\/td>\n<td>5<\/td>\n<td>6000\u00a0<\/td>\n<\/tr>\n<tr>\n<td>3-141<\/td>\n<td>4,8<\/td>\n<td>5760\u00a0<\/td>\n<\/tr>\n<tr>\n<td>3-142<\/td>\n<td>5<\/td>\n<td>6000\u00a0<\/td>\n<\/tr>\n<tr>\n<td>3-143<\/td>\n<td>5,2<\/td>\n<td>6240\u00a0<\/td>\n<\/tr>\n<tr>\n<td>3-144<\/td>\n<td>3<\/td>\n<td>3600\u00a0<\/td>\n<\/tr>\n<tr>\n<td>3-145<\/td>\n<td>2,9<\/td>\n<td>3480\u00a0<\/td>\n<\/tr>\n<tr>\n<td>3-146<\/td>\n<td>2,8<\/td>\n<td>3360\u00a0<\/td>\n<\/tr>\n<tr>\n<td>3-147<\/td>\n<td>2,8<\/td>\n<td>3360\u00a0<\/td>\n<\/tr>\n<tr>\n<td>3-148<\/td>\n<td>4,9<\/td>\n<td>5880\u00a0<\/td>\n<\/tr>\n<tr>\n<td>3-149<\/td>\n<td>3,1<\/td>\n<td>3720\u00a0<\/td>\n<\/tr>\n<tr>\n<td>3-150<\/td>\n<td>3,2<\/td>\n<td>3820\u00a0<\/td>\n<\/tr>\n<tr>\n<td>3-151<\/td>\n<td>3,1<\/td>\n<td>3840\u00a0<\/td>\n<\/tr>\n<tr>\n<td>3-152<\/td>\n<td>3,1<\/td>\n<td>3720\u00a0<\/td>\n<\/tr>\n<tr>\n<td>3-153<\/td>\n<td>3<\/td>\n<td>3600\u00a0<\/td>\n<\/tr>\n<tr>\n<td>3-154<\/td>\n<td>2,9<\/td>\n<td>3480\u00a0<\/td>\n<\/tr>\n<tr>\n<td>3-155<\/td>\n<td>2,9<\/td>\n<td>3480\u00a0<\/td>\n<\/tr>\n<tr>\n<td>3-156<\/td>\n<td>3,3<\/td>\n<td>3960\u00a0<\/td>\n<\/tr>\n<tr>\n<td>3-157<\/td>\n<td>2,8<\/td>\n<td>3360\u00a0<\/td>\n<\/tr>\n<tr>\n<td>3-158<\/td>\n<td>2,9<\/td>\n<td>3480\u00a0<\/td>\n<\/tr>\n<tr>\n<td>3-159<\/td>\n<td>3,4<\/td>\n<td>4080\u00a0<\/td>\n<\/tr>\n<tr>\n<td>3-160<\/td>\n<td>3<\/td>\n<td>3600\u00a0<\/td>\n<\/tr>\n<tr>\n<td>3-161<\/td>\n<td>2,8<\/td>\n<td>3360\u00a0<\/td>\n<\/tr>\n<tr>\n<td>3-162<\/td>\n<td>2,8<\/td>\n<td>3360\u00a0<\/td>\n<\/tr>\n<tr>\n<td>3-163<\/td>\n<td>2,6<\/td>\n<td>3120\u00a0<\/td>\n<\/tr>\n<tr>\n<td>3-164<\/td>\n<td>4,5<\/td>\n<td>5400\u00a0<\/td>\n<\/tr>\n<\/tbody>\n<\/table>\n<\/div>\n<\/div>\n","protected":false},"excerpt":{"rendered":"<p>Autopaikat Paikoituskerroksen \u22121 autopaikat on varattu liiketilojen asiakkaille. Asunnonomistajat voivat lunastaa autopaikan kerroksesta \u22122. S\u00e4ilytystilat S\u00e4ilytystila Koko m2 Hinta \u20ac 5-88 4,1 4920 5-89 3,8 4560\u00a0 5-90 3,8 4560\u00a0 5-91 3,7 4440\u00a0 5-92 3,6 4320\u00a0 5-93 3,6 4320\u00a0 5-94 3,6 4320\u00a0 5-95 3,6 4320\u00a0 5-96 3,4 4080\u00a0 5-97 3,4 4080\u00a0 5-98 3,3 3960\u00a0 5-99 3,3 [&hellip;]<\/p>\n","protected":false},"author":5,"featured_media":0,"parent":914,"menu_order":0,"comment_status":"closed","ping_status":"closed","template":"","meta":{"_acf_changed":false,"inline_featured_image":false,"footnotes":""},"class_list":["post-917","page","type-page","status-publish","hentry"],"acf":[],"yoast_head":"<!-- This site is optimized with the Yoast SEO plugin v26.2 - https:\/\/yoast.com\/wordpress\/plugins\/seo\/ -->\n<title>-1 pys\u00e4k\u00f6intikerros - Promenaadimaja<\/title>\n<meta name=\"robots\" content=\"index, follow, max-snippet:-1, max-image-preview:large, max-video-preview:-1\" \/>\n<link rel=\"canonical\" href=\"https:\/\/promenaadimajad.ee\/fi\/pysakointi-ja-sailytystilat\/1-pysakointikerros\/\" \/>\n<meta property=\"og:locale\" content=\"fi_FI\" \/>\n<meta property=\"og:type\" content=\"article\" \/>\n<meta property=\"og:title\" content=\"-1 pys\u00e4k\u00f6intikerros - Promenaadimaja\" \/>\n<meta property=\"og:description\" content=\"Autopaikat Paikoituskerroksen \u22121 autopaikat on varattu liiketilojen asiakkaille. Asunnonomistajat voivat lunastaa autopaikan kerroksesta \u22122. S\u00e4ilytystilat S\u00e4ilytystila Koko m2 Hinta \u20ac 5-88 4,1 4920 5-89 3,8 4560\u00a0 5-90 3,8 4560\u00a0 5-91 3,7 4440\u00a0 5-92 3,6 4320\u00a0 5-93 3,6 4320\u00a0 5-94 3,6 4320\u00a0 5-95 3,6 4320\u00a0 5-96 3,4 4080\u00a0 5-97 3,4 4080\u00a0 5-98 3,3 3960\u00a0 5-99 3,3 [&hellip;]\" \/>\n<meta property=\"og:url\" content=\"https:\/\/promenaadimajad.ee\/fi\/pysakointi-ja-sailytystilat\/1-pysakointikerros\/\" \/>\n<meta property=\"og:site_name\" content=\"Promenaadimaja\" \/>\n<meta property=\"article:modified_time\" content=\"2016-03-16T16:02:23+00:00\" \/>\n<meta property=\"og:image\" content=\"https:\/\/promenaadimajad.ee\/static\/parkla-1.png\" \/>\n<meta name=\"twitter:card\" content=\"summary_large_image\" \/>\n<script type=\"application\/ld+json\" class=\"yoast-schema-graph\">{\"@context\":\"https:\/\/schema.org\",\"@graph\":[{\"@type\":\"WebPage\",\"@id\":\"https:\/\/promenaadimajad.ee\/fi\/pysakointi-ja-sailytystilat\/1-pysakointikerros\/\",\"url\":\"https:\/\/promenaadimajad.ee\/fi\/pysakointi-ja-sailytystilat\/1-pysakointikerros\/\",\"name\":\"-1 pys\u00e4k\u00f6intikerros - Promenaadimaja\",\"isPartOf\":{\"@id\":\"https:\/\/promenaadimajad.ee\/#website\"},\"primaryImageOfPage\":{\"@id\":\"https:\/\/promenaadimajad.ee\/fi\/pysakointi-ja-sailytystilat\/1-pysakointikerros\/#primaryimage\"},\"image\":{\"@id\":\"https:\/\/promenaadimajad.ee\/fi\/pysakointi-ja-sailytystilat\/1-pysakointikerros\/#primaryimage\"},\"thumbnailUrl\":\"https:\/\/promenaadimajad.ee\/static\/parkla-1.png\",\"datePublished\":\"2016-03-14T09:52:46+00:00\",\"dateModified\":\"2016-03-16T16:02:23+00:00\",\"breadcrumb\":{\"@id\":\"https:\/\/promenaadimajad.ee\/fi\/pysakointi-ja-sailytystilat\/1-pysakointikerros\/#breadcrumb\"},\"inLanguage\":\"fi\",\"potentialAction\":[{\"@type\":\"ReadAction\",\"target\":[\"https:\/\/promenaadimajad.ee\/fi\/pysakointi-ja-sailytystilat\/1-pysakointikerros\/\"]}]},{\"@type\":\"ImageObject\",\"inLanguage\":\"fi\",\"@id\":\"https:\/\/promenaadimajad.ee\/fi\/pysakointi-ja-sailytystilat\/1-pysakointikerros\/#primaryimage\",\"url\":\"https:\/\/promenaadimajad.ee\/static\/parkla-1.png\",\"contentUrl\":\"https:\/\/promenaadimajad.ee\/static\/parkla-1.png\"},{\"@type\":\"BreadcrumbList\",\"@id\":\"https:\/\/promenaadimajad.ee\/fi\/pysakointi-ja-sailytystilat\/1-pysakointikerros\/#breadcrumb\",\"itemListElement\":[{\"@type\":\"ListItem\",\"position\":1,\"name\":\"Home\",\"item\":\"https:\/\/promenaadimajad.ee\/fi\/\"},{\"@type\":\"ListItem\",\"position\":2,\"name\":\"Pys\u00e4k\u00f6inti- ja s\u00e4ilytystilat\",\"item\":\"https:\/\/promenaadimajad.ee\/fi\/pysakointi-ja-sailytystilat\/\"},{\"@type\":\"ListItem\",\"position\":3,\"name\":\"-1 pys\u00e4k\u00f6intikerros\"}]},{\"@type\":\"WebSite\",\"@id\":\"https:\/\/promenaadimajad.ee\/#website\",\"url\":\"https:\/\/promenaadimajad.ee\/\",\"name\":\"Promenaadimaja\",\"description\":\"Kolm maja. Kolm elustiili. \u00dcks lummav vaade vanalinnale\",\"potentialAction\":[{\"@type\":\"SearchAction\",\"target\":{\"@type\":\"EntryPoint\",\"urlTemplate\":\"https:\/\/promenaadimajad.ee\/?s={search_term_string}\"},\"query-input\":{\"@type\":\"PropertyValueSpecification\",\"valueRequired\":true,\"valueName\":\"search_term_string\"}}],\"inLanguage\":\"fi\"}]}<\/script>\n<!-- \/ Yoast SEO plugin. -->","yoast_head_json":{"title":"-1 pys\u00e4k\u00f6intikerros - Promenaadimaja","robots":{"index":"index","follow":"follow","max-snippet":"max-snippet:-1","max-image-preview":"max-image-preview:large","max-video-preview":"max-video-preview:-1"},"canonical":"https:\/\/promenaadimajad.ee\/fi\/pysakointi-ja-sailytystilat\/1-pysakointikerros\/","og_locale":"fi_FI","og_type":"article","og_title":"-1 pys\u00e4k\u00f6intikerros - Promenaadimaja","og_description":"Autopaikat Paikoituskerroksen \u22121 autopaikat on varattu liiketilojen asiakkaille. Asunnonomistajat voivat lunastaa autopaikan kerroksesta \u22122. S\u00e4ilytystilat S\u00e4ilytystila Koko m2 Hinta \u20ac 5-88 4,1 4920 5-89 3,8 4560\u00a0 5-90 3,8 4560\u00a0 5-91 3,7 4440\u00a0 5-92 3,6 4320\u00a0 5-93 3,6 4320\u00a0 5-94 3,6 4320\u00a0 5-95 3,6 4320\u00a0 5-96 3,4 4080\u00a0 5-97 3,4 4080\u00a0 5-98 3,3 3960\u00a0 5-99 3,3 [&hellip;]","og_url":"https:\/\/promenaadimajad.ee\/fi\/pysakointi-ja-sailytystilat\/1-pysakointikerros\/","og_site_name":"Promenaadimaja","article_modified_time":"2016-03-16T16:02:23+00:00","og_image":[{"url":"https:\/\/promenaadimajad.ee\/static\/parkla-1.png","type":"","width":"","height":""}],"twitter_card":"summary_large_image","schema":{"@context":"https:\/\/schema.org","@graph":[{"@type":"WebPage","@id":"https:\/\/promenaadimajad.ee\/fi\/pysakointi-ja-sailytystilat\/1-pysakointikerros\/","url":"https:\/\/promenaadimajad.ee\/fi\/pysakointi-ja-sailytystilat\/1-pysakointikerros\/","name":"-1 pys\u00e4k\u00f6intikerros - Promenaadimaja","isPartOf":{"@id":"https:\/\/promenaadimajad.ee\/#website"},"primaryImageOfPage":{"@id":"https:\/\/promenaadimajad.ee\/fi\/pysakointi-ja-sailytystilat\/1-pysakointikerros\/#primaryimage"},"image":{"@id":"https:\/\/promenaadimajad.ee\/fi\/pysakointi-ja-sailytystilat\/1-pysakointikerros\/#primaryimage"},"thumbnailUrl":"https:\/\/promenaadimajad.ee\/static\/parkla-1.png","datePublished":"2016-03-14T09:52:46+00:00","dateModified":"2016-03-16T16:02:23+00:00","breadcrumb":{"@id":"https:\/\/promenaadimajad.ee\/fi\/pysakointi-ja-sailytystilat\/1-pysakointikerros\/#breadcrumb"},"inLanguage":"fi","potentialAction":[{"@type":"ReadAction","target":["https:\/\/promenaadimajad.ee\/fi\/pysakointi-ja-sailytystilat\/1-pysakointikerros\/"]}]},{"@type":"ImageObject","inLanguage":"fi","@id":"https:\/\/promenaadimajad.ee\/fi\/pysakointi-ja-sailytystilat\/1-pysakointikerros\/#primaryimage","url":"https:\/\/promenaadimajad.ee\/static\/parkla-1.png","contentUrl":"https:\/\/promenaadimajad.ee\/static\/parkla-1.png"},{"@type":"BreadcrumbList","@id":"https:\/\/promenaadimajad.ee\/fi\/pysakointi-ja-sailytystilat\/1-pysakointikerros\/#breadcrumb","itemListElement":[{"@type":"ListItem","position":1,"name":"Home","item":"https:\/\/promenaadimajad.ee\/fi\/"},{"@type":"ListItem","position":2,"name":"Pys\u00e4k\u00f6inti- ja s\u00e4ilytystilat","item":"https:\/\/promenaadimajad.ee\/fi\/pysakointi-ja-sailytystilat\/"},{"@type":"ListItem","position":3,"name":"-1 pys\u00e4k\u00f6intikerros"}]},{"@type":"WebSite","@id":"https:\/\/promenaadimajad.ee\/#website","url":"https:\/\/promenaadimajad.ee\/","name":"Promenaadimaja","description":"Kolm maja. Kolm elustiili. \u00dcks lummav vaade vanalinnale","potentialAction":[{"@type":"SearchAction","target":{"@type":"EntryPoint","urlTemplate":"https:\/\/promenaadimajad.ee\/?s={search_term_string}"},"query-input":{"@type":"PropertyValueSpecification","valueRequired":true,"valueName":"search_term_string"}}],"inLanguage":"fi"}]}},"_links":{"self":[{"href":"https:\/\/promenaadimajad.ee\/fi\/wp-json\/wp\/v2\/pages\/917","targetHints":{"allow":["GET"]}}],"collection":[{"href":"https:\/\/promenaadimajad.ee\/fi\/wp-json\/wp\/v2\/pages"}],"about":[{"href":"https:\/\/promenaadimajad.ee\/fi\/wp-json\/wp\/v2\/types\/page"}],"author":[{"embeddable":true,"href":"https:\/\/promenaadimajad.ee\/fi\/wp-json\/wp\/v2\/users\/5"}],"replies":[{"embeddable":true,"href":"https:\/\/promenaadimajad.ee\/fi\/wp-json\/wp\/v2\/comments?post=917"}],"version-history":[{"count":2,"href":"https:\/\/promenaadimajad.ee\/fi\/wp-json\/wp\/v2\/pages\/917\/revisions"}],"predecessor-version":[{"id":1722,"href":"https:\/\/promenaadimajad.ee\/fi\/wp-json\/wp\/v2\/pages\/917\/revisions\/1722"}],"up":[{"embeddable":true,"href":"https:\/\/promenaadimajad.ee\/fi\/wp-json\/wp\/v2\/pages\/914"}],"wp:attachment":[{"href":"https:\/\/promenaadimajad.ee\/fi\/wp-json\/wp\/v2\/media?parent=917"}],"curies":[{"name":"wp","href":"https:\/\/api.w.org\/{rel}","templated":true}]}}