{"id":914,"date":"2016-03-14T11:51:08","date_gmt":"2016-03-14T09:51:08","guid":{"rendered":"http:\/\/promenaadimaja.ee\/fi\/parkimine-ja-panipaigad\/"},"modified":"2016-05-17T11:41:23","modified_gmt":"2016-05-17T08:41:23","slug":"pysakointi-ja-sailytystilat","status":"publish","type":"page","link":"https:\/\/promenaadimajad.ee\/fi\/pysakointi-ja-sailytystilat\/","title":{"rendered":"Pys\u00e4k\u00f6inti- ja s\u00e4ilytystilat"},"content":{"rendered":null,"protected":false},"excerpt":{"rendered":"","protected":false},"author":5,"featured_media":0,"parent":0,"menu_order":0,"comment_status":"closed","ping_status":"closed","template":"","meta":{"_acf_changed":false,"inline_featured_image":false,"footnotes":""},"class_list":["post-914","page","type-page","status-publish","hentry"],"acf":[],"yoast_head":"<!-- This site is optimized with the Yoast SEO plugin v26.2 - https:\/\/yoast.com\/wordpress\/plugins\/seo\/ -->\n<title>Pys\u00e4k\u00f6inti- ja s\u00e4ilytystilat - Promenaadimaja<\/title>\n<meta name=\"robots\" content=\"index, follow, max-snippet:-1, max-image-preview:large, max-video-preview:-1\" \/>\n<link rel=\"canonical\" href=\"https:\/\/promenaadimajad.ee\/fi\/pysakointi-ja-sailytystilat\/\" \/>\n<meta property=\"og:locale\" content=\"fi_FI\" \/>\n<meta property=\"og:type\" content=\"article\" \/>\n<meta property=\"og:title\" content=\"Pys\u00e4k\u00f6inti- ja s\u00e4ilytystilat - Promenaadimaja\" \/>\n<meta property=\"og:url\" content=\"https:\/\/promenaadimajad.ee\/fi\/pysakointi-ja-sailytystilat\/\" \/>\n<meta property=\"og:site_name\" content=\"Promenaadimaja\" \/>\n<meta property=\"article:modified_time\" content=\"2016-05-17T08:41:23+00:00\" \/>\n<meta name=\"twitter:card\" content=\"summary_large_image\" \/>\n<script type=\"application\/ld+json\" class=\"yoast-schema-graph\">{\"@context\":\"https:\/\/schema.org\",\"@graph\":[{\"@type\":\"WebPage\",\"@id\":\"https:\/\/promenaadimajad.ee\/fi\/pysakointi-ja-sailytystilat\/\",\"url\":\"https:\/\/promenaadimajad.ee\/fi\/pysakointi-ja-sailytystilat\/\",\"name\":\"Pys\u00e4k\u00f6inti- ja s\u00e4ilytystilat - Promenaadimaja\",\"isPartOf\":{\"@id\":\"https:\/\/promenaadimajad.ee\/#website\"},\"datePublished\":\"2016-03-14T09:51:08+00:00\",\"dateModified\":\"2016-05-17T08:41:23+00:00\",\"breadcrumb\":{\"@id\":\"https:\/\/promenaadimajad.ee\/fi\/pysakointi-ja-sailytystilat\/#breadcrumb\"},\"inLanguage\":\"fi\",\"potentialAction\":[{\"@type\":\"ReadAction\",\"target\":[\"https:\/\/promenaadimajad.ee\/fi\/pysakointi-ja-sailytystilat\/\"]}]},{\"@type\":\"BreadcrumbList\",\"@id\":\"https:\/\/promenaadimajad.ee\/fi\/pysakointi-ja-sailytystilat\/#breadcrumb\",\"itemListElement\":[{\"@type\":\"ListItem\",\"position\":1,\"name\":\"Home\",\"item\":\"https:\/\/promenaadimajad.ee\/fi\/\"},{\"@type\":\"ListItem\",\"position\":2,\"name\":\"Pys\u00e4k\u00f6inti- ja s\u00e4ilytystilat\"}]},{\"@type\":\"WebSite\",\"@id\":\"https:\/\/promenaadimajad.ee\/#website\",\"url\":\"https:\/\/promenaadimajad.ee\/\",\"name\":\"Promenaadimaja\",\"description\":\"Kolm maja. Kolm elustiili. \u00dcks lummav vaade vanalinnale\",\"potentialAction\":[{\"@type\":\"SearchAction\",\"target\":{\"@type\":\"EntryPoint\",\"urlTemplate\":\"https:\/\/promenaadimajad.ee\/?s={search_term_string}\"},\"query-input\":{\"@type\":\"PropertyValueSpecification\",\"valueRequired\":true,\"valueName\":\"search_term_string\"}}],\"inLanguage\":\"fi\"}]}<\/script>\n<!-- \/ Yoast SEO plugin. -->","yoast_head_json":{"title":"Pys\u00e4k\u00f6inti- ja s\u00e4ilytystilat - Promenaadimaja","robots":{"index":"index","follow":"follow","max-snippet":"max-snippet:-1","max-image-preview":"max-image-preview:large","max-video-preview":"max-video-preview:-1"},"canonical":"https:\/\/promenaadimajad.ee\/fi\/pysakointi-ja-sailytystilat\/","og_locale":"fi_FI","og_type":"article","og_title":"Pys\u00e4k\u00f6inti- ja s\u00e4ilytystilat - Promenaadimaja","og_url":"https:\/\/promenaadimajad.ee\/fi\/pysakointi-ja-sailytystilat\/","og_site_name":"Promenaadimaja","article_modified_time":"2016-05-17T08:41:23+00:00","twitter_card":"summary_large_image","schema":{"@context":"https:\/\/schema.org","@graph":[{"@type":"WebPage","@id":"https:\/\/promenaadimajad.ee\/fi\/pysakointi-ja-sailytystilat\/","url":"https:\/\/promenaadimajad.ee\/fi\/pysakointi-ja-sailytystilat\/","name":"Pys\u00e4k\u00f6inti- ja s\u00e4ilytystilat - Promenaadimaja","isPartOf":{"@id":"https:\/\/promenaadimajad.ee\/#website"},"datePublished":"2016-03-14T09:51:08+00:00","dateModified":"2016-05-17T08:41:23+00:00","breadcrumb":{"@id":"https:\/\/promenaadimajad.ee\/fi\/pysakointi-ja-sailytystilat\/#breadcrumb"},"inLanguage":"fi","potentialAction":[{"@type":"ReadAction","target":["https:\/\/promenaadimajad.ee\/fi\/pysakointi-ja-sailytystilat\/"]}]},{"@type":"BreadcrumbList","@id":"https:\/\/promenaadimajad.ee\/fi\/pysakointi-ja-sailytystilat\/#breadcrumb","itemListElement":[{"@type":"ListItem","position":1,"name":"Home","item":"https:\/\/promenaadimajad.ee\/fi\/"},{"@type":"ListItem","position":2,"name":"Pys\u00e4k\u00f6inti- ja s\u00e4ilytystilat"}]},{"@type":"WebSite","@id":"https:\/\/promenaadimajad.ee\/#website","url":"https:\/\/promenaadimajad.ee\/","name":"Promenaadimaja","description":"Kolm maja. Kolm elustiili. \u00dcks lummav vaade vanalinnale","potentialAction":[{"@type":"SearchAction","target":{"@type":"EntryPoint","urlTemplate":"https:\/\/promenaadimajad.ee\/?s={search_term_string}"},"query-input":{"@type":"PropertyValueSpecification","valueRequired":true,"valueName":"search_term_string"}}],"inLanguage":"fi"}]}},"_links":{"self":[{"href":"https:\/\/promenaadimajad.ee\/fi\/wp-json\/wp\/v2\/pages\/914","targetHints":{"allow":["GET"]}}],"collection":[{"href":"https:\/\/promenaadimajad.ee\/fi\/wp-json\/wp\/v2\/pages"}],"about":[{"href":"https:\/\/promenaadimajad.ee\/fi\/wp-json\/wp\/v2\/types\/page"}],"author":[{"embeddable":true,"href":"https:\/\/promenaadimajad.ee\/fi\/wp-json\/wp\/v2\/users\/5"}],"replies":[{"embeddable":true,"href":"https:\/\/promenaadimajad.ee\/fi\/wp-json\/wp\/v2\/comments?post=914"}],"version-history":[{"count":1,"href":"https:\/\/promenaadimajad.ee\/fi\/wp-json\/wp\/v2\/pages\/914\/revisions"}],"predecessor-version":[{"id":1720,"href":"https:\/\/promenaadimajad.ee\/fi\/wp-json\/wp\/v2\/pages\/914\/revisions\/1720"}],"wp:attachment":[{"href":"https:\/\/promenaadimajad.ee\/fi\/wp-json\/wp\/v2\/media?parent=914"}],"curies":[{"name":"wp","href":"https:\/\/api.w.org\/{rel}","templated":true}]}}