{"id":909,"date":"2016-03-10T10:35:09","date_gmt":"2016-03-10T08:35:09","guid":{"rendered":"http:\/\/promenaadimaja.ee\/fi\/muugiinfo\/"},"modified":"2018-07-30T12:41:09","modified_gmt":"2018-07-30T09:41:09","slug":"myyntitiedot","status":"publish","type":"page","link":"https:\/\/promenaadimajad.ee\/fi\/myyntitiedot\/","title":{"rendered":"Myyntitiedot"},"content":{"rendered":"<div class=\"example\">Esimerkiksi otettaessa 30\u00a0000 euron asuntolaina, jolla on kiinte\u00e4 3,0%:n korko vuodessa, laina-aika 360 kuukautta ja j\u00e4rjestelypalkkio 300 euroa, niin alustava todellinen vuosikorko on 3,08%. Lainan vakuuden tulee olla vakuutettu koko laina-ajan. Vakuutuskustannukset riippuvat kuitenkin lainansaajan valitsemasta vakuutuksenantajasta eiv\u00e4tk\u00e4 siis ole lainanantajan tiedossa. Lainansaaja maksaa leimaveron ja notaarin palkkion vakuuksien asettamisesta, ja lainanantaja ei tied\u00e4 niiden lopullista suuruutta.<\/div>\n<h3>Varaaminen<\/h3>\n<p class=\"p1\">Asunnon voi varata maksutta kirjallisella pyynn\u00f6ll\u00e4 enint\u00e4\u00e4n kahdeksi viikoksi.<\/p>\n<h3>Velvoiteoikeudellinen sopimus<\/h3>\n<p class=\"p1\">Asiakkaan kanssa tehd\u00e4\u00e4n notaarin vahvistama velvoiteoikeudellinen myyntisopimus, jossa sovitaan kaikista kaupan ehdoista. Velvoiteoikeudellista sopimusta teht\u00e4ess\u00e4 ostaja maksaa 15% asunnon hinnasta.<\/p>\n<h3>Esineoikeudellinen sopimus<\/h3>\n<p class=\"p1\">Rakennuksen valmistuttua tehd\u00e4\u00e4n asunnon omistusoikeuden siirtymist\u00e4 koskeva esineoikeudellinen sopimus ja maksetaan loput 85% kauppahinnasta.<\/p>\n<h3>Muutosty\u00f6t<\/h3>\n<p>Kaupunkitalon (Linnamaja) sis\u00e4viimeistely paketin valitsemisen aika on mennyt umpeen.<\/p>\n<p>Perhetalo &amp; Torni (Peremaja) ja Yhteis\u00f6talojen (Kogukonnamaja) sis\u00e4viimeistelyn\u00a0aikarajasta sovitaan velvoiteoikeudellisessa myyntisopimuksessa.<\/p>\n<h3>Tietoja<\/h3>\n<p class=\"p1\"><span class=\"s1\">P\u00e4\u00e4urakoitsija on AS YIT Ehitus. Ensimm\u00e4isess\u00e4 vaiheessa rakennetaan Linnamaja (Kaupunkitalo), joka valmistuu vuoden 2016 loppuun menness\u00e4. Toisessa vaiheessa rakennetaan Peremaja (Perhetalo) ja Peremaja Torn (Perhetorni), kolmannessa vaiheessa valmistuu Kogukonnamaja (Yhdyskuntatalo). Perhetalo ja Perhetorni valmistuvat elokuussa 2017. Jos olet kiinnostunut toisessa tai kolmannessa vaiheessa rakennettavista asunnoista, ota yhteytt\u00e4 Liven Kinnisvara O\u00dc:n myyntip\u00e4\u00e4llikk\u00f6\u00f6n.<\/span><\/p>\n<p class=\"p1\">\u00a0<\/p>\n","protected":false},"excerpt":{"rendered":"<p>Esimerkiksi otettaessa 30\u00a0000 euron asuntolaina, jolla on kiinte\u00e4 3,0%:n korko vuodessa, laina-aika 360 kuukautta ja j\u00e4rjestelypalkkio 300 euroa, niin alustava todellinen vuosikorko on 3,08%. Lainan vakuuden tulee olla vakuutettu koko laina-ajan. Vakuutuskustannukset riippuvat kuitenkin lainansaajan valitsemasta vakuutuksenantajasta eiv\u00e4tk\u00e4 siis ole lainanantajan tiedossa. Lainansaaja maksaa leimaveron ja notaarin palkkion vakuuksien asettamisesta, ja lainanantaja ei tied\u00e4 niiden [&hellip;]<\/p>\n","protected":false},"author":5,"featured_media":0,"parent":0,"menu_order":0,"comment_status":"closed","ping_status":"closed","template":"","meta":{"_acf_changed":false,"inline_featured_image":false,"footnotes":""},"class_list":["post-909","page","type-page","status-publish","hentry"],"acf":[],"yoast_head":"<!-- This site is optimized with the Yoast SEO plugin v26.2 - https:\/\/yoast.com\/wordpress\/plugins\/seo\/ -->\n<title>Myyntitiedot - Promenaadimaja<\/title>\n<meta name=\"robots\" content=\"index, follow, max-snippet:-1, max-image-preview:large, max-video-preview:-1\" \/>\n<link rel=\"canonical\" href=\"https:\/\/promenaadimajad.ee\/fi\/myyntitiedot\/\" \/>\n<meta property=\"og:locale\" content=\"fi_FI\" \/>\n<meta property=\"og:type\" content=\"article\" \/>\n<meta property=\"og:title\" content=\"Myyntitiedot - Promenaadimaja\" \/>\n<meta property=\"og:description\" content=\"Esimerkiksi otettaessa 30\u00a0000 euron asuntolaina, jolla on kiinte\u00e4 3,0%:n korko vuodessa, laina-aika 360 kuukautta ja j\u00e4rjestelypalkkio 300 euroa, niin alustava todellinen vuosikorko on 3,08%. Lainan vakuuden tulee olla vakuutettu koko laina-ajan. Vakuutuskustannukset riippuvat kuitenkin lainansaajan valitsemasta vakuutuksenantajasta eiv\u00e4tk\u00e4 siis ole lainanantajan tiedossa. Lainansaaja maksaa leimaveron ja notaarin palkkion vakuuksien asettamisesta, ja lainanantaja ei tied\u00e4 niiden [&hellip;]\" \/>\n<meta property=\"og:url\" content=\"https:\/\/promenaadimajad.ee\/fi\/myyntitiedot\/\" \/>\n<meta property=\"og:site_name\" content=\"Promenaadimaja\" \/>\n<meta property=\"article:modified_time\" content=\"2018-07-30T09:41:09+00:00\" \/>\n<meta name=\"twitter:card\" content=\"summary_large_image\" \/>\n<meta name=\"twitter:label1\" content=\"Arvioitu lukuaika\" \/>\n\t<meta name=\"twitter:data1\" content=\"1 minuutti\" \/>\n<script type=\"application\/ld+json\" class=\"yoast-schema-graph\">{\"@context\":\"https:\/\/schema.org\",\"@graph\":[{\"@type\":\"WebPage\",\"@id\":\"https:\/\/promenaadimajad.ee\/fi\/myyntitiedot\/\",\"url\":\"https:\/\/promenaadimajad.ee\/fi\/myyntitiedot\/\",\"name\":\"Myyntitiedot - Promenaadimaja\",\"isPartOf\":{\"@id\":\"https:\/\/promenaadimajad.ee\/#website\"},\"datePublished\":\"2016-03-10T08:35:09+00:00\",\"dateModified\":\"2018-07-30T09:41:09+00:00\",\"breadcrumb\":{\"@id\":\"https:\/\/promenaadimajad.ee\/fi\/myyntitiedot\/#breadcrumb\"},\"inLanguage\":\"fi\",\"potentialAction\":[{\"@type\":\"ReadAction\",\"target\":[\"https:\/\/promenaadimajad.ee\/fi\/myyntitiedot\/\"]}]},{\"@type\":\"BreadcrumbList\",\"@id\":\"https:\/\/promenaadimajad.ee\/fi\/myyntitiedot\/#breadcrumb\",\"itemListElement\":[{\"@type\":\"ListItem\",\"position\":1,\"name\":\"Home\",\"item\":\"https:\/\/promenaadimajad.ee\/fi\/\"},{\"@type\":\"ListItem\",\"position\":2,\"name\":\"Myyntitiedot\"}]},{\"@type\":\"WebSite\",\"@id\":\"https:\/\/promenaadimajad.ee\/#website\",\"url\":\"https:\/\/promenaadimajad.ee\/\",\"name\":\"Promenaadimaja\",\"description\":\"Kolm maja. Kolm elustiili. \u00dcks lummav vaade vanalinnale\",\"potentialAction\":[{\"@type\":\"SearchAction\",\"target\":{\"@type\":\"EntryPoint\",\"urlTemplate\":\"https:\/\/promenaadimajad.ee\/?s={search_term_string}\"},\"query-input\":{\"@type\":\"PropertyValueSpecification\",\"valueRequired\":true,\"valueName\":\"search_term_string\"}}],\"inLanguage\":\"fi\"}]}<\/script>\n<!-- \/ Yoast SEO plugin. -->","yoast_head_json":{"title":"Myyntitiedot - Promenaadimaja","robots":{"index":"index","follow":"follow","max-snippet":"max-snippet:-1","max-image-preview":"max-image-preview:large","max-video-preview":"max-video-preview:-1"},"canonical":"https:\/\/promenaadimajad.ee\/fi\/myyntitiedot\/","og_locale":"fi_FI","og_type":"article","og_title":"Myyntitiedot - Promenaadimaja","og_description":"Esimerkiksi otettaessa 30\u00a0000 euron asuntolaina, jolla on kiinte\u00e4 3,0%:n korko vuodessa, laina-aika 360 kuukautta ja j\u00e4rjestelypalkkio 300 euroa, niin alustava todellinen vuosikorko on 3,08%. Lainan vakuuden tulee olla vakuutettu koko laina-ajan. Vakuutuskustannukset riippuvat kuitenkin lainansaajan valitsemasta vakuutuksenantajasta eiv\u00e4tk\u00e4 siis ole lainanantajan tiedossa. Lainansaaja maksaa leimaveron ja notaarin palkkion vakuuksien asettamisesta, ja lainanantaja ei tied\u00e4 niiden [&hellip;]","og_url":"https:\/\/promenaadimajad.ee\/fi\/myyntitiedot\/","og_site_name":"Promenaadimaja","article_modified_time":"2018-07-30T09:41:09+00:00","twitter_card":"summary_large_image","twitter_misc":{"Arvioitu lukuaika":"1 minuutti"},"schema":{"@context":"https:\/\/schema.org","@graph":[{"@type":"WebPage","@id":"https:\/\/promenaadimajad.ee\/fi\/myyntitiedot\/","url":"https:\/\/promenaadimajad.ee\/fi\/myyntitiedot\/","name":"Myyntitiedot - Promenaadimaja","isPartOf":{"@id":"https:\/\/promenaadimajad.ee\/#website"},"datePublished":"2016-03-10T08:35:09+00:00","dateModified":"2018-07-30T09:41:09+00:00","breadcrumb":{"@id":"https:\/\/promenaadimajad.ee\/fi\/myyntitiedot\/#breadcrumb"},"inLanguage":"fi","potentialAction":[{"@type":"ReadAction","target":["https:\/\/promenaadimajad.ee\/fi\/myyntitiedot\/"]}]},{"@type":"BreadcrumbList","@id":"https:\/\/promenaadimajad.ee\/fi\/myyntitiedot\/#breadcrumb","itemListElement":[{"@type":"ListItem","position":1,"name":"Home","item":"https:\/\/promenaadimajad.ee\/fi\/"},{"@type":"ListItem","position":2,"name":"Myyntitiedot"}]},{"@type":"WebSite","@id":"https:\/\/promenaadimajad.ee\/#website","url":"https:\/\/promenaadimajad.ee\/","name":"Promenaadimaja","description":"Kolm maja. Kolm elustiili. \u00dcks lummav vaade vanalinnale","potentialAction":[{"@type":"SearchAction","target":{"@type":"EntryPoint","urlTemplate":"https:\/\/promenaadimajad.ee\/?s={search_term_string}"},"query-input":{"@type":"PropertyValueSpecification","valueRequired":true,"valueName":"search_term_string"}}],"inLanguage":"fi"}]}},"_links":{"self":[{"href":"https:\/\/promenaadimajad.ee\/fi\/wp-json\/wp\/v2\/pages\/909","targetHints":{"allow":["GET"]}}],"collection":[{"href":"https:\/\/promenaadimajad.ee\/fi\/wp-json\/wp\/v2\/pages"}],"about":[{"href":"https:\/\/promenaadimajad.ee\/fi\/wp-json\/wp\/v2\/types\/page"}],"author":[{"embeddable":true,"href":"https:\/\/promenaadimajad.ee\/fi\/wp-json\/wp\/v2\/users\/5"}],"replies":[{"embeddable":true,"href":"https:\/\/promenaadimajad.ee\/fi\/wp-json\/wp\/v2\/comments?post=909"}],"version-history":[{"count":14,"href":"https:\/\/promenaadimajad.ee\/fi\/wp-json\/wp\/v2\/pages\/909\/revisions"}],"predecessor-version":[{"id":13222,"href":"https:\/\/promenaadimajad.ee\/fi\/wp-json\/wp\/v2\/pages\/909\/revisions\/13222"}],"wp:attachment":[{"href":"https:\/\/promenaadimajad.ee\/fi\/wp-json\/wp\/v2\/media?parent=909"}],"curies":[{"name":"wp","href":"https:\/\/api.w.org\/{rel}","templated":true}]}}