{"id":883,"date":"2016-03-10T08:16:51","date_gmt":"2016-03-10T06:16:51","guid":{"rendered":"http:\/\/promenaadimaja.ee\/fi\/asukoht\/"},"modified":"2017-12-13T11:41:38","modified_gmt":"2017-12-13T09:41:38","slug":"sijainti","status":"publish","type":"page","link":"https:\/\/promenaadimajad.ee\/fi\/sijainti\/","title":{"rendered":"SIJAINTI"},"content":{"rendered":"<p>[vc_row css=&#8221;.vc_custom_1488305808048{margin: 0px !important;}&#8221;][vc_column css=&#8221;.vc_custom_1488305800019{margin: 0px !important;padding: 0px !important;}&#8221;][blk_intro_img img=&#8221;12965&#8243;][\/vc_column][\/vc_row][vc_row][vc_column css=&#8221;.vc_custom_1488129178992{margin: 0px !important;border-width: 0px !important;padding: 0px !important;}&#8221;][blk_h1_padding title=&#8221;KATSO KARTTAA&#8221;][blk_maps][blk_h1_padding title=&#8221;KAIKKI TARVITTAVA VAIN K\u00c4VELYMATKAN P\u00c4\u00c4SS\u00c4&#8221;][blk_img img=&#8221;5645&#8243;][\/vc_column][\/vc_row]<\/p>\n","protected":false},"excerpt":{"rendered":"<p>[vc_row css=&#8221;.vc_custom_1488305808048{margin: 0px !important;}&#8221;][vc_column css=&#8221;.vc_custom_1488305800019{margin: 0px !important;padding: 0px !important;}&#8221;][blk_intro_img img=&#8221;12965&#8243;][\/vc_column][\/vc_row][vc_row][vc_column css=&#8221;.vc_custom_1488129178992{margin: 0px !important;border-width: 0px !important;padding: 0px !important;}&#8221;][blk_h1_padding title=&#8221;KATSO KARTTAA&#8221;][blk_maps][blk_h1_padding title=&#8221;KAIKKI TARVITTAVA VAIN K\u00c4VELYMATKAN P\u00c4\u00c4SS\u00c4&#8221;][blk_img img=&#8221;5645&#8243;][\/vc_column][\/vc_row]<\/p>\n","protected":false},"author":5,"featured_media":0,"parent":0,"menu_order":0,"comment_status":"closed","ping_status":"closed","template":"","meta":{"_acf_changed":false,"inline_featured_image":false,"footnotes":""},"class_list":["post-883","page","type-page","status-publish","hentry"],"acf":[],"yoast_head":"<!-- This site is optimized with the Yoast SEO plugin v26.2 - https:\/\/yoast.com\/wordpress\/plugins\/seo\/ -->\n<title>SIJAINTI - Promenaadimaja<\/title>\n<meta name=\"robots\" content=\"index, follow, max-snippet:-1, max-image-preview:large, max-video-preview:-1\" \/>\n<link rel=\"canonical\" href=\"https:\/\/promenaadimajad.ee\/fi\/sijainti\/\" \/>\n<meta property=\"og:locale\" content=\"fi_FI\" \/>\n<meta property=\"og:type\" content=\"article\" \/>\n<meta property=\"og:title\" content=\"SIJAINTI - Promenaadimaja\" \/>\n<meta property=\"og:description\" content=\"[vc_row css=&#8221;.vc_custom_1488305808048{margin: 0px !important;}&#8221;][vc_column css=&#8221;.vc_custom_1488305800019{margin: 0px !important;padding: 0px !important;}&#8221;][blk_intro_img img=&#8221;12965&#8243;][\/vc_column][\/vc_row][vc_row][vc_column css=&#8221;.vc_custom_1488129178992{margin: 0px !important;border-width: 0px !important;padding: 0px !important;}&#8221;][blk_h1_padding title=&#8221;KATSO KARTTAA&#8221;][blk_maps][blk_h1_padding title=&#8221;KAIKKI TARVITTAVA VAIN K\u00c4VELYMATKAN P\u00c4\u00c4SS\u00c4&#8221;][blk_img img=&#8221;5645&#8243;][\/vc_column][\/vc_row]\" \/>\n<meta property=\"og:url\" content=\"https:\/\/promenaadimajad.ee\/fi\/sijainti\/\" \/>\n<meta property=\"og:site_name\" content=\"Promenaadimaja\" \/>\n<meta property=\"article:modified_time\" content=\"2017-12-13T09:41:38+00:00\" \/>\n<meta name=\"twitter:card\" content=\"summary_large_image\" \/>\n<script type=\"application\/ld+json\" class=\"yoast-schema-graph\">{\"@context\":\"https:\/\/schema.org\",\"@graph\":[{\"@type\":\"WebPage\",\"@id\":\"https:\/\/promenaadimajad.ee\/fi\/sijainti\/\",\"url\":\"https:\/\/promenaadimajad.ee\/fi\/sijainti\/\",\"name\":\"SIJAINTI - Promenaadimaja\",\"isPartOf\":{\"@id\":\"https:\/\/promenaadimajad.ee\/#website\"},\"datePublished\":\"2016-03-10T06:16:51+00:00\",\"dateModified\":\"2017-12-13T09:41:38+00:00\",\"breadcrumb\":{\"@id\":\"https:\/\/promenaadimajad.ee\/fi\/sijainti\/#breadcrumb\"},\"inLanguage\":\"fi\",\"potentialAction\":[{\"@type\":\"ReadAction\",\"target\":[\"https:\/\/promenaadimajad.ee\/fi\/sijainti\/\"]}]},{\"@type\":\"BreadcrumbList\",\"@id\":\"https:\/\/promenaadimajad.ee\/fi\/sijainti\/#breadcrumb\",\"itemListElement\":[{\"@type\":\"ListItem\",\"position\":1,\"name\":\"Home\",\"item\":\"https:\/\/promenaadimajad.ee\/fi\/\"},{\"@type\":\"ListItem\",\"position\":2,\"name\":\"SIJAINTI\"}]},{\"@type\":\"WebSite\",\"@id\":\"https:\/\/promenaadimajad.ee\/#website\",\"url\":\"https:\/\/promenaadimajad.ee\/\",\"name\":\"Promenaadimaja\",\"description\":\"Kolm maja. Kolm elustiili. \u00dcks lummav vaade vanalinnale\",\"potentialAction\":[{\"@type\":\"SearchAction\",\"target\":{\"@type\":\"EntryPoint\",\"urlTemplate\":\"https:\/\/promenaadimajad.ee\/?s={search_term_string}\"},\"query-input\":{\"@type\":\"PropertyValueSpecification\",\"valueRequired\":true,\"valueName\":\"search_term_string\"}}],\"inLanguage\":\"fi\"}]}<\/script>\n<!-- \/ Yoast SEO plugin. -->","yoast_head_json":{"title":"SIJAINTI - Promenaadimaja","robots":{"index":"index","follow":"follow","max-snippet":"max-snippet:-1","max-image-preview":"max-image-preview:large","max-video-preview":"max-video-preview:-1"},"canonical":"https:\/\/promenaadimajad.ee\/fi\/sijainti\/","og_locale":"fi_FI","og_type":"article","og_title":"SIJAINTI - Promenaadimaja","og_description":"[vc_row css=&#8221;.vc_custom_1488305808048{margin: 0px !important;}&#8221;][vc_column css=&#8221;.vc_custom_1488305800019{margin: 0px !important;padding: 0px !important;}&#8221;][blk_intro_img img=&#8221;12965&#8243;][\/vc_column][\/vc_row][vc_row][vc_column css=&#8221;.vc_custom_1488129178992{margin: 0px !important;border-width: 0px !important;padding: 0px !important;}&#8221;][blk_h1_padding title=&#8221;KATSO KARTTAA&#8221;][blk_maps][blk_h1_padding title=&#8221;KAIKKI TARVITTAVA VAIN K\u00c4VELYMATKAN P\u00c4\u00c4SS\u00c4&#8221;][blk_img img=&#8221;5645&#8243;][\/vc_column][\/vc_row]","og_url":"https:\/\/promenaadimajad.ee\/fi\/sijainti\/","og_site_name":"Promenaadimaja","article_modified_time":"2017-12-13T09:41:38+00:00","twitter_card":"summary_large_image","schema":{"@context":"https:\/\/schema.org","@graph":[{"@type":"WebPage","@id":"https:\/\/promenaadimajad.ee\/fi\/sijainti\/","url":"https:\/\/promenaadimajad.ee\/fi\/sijainti\/","name":"SIJAINTI - Promenaadimaja","isPartOf":{"@id":"https:\/\/promenaadimajad.ee\/#website"},"datePublished":"2016-03-10T06:16:51+00:00","dateModified":"2017-12-13T09:41:38+00:00","breadcrumb":{"@id":"https:\/\/promenaadimajad.ee\/fi\/sijainti\/#breadcrumb"},"inLanguage":"fi","potentialAction":[{"@type":"ReadAction","target":["https:\/\/promenaadimajad.ee\/fi\/sijainti\/"]}]},{"@type":"BreadcrumbList","@id":"https:\/\/promenaadimajad.ee\/fi\/sijainti\/#breadcrumb","itemListElement":[{"@type":"ListItem","position":1,"name":"Home","item":"https:\/\/promenaadimajad.ee\/fi\/"},{"@type":"ListItem","position":2,"name":"SIJAINTI"}]},{"@type":"WebSite","@id":"https:\/\/promenaadimajad.ee\/#website","url":"https:\/\/promenaadimajad.ee\/","name":"Promenaadimaja","description":"Kolm maja. Kolm elustiili. \u00dcks lummav vaade vanalinnale","potentialAction":[{"@type":"SearchAction","target":{"@type":"EntryPoint","urlTemplate":"https:\/\/promenaadimajad.ee\/?s={search_term_string}"},"query-input":{"@type":"PropertyValueSpecification","valueRequired":true,"valueName":"search_term_string"}}],"inLanguage":"fi"}]}},"_links":{"self":[{"href":"https:\/\/promenaadimajad.ee\/fi\/wp-json\/wp\/v2\/pages\/883","targetHints":{"allow":["GET"]}}],"collection":[{"href":"https:\/\/promenaadimajad.ee\/fi\/wp-json\/wp\/v2\/pages"}],"about":[{"href":"https:\/\/promenaadimajad.ee\/fi\/wp-json\/wp\/v2\/types\/page"}],"author":[{"embeddable":true,"href":"https:\/\/promenaadimajad.ee\/fi\/wp-json\/wp\/v2\/users\/5"}],"replies":[{"embeddable":true,"href":"https:\/\/promenaadimajad.ee\/fi\/wp-json\/wp\/v2\/comments?post=883"}],"version-history":[{"count":5,"href":"https:\/\/promenaadimajad.ee\/fi\/wp-json\/wp\/v2\/pages\/883\/revisions"}],"predecessor-version":[{"id":12979,"href":"https:\/\/promenaadimajad.ee\/fi\/wp-json\/wp\/v2\/pages\/883\/revisions\/12979"}],"wp:attachment":[{"href":"https:\/\/promenaadimajad.ee\/fi\/wp-json\/wp\/v2\/media?parent=883"}],"curies":[{"name":"wp","href":"https:\/\/api.w.org\/{rel}","templated":true}]}}