{"id":877,"date":"2016-03-10T11:05:12","date_gmt":"2016-03-10T09:05:12","guid":{"rendered":"http:\/\/promenaadimaja.ee\/fi\/uus-sudalinn\/"},"modified":"2016-03-16T17:52:04","modified_gmt":"2016-03-16T15:52:04","slug":"uusi-ydinkeskusta","status":"publish","type":"page","link":"https:\/\/promenaadimajad.ee\/fi\/sijainti\/uusi-ydinkeskusta\/","title":{"rendered":"Sijainti"},"content":{"rendered":"<p class=\"p1\"><span class=\"s1\">Siell\u00e4, mihin rajautuvat Rotermanni-kortteli, vanhakaupunki ja Admiraliteedi-allas, kohoaa pian Tallinnan upein kaupunginosa \u2013 Admiraliteedi-kortteli. Ensimm\u00e4isen\u00e4 uudessa ydinkeskustassa valmistuu Promenaadi Maja (Promenaditalo), jossa on 120 asuntoa.<\/span><\/p>\n<p class=\"p1\"><span class=\"s1\">On monta syyt\u00e4 hankkia upea koti. T\u00e4rkein niist\u00e4 on sijainti. Promenaadi Majan ikkunoista avautuu n\u00e4kym\u00e4 vanhaankaupunkiin. K\u00e4velymatkan p\u00e4\u00e4ss\u00e4 on ostoskeskuksia, teattereita, elokuvateattereita, maan parhaita ravintoloita ja oma venepaikka Admiraliteedi-altaan laiturissa. Kaiken lis\u00e4ksi asut keskell\u00e4 raikasta meri-ilmaa.<\/span><\/p>\n<p class=\"p1\"><span class=\"s1\">Pian sinun ei tarvitse tehd\u00e4 pitk\u00e4\u00e4 k\u00e4vely\u00e4 edes p\u00e4\u00e4st\u00e4ksesi ravintolaan tai ostoskeskukseen, koska niit\u00e4 on aivan kohta my\u00f6s kotikulmillasi. Siell\u00e4, miss\u00e4 sykkii pian kaupungin moderni, eurooppalainen syd\u00e4n.<\/span><\/p>\n","protected":false},"excerpt":{"rendered":"<p>Siell\u00e4, mihin rajautuvat Rotermanni-kortteli, vanhakaupunki ja Admiraliteedi-allas, kohoaa pian Tallinnan upein kaupunginosa \u2013 Admiraliteedi-kortteli. Ensimm\u00e4isen\u00e4 uudessa ydinkeskustassa valmistuu Promenaadi Maja (Promenaditalo), jossa on 120 asuntoa. On monta syyt\u00e4 hankkia upea koti. T\u00e4rkein niist\u00e4 on sijainti. Promenaadi Majan ikkunoista avautuu n\u00e4kym\u00e4 vanhaankaupunkiin. K\u00e4velymatkan p\u00e4\u00e4ss\u00e4 on ostoskeskuksia, teattereita, elokuvateattereita, maan parhaita ravintoloita ja oma venepaikka Admiraliteedi-altaan laiturissa. [&hellip;]<\/p>\n","protected":false},"author":5,"featured_media":0,"parent":883,"menu_order":0,"comment_status":"closed","ping_status":"closed","template":"","meta":{"_acf_changed":false,"inline_featured_image":false,"footnotes":""},"class_list":["post-877","page","type-page","status-publish","hentry"],"acf":[],"yoast_head":"<!-- This site is optimized with the Yoast SEO plugin v26.2 - https:\/\/yoast.com\/wordpress\/plugins\/seo\/ -->\n<title>Sijainti - Promenaadimaja<\/title>\n<meta name=\"robots\" content=\"index, follow, max-snippet:-1, max-image-preview:large, max-video-preview:-1\" \/>\n<link rel=\"canonical\" href=\"https:\/\/promenaadimajad.ee\/fi\/sijainti\/uusi-ydinkeskusta\/\" \/>\n<meta property=\"og:locale\" content=\"fi_FI\" \/>\n<meta property=\"og:type\" content=\"article\" \/>\n<meta property=\"og:title\" content=\"Sijainti - Promenaadimaja\" \/>\n<meta property=\"og:description\" content=\"Siell\u00e4, mihin rajautuvat Rotermanni-kortteli, vanhakaupunki ja Admiraliteedi-allas, kohoaa pian Tallinnan upein kaupunginosa \u2013 Admiraliteedi-kortteli. Ensimm\u00e4isen\u00e4 uudessa ydinkeskustassa valmistuu Promenaadi Maja (Promenaditalo), jossa on 120 asuntoa. On monta syyt\u00e4 hankkia upea koti. T\u00e4rkein niist\u00e4 on sijainti. Promenaadi Majan ikkunoista avautuu n\u00e4kym\u00e4 vanhaankaupunkiin. K\u00e4velymatkan p\u00e4\u00e4ss\u00e4 on ostoskeskuksia, teattereita, elokuvateattereita, maan parhaita ravintoloita ja oma venepaikka Admiraliteedi-altaan laiturissa. [&hellip;]\" \/>\n<meta property=\"og:url\" content=\"https:\/\/promenaadimajad.ee\/fi\/sijainti\/uusi-ydinkeskusta\/\" \/>\n<meta property=\"og:site_name\" content=\"Promenaadimaja\" \/>\n<meta property=\"article:modified_time\" content=\"2016-03-16T15:52:04+00:00\" \/>\n<meta name=\"twitter:card\" content=\"summary_large_image\" \/>\n<script type=\"application\/ld+json\" class=\"yoast-schema-graph\">{\"@context\":\"https:\/\/schema.org\",\"@graph\":[{\"@type\":\"WebPage\",\"@id\":\"https:\/\/promenaadimajad.ee\/fi\/sijainti\/uusi-ydinkeskusta\/\",\"url\":\"https:\/\/promenaadimajad.ee\/fi\/sijainti\/uusi-ydinkeskusta\/\",\"name\":\"Sijainti - Promenaadimaja\",\"isPartOf\":{\"@id\":\"https:\/\/promenaadimajad.ee\/#website\"},\"datePublished\":\"2016-03-10T09:05:12+00:00\",\"dateModified\":\"2016-03-16T15:52:04+00:00\",\"breadcrumb\":{\"@id\":\"https:\/\/promenaadimajad.ee\/fi\/sijainti\/uusi-ydinkeskusta\/#breadcrumb\"},\"inLanguage\":\"fi\",\"potentialAction\":[{\"@type\":\"ReadAction\",\"target\":[\"https:\/\/promenaadimajad.ee\/fi\/sijainti\/uusi-ydinkeskusta\/\"]}]},{\"@type\":\"BreadcrumbList\",\"@id\":\"https:\/\/promenaadimajad.ee\/fi\/sijainti\/uusi-ydinkeskusta\/#breadcrumb\",\"itemListElement\":[{\"@type\":\"ListItem\",\"position\":1,\"name\":\"Home\",\"item\":\"https:\/\/promenaadimajad.ee\/fi\/\"},{\"@type\":\"ListItem\",\"position\":2,\"name\":\"SIJAINTI\",\"item\":\"https:\/\/promenaadimajad.ee\/fi\/sijainti\/\"},{\"@type\":\"ListItem\",\"position\":3,\"name\":\"Sijainti\"}]},{\"@type\":\"WebSite\",\"@id\":\"https:\/\/promenaadimajad.ee\/#website\",\"url\":\"https:\/\/promenaadimajad.ee\/\",\"name\":\"Promenaadimaja\",\"description\":\"Kolm maja. Kolm elustiili. \u00dcks lummav vaade vanalinnale\",\"potentialAction\":[{\"@type\":\"SearchAction\",\"target\":{\"@type\":\"EntryPoint\",\"urlTemplate\":\"https:\/\/promenaadimajad.ee\/?s={search_term_string}\"},\"query-input\":{\"@type\":\"PropertyValueSpecification\",\"valueRequired\":true,\"valueName\":\"search_term_string\"}}],\"inLanguage\":\"fi\"}]}<\/script>\n<!-- \/ Yoast SEO plugin. -->","yoast_head_json":{"title":"Sijainti - Promenaadimaja","robots":{"index":"index","follow":"follow","max-snippet":"max-snippet:-1","max-image-preview":"max-image-preview:large","max-video-preview":"max-video-preview:-1"},"canonical":"https:\/\/promenaadimajad.ee\/fi\/sijainti\/uusi-ydinkeskusta\/","og_locale":"fi_FI","og_type":"article","og_title":"Sijainti - Promenaadimaja","og_description":"Siell\u00e4, mihin rajautuvat Rotermanni-kortteli, vanhakaupunki ja Admiraliteedi-allas, kohoaa pian Tallinnan upein kaupunginosa \u2013 Admiraliteedi-kortteli. Ensimm\u00e4isen\u00e4 uudessa ydinkeskustassa valmistuu Promenaadi Maja (Promenaditalo), jossa on 120 asuntoa. On monta syyt\u00e4 hankkia upea koti. T\u00e4rkein niist\u00e4 on sijainti. Promenaadi Majan ikkunoista avautuu n\u00e4kym\u00e4 vanhaankaupunkiin. K\u00e4velymatkan p\u00e4\u00e4ss\u00e4 on ostoskeskuksia, teattereita, elokuvateattereita, maan parhaita ravintoloita ja oma venepaikka Admiraliteedi-altaan laiturissa. [&hellip;]","og_url":"https:\/\/promenaadimajad.ee\/fi\/sijainti\/uusi-ydinkeskusta\/","og_site_name":"Promenaadimaja","article_modified_time":"2016-03-16T15:52:04+00:00","twitter_card":"summary_large_image","schema":{"@context":"https:\/\/schema.org","@graph":[{"@type":"WebPage","@id":"https:\/\/promenaadimajad.ee\/fi\/sijainti\/uusi-ydinkeskusta\/","url":"https:\/\/promenaadimajad.ee\/fi\/sijainti\/uusi-ydinkeskusta\/","name":"Sijainti - Promenaadimaja","isPartOf":{"@id":"https:\/\/promenaadimajad.ee\/#website"},"datePublished":"2016-03-10T09:05:12+00:00","dateModified":"2016-03-16T15:52:04+00:00","breadcrumb":{"@id":"https:\/\/promenaadimajad.ee\/fi\/sijainti\/uusi-ydinkeskusta\/#breadcrumb"},"inLanguage":"fi","potentialAction":[{"@type":"ReadAction","target":["https:\/\/promenaadimajad.ee\/fi\/sijainti\/uusi-ydinkeskusta\/"]}]},{"@type":"BreadcrumbList","@id":"https:\/\/promenaadimajad.ee\/fi\/sijainti\/uusi-ydinkeskusta\/#breadcrumb","itemListElement":[{"@type":"ListItem","position":1,"name":"Home","item":"https:\/\/promenaadimajad.ee\/fi\/"},{"@type":"ListItem","position":2,"name":"SIJAINTI","item":"https:\/\/promenaadimajad.ee\/fi\/sijainti\/"},{"@type":"ListItem","position":3,"name":"Sijainti"}]},{"@type":"WebSite","@id":"https:\/\/promenaadimajad.ee\/#website","url":"https:\/\/promenaadimajad.ee\/","name":"Promenaadimaja","description":"Kolm maja. Kolm elustiili. \u00dcks lummav vaade vanalinnale","potentialAction":[{"@type":"SearchAction","target":{"@type":"EntryPoint","urlTemplate":"https:\/\/promenaadimajad.ee\/?s={search_term_string}"},"query-input":{"@type":"PropertyValueSpecification","valueRequired":true,"valueName":"search_term_string"}}],"inLanguage":"fi"}]}},"_links":{"self":[{"href":"https:\/\/promenaadimajad.ee\/fi\/wp-json\/wp\/v2\/pages\/877","targetHints":{"allow":["GET"]}}],"collection":[{"href":"https:\/\/promenaadimajad.ee\/fi\/wp-json\/wp\/v2\/pages"}],"about":[{"href":"https:\/\/promenaadimajad.ee\/fi\/wp-json\/wp\/v2\/types\/page"}],"author":[{"embeddable":true,"href":"https:\/\/promenaadimajad.ee\/fi\/wp-json\/wp\/v2\/users\/5"}],"replies":[{"embeddable":true,"href":"https:\/\/promenaadimajad.ee\/fi\/wp-json\/wp\/v2\/comments?post=877"}],"version-history":[{"count":2,"href":"https:\/\/promenaadimajad.ee\/fi\/wp-json\/wp\/v2\/pages\/877\/revisions"}],"predecessor-version":[{"id":1711,"href":"https:\/\/promenaadimajad.ee\/fi\/wp-json\/wp\/v2\/pages\/877\/revisions\/1711"}],"up":[{"embeddable":true,"href":"https:\/\/promenaadimajad.ee\/fi\/wp-json\/wp\/v2\/pages\/883"}],"wp:attachment":[{"href":"https:\/\/promenaadimajad.ee\/fi\/wp-json\/wp\/v2\/media?parent=877"}],"curies":[{"name":"wp","href":"https:\/\/api.w.org\/{rel}","templated":true}]}}