{"id":6229,"date":"2017-03-22T08:57:10","date_gmt":"2017-03-22T06:57:10","guid":{"rendered":"http:\/\/promenaadimaja.taavikybar.com\/fi\/aripinnad\/"},"modified":"2024-05-29T13:07:05","modified_gmt":"2024-05-29T10:07:05","slug":"liiketilat","status":"publish","type":"page","link":"https:\/\/promenaadimajad.ee\/fi\/liiketilat\/","title":{"rendered":"LIIKETILAT"},"content":{"rendered":"<p>[vc_row][vc_column css=&#8221;.vc_custom_1488111523513{margin: 0px !important;border-width: 0px !important;padding: 0px !important;}&#8221;][blk_intro_small title=&#8221;Rakennuksen ensimm\u00e4iseen kerrokseen on suunniteltu yhtens\u00e4 noin 3700 m2 vuokrattavia liiketiloja.&#8221; img=&#8221;5945&#8243;][\/vc_column][\/vc_row][vc_row][vc_column][vc_column_text]<\/p>\n<p>Suurimmat liiketilat (pinta-ala noin 100 \u2013 1000 m\u00b2) sijaitsevat v\u00e4litt\u00f6m\u00e4sti avaran promenadin vieress\u00e4. Vain jalankulkijoille tarkoitetun kadun leveys on 20 metri\u00e4. Vuokratilojen kadun puolinen lattiasta 3 metrin korkuinen lasisein\u00e4 takaa liikkeiden hyv\u00e4n n\u00e4kyvyyden ulkopuolelta, luonnollisen valon sek\u00e4 asiakkaiden p\u00e4\u00e4syn suoraan promenadilta. Oma sis\u00e4\u00e4np\u00e4\u00e4sy takaa liikkeille mahdollisuuden avata ovet tavallisesta ajasta aikaisemmin ja\/tai suljeta my\u00f6hemmin.<\/p>\n<p>\n<\/br><\/p>\n<p>Pienemm\u00e4t vuokratilat (pinta-ala alkaen noin 40 m\u00b2) sijaitsevat talon l\u00e4pi kulkevan sis\u00e4kadun (k\u00e4yt\u00e4v\u00e4n) vieress\u00e4. T\u00e4m\u00e4 k\u00e4yt\u00e4v\u00e4 on korkea, leve\u00e4 ja luonnollisella valaistuksella. Sielt\u00e4 p\u00e4\u00e4see kuljetusk\u00e4yt\u00e4viin ja se on tarkoitettu suurempien liikkeiden k\u00e4ytt\u00f6\u00f6n.<\/p>\n<p>\n<\/br><\/p>\n<p>Liikkeille tarkoitettu 85-paikkainen pys\u00e4k\u00f6intialue sijaitse 1. kerroksessa, jossa on my\u00f6s autopesula. Promenadin talon v\u00e4litt\u00f6m\u00e4ss\u00e4 l\u00e4heisyydess\u00e4 sijaitse my\u00f6s Europark-yhti\u00f6n pys\u00e4k\u00f6intialue EP27.<\/p>\n<p>[\/vc_column_text][blk_button big=&#8221;jah&#8221; text=&#8221;KATSO POHJAKUVAA &#8221; link=&#8221;\/aripinnad\/aripinnad-plaan\/&#8221;][\/vc_column][\/vc_row][vc_row disable_element=&#8221;yes&#8221;][vc_column width=&#8221;1\/2&#8243; css=&#8221;.vc_custom_1490676169917{background-image: url(https:\/\/promenaadimajad.ee\/wp-content\/uploads\/aripinnad1.jpg?id=5946) !important;}&#8221;][\/vc_column][vc_column width=&#8221;1\/2&#8243; el_class=&#8221;valge-tekst&#8221; css=&#8221;.vc_custom_1488112181556{background-color: #0a1e40 !important;}&#8221;][blk_h1 title=&#8221;RAVINTOLAT JA KAHVILAT&#8221;][vc_column_text]<\/p>\n<p>Vuokratilojen kadun puolinen lattiasta kolmen(3) metrin korkuinen lasisein\u00e4 takaa liikkeiden hyv\u00e4n n\u00e4kyvyyden ulkopuolelta, luonnollisen valon sek\u00e4 asiakkaiden p\u00e4\u00e4syn suoraan promenadilta. Oma sis\u00e4\u00e4np\u00e4\u00e4sy takaa liikkeille mahdollisuuden avata ovet tavallisesta ajasta aikaisemmin ja\/tai suljeta my\u00f6hemmin. Tilojen korkeus vaihtele 3 metrist\u00e4 4,8 metriin.<\/p>\n<p>[\/vc_column_text][\/vc_column][\/vc_row][vc_row disable_element=&#8221;yes&#8221;][vc_column width=&#8221;1\/2&#8243;][blk_h1 title=&#8221;MYYM\u00c4L\u00c4T JA BUTIIKIT&#8221;][vc_column_text]<\/p>\n<p>Pienemm\u00e4t vuokratilat (pinta-ala alkaen noin 40 m2) sijaitsevat talon l\u00e4pi kulkevan sis\u00e4kadun (k\u00e4yt\u00e4v\u00e4n) vieress\u00e4. T\u00e4m\u00e4 k\u00e4yt\u00e4v\u00e4 on korkea, leve\u00e4 ja luonnollisella valaistuksella. Luonnollinen valo p\u00e4\u00e4see my\u00f6s siell\u00e4 sijaitseviin liikkeisiin. Meill\u00e4 on mahdollista muuttaa liiketilojen kokoa, yhdist\u00e4m\u00e4ll\u00e4 vierekk\u00e4in sijaitsevia tiloja. Ensimm\u00e4isess\u00e4 kerroksessa sijaitse lastaustila, johon mahtuu yhtaikaa kaksi kuorma-autoa. Sielt\u00e4 p\u00e4\u00e4see kuljetusk\u00e4yt\u00e4viin ja se on tarkoitettu suurempien liikkeiden k\u00e4ytt\u00f6\u00f6n.<\/p>\n<p>[\/vc_column_text][\/vc_column][vc_column width=&#8221;1\/2&#8243; css=&#8221;.vc_custom_1519117315871{background-image: url(https:\/\/promenaadimajad.ee\/wp-content\/uploads\/promenaadi-pood-1-toode-2.jpg?id=13067) !important;}&#8221;][\/vc_column][\/vc_row][vc_row disable_element=&#8221;yes&#8221;][vc_column width=&#8221;1\/2&#8243; css=&#8221;.vc_custom_1519117336158{background-image: url(https:\/\/promenaadimajad.ee\/wp-content\/uploads\/promenaadi-pood-2-toode-1.jpg?id=13066) !important;}&#8221;][\/vc_column][vc_column width=&#8221;1\/2&#8243; css=&#8221;.vc_custom_1488112158459{background-color: #0a1e40 !important;}&#8221; el_class=&#8221;valge-tekst&#8221;][blk_h1 title=&#8221;B\u00dcROOD JA KONTORID&#8221;][vc_column_text]<\/p>\n<p>Luonnollisen valon ja mukavan ty\u00f6ymp\u00e4rist\u00f6n takaa vuokratilojen 2,3 metri\u00e4 korkea ja 8,6 metri\u00e4 leve\u00e4 lasisein\u00e4. Sein\u00e4ss\u00e4 on ovi, josta p\u00e4\u00e4see suoraan terassille.<\/p>\n<p>Toimistoja varten on mahdollista rakentaa lis\u00e4tiloja.<\/p>\n<p>[\/vc_column_text][\/vc_column][\/vc_row][vc_row disable_element=&#8221;yes&#8221;][vc_column css=&#8221;.vc_custom_1488111523513{margin: 0px !important;border-width: 0px !important;padding: 0px !important;}&#8221;][blk_intro_small title=&#8221;TEKNINEN TIETO&#8221; img=&#8221;5945&#8243;][\/vc_column][\/vc_row][vc_row disable_element=&#8221;yes&#8221; css=&#8221;.vc_custom_1556712697670{margin-top: 30px !important;margin-bottom: 30px !important;}&#8221;][vc_column width=&#8221;1\/2&#8243; css=&#8221;.vc_custom_1490164349991{margin-bottom: 0px !important;}&#8221;][vc_column_text css=&#8221;.vc_custom_1491814827970{margin-bottom: 0px !important;}&#8221;]<\/p>\n<p>Vuokratilojen kolminkertaisista lasipaketeista rakennettu, \u00e4\u00e4nt\u00e4 hyvin vaimentava ulkosein\u00e4 takaa sen, ett\u00e4 tiloissa on mukavan hiljaista.<br \/>\n Vuokratilojen perusviimeistely: laatoitetut lattiat, maalatut sein\u00e4t ja pylv\u00e4\u00e4t, alakatto ja uppovalaisimet. Tilat voidaan rakentaa ja sisustaa vuokralaisten toiveiden mukaisesti, mukaan lukien tilat, joissa tarvitaan vett\u00e4 ja viem\u00e4rij\u00e4rjestelm\u00e4\u00e4. Tiloja l\u00e4mmitet\u00e4\u00e4n l\u00e4mmitetyll\u00e4 sis\u00e4\u00e4ntuloilmalla. Ei ole k\u00e4ytetty l\u00e4mp\u00f6pattereita, jotka h\u00e4iritsisiv\u00e4t vuokratilojen k\u00e4ytt\u00f6\u00e4 ja muotoilua. Vuokratilojen j\u00e4\u00e4hdytys tapahtuu sis\u00e4\u00e4ntuloilman j\u00e4\u00e4hdytt\u00e4misen avulla. Tarvittaessa asennetaan lis\u00e4ksi j\u00e4\u00e4hdytyskasetit.<\/p>\n<p>[\/vc_column_text][\/vc_column][vc_column width=&#8221;1\/2&#8243; css=&#8221;.vc_custom_1488112379536{border-left-width: 2px !important;border-left-color: #0a1e40 !important;border-left-style: solid !important;}&#8221;][vc_column_text css=&#8221;.vc_custom_1491814840987{margin-bottom: 0px !important;}&#8221;]<\/p>\n<p>Energiatehokkaita ratkaisuja: kaukol\u00e4mmityksen lis\u00e4ksi k\u00e4ytet\u00e4\u00e4n rakennuksessa maal\u00e4mmityst\u00e4. Lis\u00e4energiaa saadaan 20 metrin syvyydess\u00e4 olevista energiapaaluista. K\u00e4ytet\u00e4\u00e4n my\u00f6s j\u00e4\u00e4hdytysj\u00e4rjestelm\u00e4st\u00e4 vapautuvaa l\u00e4mp\u00f6\u00e4. J\u00e4\u00e4hdytykseen tarvittavan energian s\u00e4\u00e4st\u00e4miseksi ja huippukuormituksen v\u00e4hent\u00e4miseksi p\u00e4iv\u00e4ll\u00e4 k\u00e4ytet\u00e4\u00e4n tilojen j\u00e4\u00e4hdytt\u00e4mist\u00e4 etuk\u00e4teen \u2013 j\u00e4\u00e4hdytet\u00e4\u00e4n rakenteita ja sisustusta. Talon sivukulut ovat pieni\u00e4. Promenadin talot kuuluvat A-energialuokkaan.<\/p>\n<p>[\/vc_column_text][\/vc_column][\/vc_row]<\/p>\n","protected":false},"excerpt":{"rendered":"<p>[vc_row][vc_column css=&#8221;.vc_custom_1488111523513{margin: 0px !important;border-width: 0px !important;padding: 0px !important;}&#8221;][blk_intro_small title=&#8221;Rakennuksen ensimm\u00e4iseen kerrokseen on suunniteltu yhtens\u00e4 noin 3700 m2 vuokrattavia liiketiloja.&#8221; img=&#8221;5945&#8243;][\/vc_column][\/vc_row][vc_row][vc_column][vc_column_text] Suurimmat liiketilat (pinta-ala noin 100 \u2013 1000 m\u00b2) sijaitsevat v\u00e4litt\u00f6m\u00e4sti avaran promenadin vieress\u00e4. Vain jalankulkijoille tarkoitetun kadun leveys on 20 metri\u00e4. Vuokratilojen kadun puolinen lattiasta 3 metrin korkuinen lasisein\u00e4 takaa liikkeiden hyv\u00e4n n\u00e4kyvyyden ulkopuolelta, luonnollisen [&hellip;]<\/p>\n","protected":false},"author":5,"featured_media":0,"parent":0,"menu_order":0,"comment_status":"closed","ping_status":"closed","template":"","meta":{"_acf_changed":false,"inline_featured_image":false,"footnotes":""},"class_list":["post-6229","page","type-page","status-publish","hentry"],"acf":[],"yoast_head":"<!-- This site is optimized with the Yoast SEO plugin v26.2 - https:\/\/yoast.com\/wordpress\/plugins\/seo\/ -->\n<title>Commercial Spaces and Real Estate \u2014 at Promenaadi Majad<\/title>\n<meta name=\"description\" content=\"From spacious promenade-facing shops to cozy inner-street locales, benefit from flexible lease terms, eco-efficient design and a strategic location next to Euro Park\" \/>\n<meta name=\"robots\" content=\"index, follow, max-snippet:-1, max-image-preview:large, max-video-preview:-1\" \/>\n<link rel=\"canonical\" href=\"https:\/\/promenaadimajad.ee\/fi\/liiketilat\/\" \/>\n<meta property=\"og:locale\" content=\"fi_FI\" \/>\n<meta property=\"og:type\" content=\"article\" \/>\n<meta property=\"og:title\" content=\"Commercial Spaces and Real Estate \u2014 at Promenaadi Majad\" \/>\n<meta property=\"og:description\" content=\"From spacious promenade-facing shops to cozy inner-street locales, benefit from flexible lease terms, eco-efficient design and a strategic location next to Euro Park\" \/>\n<meta property=\"og:url\" content=\"https:\/\/promenaadimajad.ee\/fi\/liiketilat\/\" \/>\n<meta property=\"og:site_name\" content=\"Promenaadimaja\" \/>\n<meta property=\"article:modified_time\" content=\"2024-05-29T10:07:05+00:00\" \/>\n<meta name=\"twitter:card\" content=\"summary_large_image\" \/>\n<meta name=\"twitter:label1\" content=\"Arvioitu lukuaika\" \/>\n\t<meta name=\"twitter:data1\" content=\"3 minuuttia\" \/>\n<script type=\"application\/ld+json\" class=\"yoast-schema-graph\">{\"@context\":\"https:\/\/schema.org\",\"@graph\":[{\"@type\":\"WebPage\",\"@id\":\"https:\/\/promenaadimajad.ee\/fi\/liiketilat\/\",\"url\":\"https:\/\/promenaadimajad.ee\/fi\/liiketilat\/\",\"name\":\"Commercial Spaces and Real Estate \u2014 at Promenaadi Majad\",\"isPartOf\":{\"@id\":\"https:\/\/promenaadimajad.ee\/#website\"},\"datePublished\":\"2017-03-22T06:57:10+00:00\",\"dateModified\":\"2024-05-29T10:07:05+00:00\",\"description\":\"From spacious promenade-facing shops to cozy inner-street locales, benefit from flexible lease terms, eco-efficient design and a strategic location next to Euro Park\",\"breadcrumb\":{\"@id\":\"https:\/\/promenaadimajad.ee\/fi\/liiketilat\/#breadcrumb\"},\"inLanguage\":\"fi\",\"potentialAction\":[{\"@type\":\"ReadAction\",\"target\":[\"https:\/\/promenaadimajad.ee\/fi\/liiketilat\/\"]}]},{\"@type\":\"BreadcrumbList\",\"@id\":\"https:\/\/promenaadimajad.ee\/fi\/liiketilat\/#breadcrumb\",\"itemListElement\":[{\"@type\":\"ListItem\",\"position\":1,\"name\":\"Home\",\"item\":\"https:\/\/promenaadimajad.ee\/fi\/\"},{\"@type\":\"ListItem\",\"position\":2,\"name\":\"LIIKETILAT\"}]},{\"@type\":\"WebSite\",\"@id\":\"https:\/\/promenaadimajad.ee\/#website\",\"url\":\"https:\/\/promenaadimajad.ee\/\",\"name\":\"Promenaadimaja\",\"description\":\"Kolm maja. Kolm elustiili. \u00dcks lummav vaade vanalinnale\",\"potentialAction\":[{\"@type\":\"SearchAction\",\"target\":{\"@type\":\"EntryPoint\",\"urlTemplate\":\"https:\/\/promenaadimajad.ee\/?s={search_term_string}\"},\"query-input\":{\"@type\":\"PropertyValueSpecification\",\"valueRequired\":true,\"valueName\":\"search_term_string\"}}],\"inLanguage\":\"fi\"}]}<\/script>\n<!-- \/ Yoast SEO plugin. -->","yoast_head_json":{"title":"Commercial Spaces and Real Estate \u2014 at Promenaadi Majad","description":"From spacious promenade-facing shops to cozy inner-street locales, benefit from flexible lease terms, eco-efficient design and a strategic location next to Euro Park","robots":{"index":"index","follow":"follow","max-snippet":"max-snippet:-1","max-image-preview":"max-image-preview:large","max-video-preview":"max-video-preview:-1"},"canonical":"https:\/\/promenaadimajad.ee\/fi\/liiketilat\/","og_locale":"fi_FI","og_type":"article","og_title":"Commercial Spaces and Real Estate \u2014 at Promenaadi Majad","og_description":"From spacious promenade-facing shops to cozy inner-street locales, benefit from flexible lease terms, eco-efficient design and a strategic location next to Euro Park","og_url":"https:\/\/promenaadimajad.ee\/fi\/liiketilat\/","og_site_name":"Promenaadimaja","article_modified_time":"2024-05-29T10:07:05+00:00","twitter_card":"summary_large_image","twitter_misc":{"Arvioitu lukuaika":"3 minuuttia"},"schema":{"@context":"https:\/\/schema.org","@graph":[{"@type":"WebPage","@id":"https:\/\/promenaadimajad.ee\/fi\/liiketilat\/","url":"https:\/\/promenaadimajad.ee\/fi\/liiketilat\/","name":"Commercial Spaces and Real Estate \u2014 at Promenaadi Majad","isPartOf":{"@id":"https:\/\/promenaadimajad.ee\/#website"},"datePublished":"2017-03-22T06:57:10+00:00","dateModified":"2024-05-29T10:07:05+00:00","description":"From spacious promenade-facing shops to cozy inner-street locales, benefit from flexible lease terms, eco-efficient design and a strategic location next to Euro Park","breadcrumb":{"@id":"https:\/\/promenaadimajad.ee\/fi\/liiketilat\/#breadcrumb"},"inLanguage":"fi","potentialAction":[{"@type":"ReadAction","target":["https:\/\/promenaadimajad.ee\/fi\/liiketilat\/"]}]},{"@type":"BreadcrumbList","@id":"https:\/\/promenaadimajad.ee\/fi\/liiketilat\/#breadcrumb","itemListElement":[{"@type":"ListItem","position":1,"name":"Home","item":"https:\/\/promenaadimajad.ee\/fi\/"},{"@type":"ListItem","position":2,"name":"LIIKETILAT"}]},{"@type":"WebSite","@id":"https:\/\/promenaadimajad.ee\/#website","url":"https:\/\/promenaadimajad.ee\/","name":"Promenaadimaja","description":"Kolm maja. Kolm elustiili. \u00dcks lummav vaade vanalinnale","potentialAction":[{"@type":"SearchAction","target":{"@type":"EntryPoint","urlTemplate":"https:\/\/promenaadimajad.ee\/?s={search_term_string}"},"query-input":{"@type":"PropertyValueSpecification","valueRequired":true,"valueName":"search_term_string"}}],"inLanguage":"fi"}]}},"_links":{"self":[{"href":"https:\/\/promenaadimajad.ee\/fi\/wp-json\/wp\/v2\/pages\/6229","targetHints":{"allow":["GET"]}}],"collection":[{"href":"https:\/\/promenaadimajad.ee\/fi\/wp-json\/wp\/v2\/pages"}],"about":[{"href":"https:\/\/promenaadimajad.ee\/fi\/wp-json\/wp\/v2\/types\/page"}],"author":[{"embeddable":true,"href":"https:\/\/promenaadimajad.ee\/fi\/wp-json\/wp\/v2\/users\/5"}],"replies":[{"embeddable":true,"href":"https:\/\/promenaadimajad.ee\/fi\/wp-json\/wp\/v2\/comments?post=6229"}],"version-history":[{"count":4,"href":"https:\/\/promenaadimajad.ee\/fi\/wp-json\/wp\/v2\/pages\/6229\/revisions"}],"predecessor-version":[{"id":13720,"href":"https:\/\/promenaadimajad.ee\/fi\/wp-json\/wp\/v2\/pages\/6229\/revisions\/13720"}],"wp:attachment":[{"href":"https:\/\/promenaadimajad.ee\/fi\/wp-json\/wp\/v2\/media?parent=6229"}],"curies":[{"name":"wp","href":"https:\/\/api.w.org\/{rel}","templated":true}]}}