{"id":6220,"date":"2017-02-22T20:10:46","date_gmt":"2017-02-22T18:10:46","guid":{"rendered":"http:\/\/promenaadimaja.taavikybar.com\/fi\/hoonetest\/"},"modified":"2024-05-29T13:06:32","modified_gmt":"2024-05-29T10:06:32","slug":"rakennuksista","status":"publish","type":"page","link":"https:\/\/promenaadimajad.ee\/fi\/rakennuksista\/","title":{"rendered":"RAKENNUKSISTA"},"content":{"rendered":"<p>[vc_row][vc_column css=&#8221;.vc_custom_1488111523513{margin: 0px !important;border-width: 0px !important;padding: 0px !important;}&#8221;][blk_intro_small title=&#8221;Kolme taloa, kolme luonnetta.&#8221; img=&#8221;5935&#8243;][\/vc_column][\/vc_row][vc_row el_id=&#8221;linnamaja&#8221;][vc_column width=&#8221;1\/2&#8243; css=&#8221;.vc_custom_1490164987781{background-image: url(https:\/\/promenaadimajad.ee\/wp-content\/uploads\/hoonetest_linnamaja.jpg?id=5937) !important;}&#8221;][\/vc_column][vc_column width=&#8221;1\/2&#8243; el_class=&#8221;valge-tekst&#8221; css=&#8221;.vc_custom_1488112181556{background-color: #0a1e40 !important;}&#8221;][blk_h1 title=&#8221;KAUPUNGINTALO&#8221;][vc_column_text]<\/p>\n<p>T\u00e4ll\u00e4 talolla on n\u00e4ytt\u00e4vin sijainti. Sill\u00e4 on yleinen atriumpiha, jossa sijaitsee viihtyis\u00e4 kahvila. Talosta avautuvat upeat n\u00e4kym\u00e4t vanhallekaupungille ja sen ylimmiss\u00e4 kerroksissa ovat korkeat loft-asunnot. Kaupungintalon el\u00e4m\u00e4ntyyli on nopea ja kaupunkilainen. Kaupungintalon julkisivu on p\u00e4\u00e4llystetty luonnons\u00e4vyisill\u00e4 kalkkikivilaatoilla.<\/p>\n<p>[\/vc_column_text][blk_button page=&#8221;&#8221; link=&#8221;\/fi\/houses\/linnamaja\/&#8221; text=&#8221;KATSO HINNASTOA&#8221;][blk_button page=&#8221;&#8221; link=&#8221;\/fi\/viimeistely\/&#8221; text=&#8221;KATSO VIIMEISTELY\u00c4&#8221;][\/vc_column][\/vc_row][vc_row el_id=&#8221;peremaja&#8221;][vc_column width=&#8221;1\/2&#8243;][blk_h1 title=&#8221;PERHETALO&#8221;][vc_column_text]<\/p>\n<p>Kompakti ja perhe-el\u00e4m\u00e4n vaatimuksia parhaiten vastaava talo, jossa on my\u00f6s korkeita loft-asuntoja. Perhetaloa luonnehtii n\u00e4ytt\u00e4v\u00e4 ja mieleenpainuva julkisivuratkaisu, joka on kadun ja pihan puolella erilainen. Julkisivumateriaalina on k\u00e4ytetty valssattua kuparipelti\u00e4.<\/p>\n<p>[\/vc_column_text][blk_button text=&#8221;KATSO HINNASTOA&#8221; link=&#8221;\/fi\/houses\/perhetalo\/&#8221;][blk_button page=&#8221;&#8221; link=&#8221;fi\/viimeistely\/#torn&#8221; text=&#8221;KATSO VIIMEISTELY\u00c4&#8221;][\/vc_column][vc_column width=&#8221;1\/2&#8243; css=&#8221;.vc_custom_1492500995147{background-image: url(https:\/\/promenaadimajad.ee\/wp-content\/uploads\/Promenaadi-majade-Drooni-pilt-TOODE-2-min-1.jpg?id=6438) !important;}&#8221;][\/vc_column][\/vc_row][vc_row el_id=&#8221;torn&#8221;][vc_column width=&#8221;1\/2&#8243; css=&#8221;.vc_custom_1490880884547{background-image: url(https:\/\/promenaadimajad.ee\/wp-content\/uploads\/promenaadi_tutvustus3-1.jpg?id=6086) !important;}&#8221;][\/vc_column][vc_column width=&#8221;1\/2&#8243; css=&#8221;.vc_custom_1488112158459{background-color: #0a1e40 !important;}&#8221; el_class=&#8221;valge-tekst&#8221;][blk_h1 title=&#8221;TORNI&#8221;][vc_column_text]<\/p>\n<p>Torni on luotu ihmiselle, joka arvostaa ydinkeskuksen vieh\u00e4tyksi\u00e4, mutta samalla yksityisyytt\u00e4. Tornin jokaisessa kerroksessa on vain yksi asunto, josta avautuvat n\u00e4kym\u00e4t moneen suuntaan. Tornin julkisivu on p\u00e4\u00e4llystetty mustilla kiillotetuilla betonilaatoilla.<\/p>\n<p>[\/vc_column_text][blk_button text=&#8221;KATSO HINNASTOA&#8221; link=&#8221;\/fi\/houses\/perhetorni\/&#8221;][blk_button page=&#8221;&#8221; link=&#8221;\/fi\/viimeistely\/#torn&#8221; text=&#8221;KATSO VIIMEISTELY\u00c4&#8221;][\/vc_column][\/vc_row][vc_row][vc_column css=&#8221;.vc_custom_1488111523513{margin: 0px !important;border-width: 0px !important;padding: 0px !important;}&#8221;][blk_intro_small title=&#8221;Rakennusten tekninen kuvaus.&#8221; img=&#8221;5935&#8243;][\/vc_column][\/vc_row][vc_row][vc_column width=&#8221;1\/3&#8243;][vc_column_text]<\/p>\n<h1>ENERGIAPAALUT<\/h1>\n<p>Promenadin taloissa k\u00e4ytet\u00e4\u00e4n ensimm\u00e4ist\u00e4 kertaa Virossa energiapaaluja, jotka ovat 20 metrin syvyydess\u00e4 ja s\u00e4\u00e4st\u00e4v\u00e4t noin kolmanneksen l\u00e4mmityskustannuksista. Rakennuksilla on energiatehokkuuden luokka A.<\/p>\n<p>[\/vc_column_text][\/vc_column][vc_column width=&#8221;1\/3&#8243; css=&#8221;.vc_custom_1490876790462{margin-bottom: -50px !important;}&#8221;][vc_column_text]<\/p>\n<h1>ILMANVAIHTO<\/h1>\n<p>L\u00e4mm\u00f6ntalteenotolla varustettu keskusilmanvaihto. Sis\u00e4\u00e4ntuloilma suodatetaan ilmanvaihtolaitteissa, jotka sijaitsevat talon ullakkokerroksen ilmanvaihtohuoneessa.<\/p>\n<p>[\/vc_column_text][\/vc_column][vc_column width=&#8221;1\/3&#8243;][vc_column_text]<\/p>\n<h1>L\u00c4MMITYS<\/h1>\n<p>Yhdistetty maal\u00e4mmitys ja kaukol\u00e4mmitys. Asunnoissa on vesilattial\u00e4mmitys, porrask\u00e4yt\u00e4viss\u00e4 ovat l\u00e4mp\u00f6patterit ja maanalaisessa parkkihallissa k\u00e4ytet\u00e4\u00e4n ilmal\u00e4mmityst\u00e4. Asuntojen l\u00e4mp\u00f6tilaa s\u00e4\u00e4det\u00e4\u00e4n termostaatilla.<\/p>\n<p>[\/vc_column_text][\/vc_column][\/vc_row][vc_row][vc_column width=&#8221;1\/3&#8243;][vc_column_text]<\/p>\n<h1>VESI JA VIEM\u00c4RIST\u00d6<\/h1>\n<p>Talojen k\u00e4yt\u00f6ss\u00e4 on yhteinen paikallinen l\u00e4mmityskeskus, veden kulutus mitataan kaukoluvulla. Saniteettilaitteet asennetaan sis\u00e4viimeistelypakettien mukaisesti.<\/p>\n<p>[\/vc_column_text][\/vc_column][vc_column width=&#8221;1\/3&#8243;][vc_column_text]<\/p>\n<h1>J\u00c4\u00c4HDYTYS<\/h1>\n<p>Kes\u00e4ajan sis\u00e4l\u00e4mp\u00f6tilojen hallintaa varten on loft-asuntoihin ja auringon puolisiin asuntoihin suunniteltu j\u00e4\u00e4hdytysj\u00e4rjestelm\u00e4. Huoneiden j\u00e4\u00e4hdytys tapahtuu vesij\u00e4\u00e4hdytyksen avulla. Asuntojen kattojen alle on asennettu j\u00e4\u00e4hdytyskasetit. L\u00e4mp\u00f6tilaa s\u00e4\u00e4det\u00e4\u00e4n l\u00e4mmitysj\u00e4rjestelm\u00e4n kanssa yhteisell\u00e4 termostaatilla. Kaikkien asuntojen j\u00e4\u00e4hdytyskustannukset mitataan kaukoluvulla.<\/p>\n<p>[\/vc_column_text][\/vc_column][vc_column width=&#8221;1\/3&#8243;][vc_column_text]<\/p>\n<h1>HISSI<\/h1>\n<p>Asuinrakennuksiin on asennettu mukavat hissit, jotka kulkevat maanalaisesta parkkihallista kaikkiin maanp\u00e4\u00e4llisiin kerroksiin. Tornissa on erikseen hissi, jolla p\u00e4\u00e4see omaan kerrokseen, jossa on p\u00e4\u00e4sy vain yhteen asuntoon.<\/p>\n<p>[\/vc_column_text][\/vc_column][\/vc_row][vc_row][vc_column width=&#8221;1\/3&#8243;][vc_column_text]<\/p>\n<h1>PARVEKKET\/TERASSIT<\/h1>\n<p>Kaikilla ylimm\u00e4n kerroksen eksklusiivisilla loft-asunnoilla on oma yksityinen kattoterassi. Muiden asuntojen parvekkeet ja terassit ovat riitt\u00e4v\u00e4sti isoja ja mukavia.<\/p>\n<p>[\/vc_column_text][\/vc_column][vc_column width=&#8221;1\/3&#8243;][vc_column_text]<\/p>\n<h1>VIHERRAKENTAMINEN<\/h1>\n<p>Perhetalon terassilla ovat kasvit laatikoissa. Terassi on p\u00e4\u00e4llystetty betonilaatoilla. Kaupungintalon kahvilan terassilla kasvavat laatikoissa pensaat ja hein\u00e4kasvit.<\/p>\n<p>[\/vc_column_text][\/vc_column][vc_column width=&#8221;1\/3&#8243;][vc_column_text]<\/p>\n<h1>OVET<\/h1>\n<p>Asunnoissa ovat viilupintaiset puuovet. Rappuk\u00e4yt\u00e4vien ulko-ovet ovat alumiiniprofiilisia lasiovia, v\u00e4lik\u00e4yt\u00e4viss\u00e4 ovat puuprofiiliset lasiovet.<\/p>\n<p>[\/vc_column_text][\/vc_column][\/vc_row][vc_row][vc_column width=&#8221;1\/3&#8243;][vc_column_text]<\/p>\n<h1>RAKENNELMAT<\/h1>\n<p>Talot on rakennettu paaluperustuksille. Kellari ja ensimm\u00e4inen kerros on rakennettu monoliittibetonista, muut kerrokset ter\u00e4sbetonielementeist\u00e4.<\/p>\n<p>[\/vc_column_text][\/vc_column][vc_column width=&#8221;1\/3&#8243;][vc_column_text]<\/p>\n<h1>PYS\u00c4K\u00d6INTI JA S\u00c4ILYTYSTILAT<\/h1>\n<p>Jokaiselle asunnolle on mahdollista saada oma parkkipaikka ja s\u00e4ilytystila, jotka sijaitsevat kahdessa maanalaisessa kerroksessa. Niihin p\u00e4\u00e4see mukavasti hissill\u00e4.<\/p>\n<p>[\/vc_column_text][\/vc_column][vc_column width=&#8221;1\/3&#8243;][vc_column_text]<\/p>\n<h1>IKKUNAT<\/h1>\n<p>Saksalaistyyppiset puu-alumiini-ikkunat.<\/p>\n<p>[\/vc_column_text][\/vc_column][\/vc_row]<\/p>\n","protected":false},"excerpt":{"rendered":"<p>[vc_row][vc_column css=&#8221;.vc_custom_1488111523513{margin: 0px !important;border-width: 0px !important;padding: 0px !important;}&#8221;][blk_intro_small title=&#8221;Kolme taloa, kolme luonnetta.&#8221; img=&#8221;5935&#8243;][\/vc_column][\/vc_row][vc_row el_id=&#8221;linnamaja&#8221;][vc_column width=&#8221;1\/2&#8243; css=&#8221;.vc_custom_1490164987781{background-image: url(https:\/\/promenaadimajad.ee\/wp-content\/uploads\/hoonetest_linnamaja.jpg?id=5937) !important;}&#8221;][\/vc_column][vc_column width=&#8221;1\/2&#8243; el_class=&#8221;valge-tekst&#8221; css=&#8221;.vc_custom_1488112181556{background-color: #0a1e40 !important;}&#8221;][blk_h1 title=&#8221;KAUPUNGINTALO&#8221;][vc_column_text] T\u00e4ll\u00e4 talolla on n\u00e4ytt\u00e4vin sijainti. Sill\u00e4 on yleinen atriumpiha, jossa sijaitsee viihtyis\u00e4 kahvila. Talosta avautuvat upeat n\u00e4kym\u00e4t vanhallekaupungille ja sen ylimmiss\u00e4 kerroksissa ovat korkeat loft-asunnot. Kaupungintalon el\u00e4m\u00e4ntyyli on nopea ja kaupunkilainen. [&hellip;]<\/p>\n","protected":false},"author":5,"featured_media":0,"parent":0,"menu_order":0,"comment_status":"closed","ping_status":"closed","template":"","meta":{"_acf_changed":false,"inline_featured_image":false,"footnotes":""},"class_list":["post-6220","page","type-page","status-publish","hentry"],"acf":[],"yoast_head":"<!-- This site is optimized with the Yoast SEO plugin v26.2 - https:\/\/yoast.com\/wordpress\/plugins\/seo\/ -->\n<title>City House, Family House, Tower \u2014 Trio of Promenaadi Majad<\/title>\n<meta name=\"description\" content=\"Each with its own character, the residences at Promenaadi Majad cater to diverse preferences - City House for the dynamic urbanite, Family House for serene family living and Tower for exclusive privacy with city charms\" \/>\n<meta name=\"robots\" content=\"index, follow, max-snippet:-1, max-image-preview:large, max-video-preview:-1\" \/>\n<link rel=\"canonical\" href=\"https:\/\/promenaadimajad.ee\/fi\/rakennuksista\/\" \/>\n<meta property=\"og:locale\" content=\"fi_FI\" \/>\n<meta property=\"og:type\" content=\"article\" \/>\n<meta property=\"og:title\" content=\"City House, Family House, Tower \u2014 Trio of Promenaadi Majad\" \/>\n<meta property=\"og:description\" content=\"Each with its own character, the residences at Promenaadi Majad cater to diverse preferences - City House for the dynamic urbanite, Family House for serene family living and Tower for exclusive privacy with city charms\" \/>\n<meta property=\"og:url\" content=\"https:\/\/promenaadimajad.ee\/fi\/rakennuksista\/\" \/>\n<meta property=\"og:site_name\" content=\"Promenaadimaja\" \/>\n<meta property=\"article:modified_time\" content=\"2024-05-29T10:06:32+00:00\" \/>\n<meta name=\"twitter:card\" content=\"summary_large_image\" \/>\n<meta name=\"twitter:label1\" content=\"Arvioitu lukuaika\" \/>\n\t<meta name=\"twitter:data1\" content=\"3 minuuttia\" \/>\n<script type=\"application\/ld+json\" class=\"yoast-schema-graph\">{\"@context\":\"https:\/\/schema.org\",\"@graph\":[{\"@type\":\"WebPage\",\"@id\":\"https:\/\/promenaadimajad.ee\/fi\/rakennuksista\/\",\"url\":\"https:\/\/promenaadimajad.ee\/fi\/rakennuksista\/\",\"name\":\"City House, Family House, Tower \u2014 Trio of Promenaadi Majad\",\"isPartOf\":{\"@id\":\"https:\/\/promenaadimajad.ee\/#website\"},\"datePublished\":\"2017-02-22T18:10:46+00:00\",\"dateModified\":\"2024-05-29T10:06:32+00:00\",\"description\":\"Each with its own character, the residences at Promenaadi Majad cater to diverse preferences - City House for the dynamic urbanite, Family House for serene family living and Tower for exclusive privacy with city charms\",\"breadcrumb\":{\"@id\":\"https:\/\/promenaadimajad.ee\/fi\/rakennuksista\/#breadcrumb\"},\"inLanguage\":\"fi\",\"potentialAction\":[{\"@type\":\"ReadAction\",\"target\":[\"https:\/\/promenaadimajad.ee\/fi\/rakennuksista\/\"]}]},{\"@type\":\"BreadcrumbList\",\"@id\":\"https:\/\/promenaadimajad.ee\/fi\/rakennuksista\/#breadcrumb\",\"itemListElement\":[{\"@type\":\"ListItem\",\"position\":1,\"name\":\"Home\",\"item\":\"https:\/\/promenaadimajad.ee\/fi\/\"},{\"@type\":\"ListItem\",\"position\":2,\"name\":\"RAKENNUKSISTA\"}]},{\"@type\":\"WebSite\",\"@id\":\"https:\/\/promenaadimajad.ee\/#website\",\"url\":\"https:\/\/promenaadimajad.ee\/\",\"name\":\"Promenaadimaja\",\"description\":\"Kolm maja. Kolm elustiili. \u00dcks lummav vaade vanalinnale\",\"potentialAction\":[{\"@type\":\"SearchAction\",\"target\":{\"@type\":\"EntryPoint\",\"urlTemplate\":\"https:\/\/promenaadimajad.ee\/?s={search_term_string}\"},\"query-input\":{\"@type\":\"PropertyValueSpecification\",\"valueRequired\":true,\"valueName\":\"search_term_string\"}}],\"inLanguage\":\"fi\"}]}<\/script>\n<!-- \/ Yoast SEO plugin. -->","yoast_head_json":{"title":"City House, Family House, Tower \u2014 Trio of Promenaadi Majad","description":"Each with its own character, the residences at Promenaadi Majad cater to diverse preferences - City House for the dynamic urbanite, Family House for serene family living and Tower for exclusive privacy with city charms","robots":{"index":"index","follow":"follow","max-snippet":"max-snippet:-1","max-image-preview":"max-image-preview:large","max-video-preview":"max-video-preview:-1"},"canonical":"https:\/\/promenaadimajad.ee\/fi\/rakennuksista\/","og_locale":"fi_FI","og_type":"article","og_title":"City House, Family House, Tower \u2014 Trio of Promenaadi Majad","og_description":"Each with its own character, the residences at Promenaadi Majad cater to diverse preferences - City House for the dynamic urbanite, Family House for serene family living and Tower for exclusive privacy with city charms","og_url":"https:\/\/promenaadimajad.ee\/fi\/rakennuksista\/","og_site_name":"Promenaadimaja","article_modified_time":"2024-05-29T10:06:32+00:00","twitter_card":"summary_large_image","twitter_misc":{"Arvioitu lukuaika":"3 minuuttia"},"schema":{"@context":"https:\/\/schema.org","@graph":[{"@type":"WebPage","@id":"https:\/\/promenaadimajad.ee\/fi\/rakennuksista\/","url":"https:\/\/promenaadimajad.ee\/fi\/rakennuksista\/","name":"City House, Family House, Tower \u2014 Trio of Promenaadi Majad","isPartOf":{"@id":"https:\/\/promenaadimajad.ee\/#website"},"datePublished":"2017-02-22T18:10:46+00:00","dateModified":"2024-05-29T10:06:32+00:00","description":"Each with its own character, the residences at Promenaadi Majad cater to diverse preferences - City House for the dynamic urbanite, Family House for serene family living and Tower for exclusive privacy with city charms","breadcrumb":{"@id":"https:\/\/promenaadimajad.ee\/fi\/rakennuksista\/#breadcrumb"},"inLanguage":"fi","potentialAction":[{"@type":"ReadAction","target":["https:\/\/promenaadimajad.ee\/fi\/rakennuksista\/"]}]},{"@type":"BreadcrumbList","@id":"https:\/\/promenaadimajad.ee\/fi\/rakennuksista\/#breadcrumb","itemListElement":[{"@type":"ListItem","position":1,"name":"Home","item":"https:\/\/promenaadimajad.ee\/fi\/"},{"@type":"ListItem","position":2,"name":"RAKENNUKSISTA"}]},{"@type":"WebSite","@id":"https:\/\/promenaadimajad.ee\/#website","url":"https:\/\/promenaadimajad.ee\/","name":"Promenaadimaja","description":"Kolm maja. Kolm elustiili. \u00dcks lummav vaade vanalinnale","potentialAction":[{"@type":"SearchAction","target":{"@type":"EntryPoint","urlTemplate":"https:\/\/promenaadimajad.ee\/?s={search_term_string}"},"query-input":{"@type":"PropertyValueSpecification","valueRequired":true,"valueName":"search_term_string"}}],"inLanguage":"fi"}]}},"_links":{"self":[{"href":"https:\/\/promenaadimajad.ee\/fi\/wp-json\/wp\/v2\/pages\/6220","targetHints":{"allow":["GET"]}}],"collection":[{"href":"https:\/\/promenaadimajad.ee\/fi\/wp-json\/wp\/v2\/pages"}],"about":[{"href":"https:\/\/promenaadimajad.ee\/fi\/wp-json\/wp\/v2\/types\/page"}],"author":[{"embeddable":true,"href":"https:\/\/promenaadimajad.ee\/fi\/wp-json\/wp\/v2\/users\/5"}],"replies":[{"embeddable":true,"href":"https:\/\/promenaadimajad.ee\/fi\/wp-json\/wp\/v2\/comments?post=6220"}],"version-history":[{"count":9,"href":"https:\/\/promenaadimajad.ee\/fi\/wp-json\/wp\/v2\/pages\/6220\/revisions"}],"predecessor-version":[{"id":14452,"href":"https:\/\/promenaadimajad.ee\/fi\/wp-json\/wp\/v2\/pages\/6220\/revisions\/14452"}],"wp:attachment":[{"href":"https:\/\/promenaadimajad.ee\/fi\/wp-json\/wp\/v2\/media?parent=6220"}],"curies":[{"name":"wp","href":"https:\/\/api.w.org\/{rel}","templated":true}]}}