{"id":6215,"date":"2017-02-22T20:08:55","date_gmt":"2017-02-22T18:08:55","guid":{"rendered":"http:\/\/promenaadimaja.taavikybar.com\/fi\/environment\/"},"modified":"2017-04-10T11:38:33","modified_gmt":"2017-04-10T08:38:33","slug":"ymparisto","status":"publish","type":"page","link":"https:\/\/promenaadimajad.ee\/fi\/ymparisto\/","title":{"rendered":"YMP\u00c4RIST\u00d6"},"content":{"rendered":"<p>[vc_row][vc_column css=&#8221;.vc_custom_1488111523513{margin: 0px !important;border-width: 0px !important;padding: 0px !important;}&#8221;][blk_intro_small title=&#8221;Parasta, jota meri ja kaupunki voivat tarjota.&#8221; img=&#8221;5539&#8243;][\/vc_column][\/vc_row][vc_row css=&#8221;.vc_custom_1488112370129{margin-top: 30px !important;margin-bottom: 30px !important;}&#8221;][vc_column width=&#8221;1\/2&#8243; css=&#8221;.vc_custom_1490164349991{margin-bottom: 0px !important;}&#8221;][vc_column_text css=&#8221;.vc_custom_1491813393165{margin-bottom: 0px !important;}&#8221;]<\/p>\n<p>Tallinnan satama-alueen kokonaisvaltainen kehitt\u00e4minen takaa erinomaiset yhteydet, mukavat jalankulkutiet ja turvallisen elinymp\u00e4rist\u00f6n. T\u00e4st\u00e4 p\u00e4\u00e4see nopeasti ja turvallisesti kouluun, harrastuskerhoon, t\u00f6ihin, puistoon tai merenrantaan k\u00e4velem\u00e4\u00e4n. Ja tietysti takaisiin kotiin. <\/p>\n<div style=\"height: 1px; width: 1px; position: absolute; left: -1000px; top: -1000px;\">\u00a0<\/div>\n<p>[\/vc_column_text][\/vc_column][vc_column width=&#8221;1\/2&#8243; css=&#8221;.vc_custom_1488112379536{border-left-width: 2px !important;border-left-color: #0a1e40 !important;border-left-style: solid !important;}&#8221;][vc_column_text css=&#8221;.vc_custom_1491813400030{margin-bottom: 0px !important;}&#8221;]<\/p>\n<p>T\u00e4rke\u00e4t vieraat, riippumatta siit\u00e4, onko heid\u00e4n vierailu lyhyt- tai pitk\u00e4aikaista, l\u00f6yt\u00e4v\u00e4t Promenadin talosta arvokkaan majapaikan. Vieraat ovat t\u00e4\u00e4ll\u00e4 kuin kotona.<\/p>\n<div style=\"height: 1px; width: 1px; position: absolute; left: -1000px; top: -1000px;\">\u00a0<\/div>\n<p>[\/vc_column_text][\/vc_column][\/vc_row][vc_row][vc_column width=&#8221;1\/2&#8243; css=&#8221;.vc_custom_1488112089599{background-image: url(https:\/\/promenaadimajad.ee\/wp-content\/uploads\/promenaadi_keskkond1.jpg?id=5540) !important;}&#8221;][\/vc_column][vc_column width=&#8221;1\/2&#8243; el_class=&#8221;valge-tekst&#8221; css=&#8221;.vc_custom_1488112181556{background-color: #0a1e40 !important;}&#8221;][blk_h1 title=&#8221;MERIKAUPUNKI TALLINNA&#8221;][vc_column_text]<\/p>\n<p>Tallinna on koko historiansa aikana ollut t\u00e4rke\u00e4 satama- ja merikaupunki. Siksi on luonnollista, ett\u00e4 kaupungin syd\u00e4n siirtyy takaisin merenrantaan, vanhankaupungin ja meren v\u00e4liin. Alueelle, jonka toista laitaa reunustavat historialliset kaupunginmuurit ja jonka toinen laita ottaa vastaan venesatamaan saapuvia vieraita. <br \/>\n Satama-alue kehittyy kokonaisvaltaisesti, tavoitteena luoda uusi, moderni ja vihre\u00e4\u00e4 ajattelutapaa tukeva kaupungin syd\u00e4n.<\/p>\n<p>[\/vc_column_text][\/vc_column][\/vc_row][vc_row][vc_column width=&#8221;1\/2&#8243;][blk_h1 title=&#8221;KESKIAIKAINEN VANHAKAUPUNKI \u2013 TALLINNAN YLPEYS&#8221;][vc_column_text]<\/p>\n<p>Tallinnan ylpeys on sen vanhakaupunki, joka on yksi Euroopan parhaiten s\u00e4ilyneit\u00e4 keskiaikaisia vanhakaupungeita. Unescon\u00a0maailmanperint\u00f6luetteloon kuuluva Tallinnan vanhakaupunki sijaitsee Promenadin taloista vain muutaman minuutin k\u00e4velymatkan p\u00e4\u00e4ss\u00e4. Promenadin talot tarjoavat asukkailleen my\u00f6s erinomaista mahdollisuutta nauttia kotiensa ikkunoista upeita n\u00e4kymi\u00e4 vanhallekaupungille.<\/p>\n<p>[\/vc_column_text][\/vc_column][vc_column width=&#8221;1\/2&#8243; css=&#8221;.vc_custom_1490164090989{background-image: url(https:\/\/promenaadimajad.ee\/wp-content\/uploads\/promenaadi_keskkond2.jpg?id=5541) !important;}&#8221;][\/vc_column][\/vc_row][vc_row][vc_column width=&#8221;1\/2&#8243; css=&#8221;.vc_custom_1490164209577{background-image: url(https:\/\/promenaadimajad.ee\/wp-content\/uploads\/keskkond.jpg?id=5926) !important;}&#8221;][\/vc_column][vc_column width=&#8221;1\/2&#8243; css=&#8221;.vc_custom_1488112158459{background-color: #0a1e40 !important;}&#8221; el_class=&#8221;valge-tekst&#8221;][blk_h1 title=&#8221;ASTU SILLALLE, JOKA VIE MAAILMAAN&#8221;][vc_column_text]<\/p>\n<p>Promenadin talon sijainti el\u00e4m\u00e4n valtasuonella antaa mahdollisuuden ehti\u00e4 nopeasti mihin tahansa paikkaan Tallinnassa, mutta sataman l\u00e4heisyys ja erinomaiset yhteydet lentoasemalle tekev\u00e4t siit\u00e4 sillan, joka vie maailmaan. Promenadin taloista voit astua suoraan kaupungin vilskeeseen, jossa odottavat teatterit, elokuvateatterit, ravintolat, yst\u00e4v\u00e4t, toimisto\u2026 Koti ei ole ainoastaan paikka, jossa voi lev\u00e4t\u00e4 ja nauttia loft-asunnon avarasta ikkunasta upeista n\u00e4kymist\u00e4. Se on el\u00e4m\u00e4ntyyli.<\/p>\n<p>[\/vc_column_text][\/vc_column][\/vc_row][vc_row][vc_column width=&#8221;1\/2&#8243;][blk_h1 title=&#8221;UUDEN JA VANHAN SYMBIOOSI \u2013 ROTERMANNIN KORTTELI&#8221;][vc_column_text]<\/p>\n<p>Rottermannin kortteli sijaitsee Tallinnan keskustassa, Promenadin talojen, meren sek\u00e4 vanhankaupungin v\u00e4litt\u00f6m\u00e4ss\u00e4 l\u00e4heisyydess\u00e4. Vanhassa teollisuuskorttelissa s\u00e4ilyneet historialliset rakennukset ovat saaneet uuden k\u00e4ytt\u00f6tarkoituksen. Ne on onnistuneesti yhdistetty n\u00e4ytt\u00e4v\u00e4\u00e4n moderniin arkkitehtuuriin. Vuonna 2001 sai Rotermannin kortteli arvokkaan milj\u00f6\u00f6n alueen tittelin.<\/p>\n<p>[\/vc_column_text][\/vc_column][vc_column width=&#8221;1\/2&#8243; css=&#8221;.vc_custom_1488112238052{background-image: url(https:\/\/promenaadimajad.ee\/wp-content\/uploads\/promenaadi_keskkond4.jpg?id=5543) !important;}&#8221;][\/vc_column][\/vc_row]<\/p>\n","protected":false},"excerpt":{"rendered":"<p>[vc_row][vc_column css=&#8221;.vc_custom_1488111523513{margin: 0px !important;border-width: 0px !important;padding: 0px !important;}&#8221;][blk_intro_small title=&#8221;Parasta, jota meri ja kaupunki voivat tarjota.&#8221; img=&#8221;5539&#8243;][\/vc_column][\/vc_row][vc_row css=&#8221;.vc_custom_1488112370129{margin-top: 30px !important;margin-bottom: 30px !important;}&#8221;][vc_column width=&#8221;1\/2&#8243; css=&#8221;.vc_custom_1490164349991{margin-bottom: 0px !important;}&#8221;][vc_column_text css=&#8221;.vc_custom_1491813393165{margin-bottom: 0px !important;}&#8221;] Tallinnan satama-alueen kokonaisvaltainen kehitt\u00e4minen takaa erinomaiset yhteydet, mukavat jalankulkutiet ja turvallisen elinymp\u00e4rist\u00f6n. T\u00e4st\u00e4 p\u00e4\u00e4see nopeasti ja turvallisesti kouluun, harrastuskerhoon, t\u00f6ihin, puistoon tai merenrantaan k\u00e4velem\u00e4\u00e4n. Ja tietysti takaisiin [&hellip;]<\/p>\n","protected":false},"author":5,"featured_media":0,"parent":0,"menu_order":0,"comment_status":"closed","ping_status":"closed","template":"","meta":{"_acf_changed":false,"inline_featured_image":false,"footnotes":""},"class_list":["post-6215","page","type-page","status-publish","hentry"],"acf":[],"yoast_head":"<!-- This site is optimized with the Yoast SEO plugin v26.2 - https:\/\/yoast.com\/wordpress\/plugins\/seo\/ -->\n<title>YMP\u00c4RIST\u00d6 - Promenaadimaja<\/title>\n<meta name=\"robots\" content=\"index, follow, max-snippet:-1, max-image-preview:large, max-video-preview:-1\" \/>\n<link rel=\"canonical\" href=\"https:\/\/promenaadimajad.ee\/fi\/ymparisto\/\" \/>\n<meta property=\"og:locale\" content=\"fi_FI\" \/>\n<meta property=\"og:type\" content=\"article\" \/>\n<meta property=\"og:title\" content=\"YMP\u00c4RIST\u00d6 - Promenaadimaja\" \/>\n<meta property=\"og:description\" content=\"[vc_row][vc_column css=&#8221;.vc_custom_1488111523513{margin: 0px !important;border-width: 0px !important;padding: 0px !important;}&#8221;][blk_intro_small title=&#8221;Parasta, jota meri ja kaupunki voivat tarjota.&#8221; img=&#8221;5539&#8243;][\/vc_column][\/vc_row][vc_row css=&#8221;.vc_custom_1488112370129{margin-top: 30px !important;margin-bottom: 30px !important;}&#8221;][vc_column width=&#8221;1\/2&#8243; css=&#8221;.vc_custom_1490164349991{margin-bottom: 0px !important;}&#8221;][vc_column_text css=&#8221;.vc_custom_1491813393165{margin-bottom: 0px !important;}&#8221;] Tallinnan satama-alueen kokonaisvaltainen kehitt\u00e4minen takaa erinomaiset yhteydet, mukavat jalankulkutiet ja turvallisen elinymp\u00e4rist\u00f6n. T\u00e4st\u00e4 p\u00e4\u00e4see nopeasti ja turvallisesti kouluun, harrastuskerhoon, t\u00f6ihin, puistoon tai merenrantaan k\u00e4velem\u00e4\u00e4n. Ja tietysti takaisiin [&hellip;]\" \/>\n<meta property=\"og:url\" content=\"https:\/\/promenaadimajad.ee\/fi\/ymparisto\/\" \/>\n<meta property=\"og:site_name\" content=\"Promenaadimaja\" \/>\n<meta property=\"article:modified_time\" content=\"2017-04-10T08:38:33+00:00\" \/>\n<meta name=\"twitter:card\" content=\"summary_large_image\" \/>\n<meta name=\"twitter:label1\" content=\"Arvioitu lukuaika\" \/>\n\t<meta name=\"twitter:data1\" content=\"3 minuuttia\" \/>\n<script type=\"application\/ld+json\" class=\"yoast-schema-graph\">{\"@context\":\"https:\/\/schema.org\",\"@graph\":[{\"@type\":\"WebPage\",\"@id\":\"https:\/\/promenaadimajad.ee\/fi\/ymparisto\/\",\"url\":\"https:\/\/promenaadimajad.ee\/fi\/ymparisto\/\",\"name\":\"YMP\u00c4RIST\u00d6 - Promenaadimaja\",\"isPartOf\":{\"@id\":\"https:\/\/promenaadimajad.ee\/#website\"},\"datePublished\":\"2017-02-22T18:08:55+00:00\",\"dateModified\":\"2017-04-10T08:38:33+00:00\",\"breadcrumb\":{\"@id\":\"https:\/\/promenaadimajad.ee\/fi\/ymparisto\/#breadcrumb\"},\"inLanguage\":\"fi\",\"potentialAction\":[{\"@type\":\"ReadAction\",\"target\":[\"https:\/\/promenaadimajad.ee\/fi\/ymparisto\/\"]}]},{\"@type\":\"BreadcrumbList\",\"@id\":\"https:\/\/promenaadimajad.ee\/fi\/ymparisto\/#breadcrumb\",\"itemListElement\":[{\"@type\":\"ListItem\",\"position\":1,\"name\":\"Home\",\"item\":\"https:\/\/promenaadimajad.ee\/fi\/\"},{\"@type\":\"ListItem\",\"position\":2,\"name\":\"YMP\u00c4RIST\u00d6\"}]},{\"@type\":\"WebSite\",\"@id\":\"https:\/\/promenaadimajad.ee\/#website\",\"url\":\"https:\/\/promenaadimajad.ee\/\",\"name\":\"Promenaadimaja\",\"description\":\"Kolm maja. Kolm elustiili. \u00dcks lummav vaade vanalinnale\",\"potentialAction\":[{\"@type\":\"SearchAction\",\"target\":{\"@type\":\"EntryPoint\",\"urlTemplate\":\"https:\/\/promenaadimajad.ee\/?s={search_term_string}\"},\"query-input\":{\"@type\":\"PropertyValueSpecification\",\"valueRequired\":true,\"valueName\":\"search_term_string\"}}],\"inLanguage\":\"fi\"}]}<\/script>\n<!-- \/ Yoast SEO plugin. -->","yoast_head_json":{"title":"YMP\u00c4RIST\u00d6 - Promenaadimaja","robots":{"index":"index","follow":"follow","max-snippet":"max-snippet:-1","max-image-preview":"max-image-preview:large","max-video-preview":"max-video-preview:-1"},"canonical":"https:\/\/promenaadimajad.ee\/fi\/ymparisto\/","og_locale":"fi_FI","og_type":"article","og_title":"YMP\u00c4RIST\u00d6 - Promenaadimaja","og_description":"[vc_row][vc_column css=&#8221;.vc_custom_1488111523513{margin: 0px !important;border-width: 0px !important;padding: 0px !important;}&#8221;][blk_intro_small title=&#8221;Parasta, jota meri ja kaupunki voivat tarjota.&#8221; img=&#8221;5539&#8243;][\/vc_column][\/vc_row][vc_row css=&#8221;.vc_custom_1488112370129{margin-top: 30px !important;margin-bottom: 30px !important;}&#8221;][vc_column width=&#8221;1\/2&#8243; css=&#8221;.vc_custom_1490164349991{margin-bottom: 0px !important;}&#8221;][vc_column_text css=&#8221;.vc_custom_1491813393165{margin-bottom: 0px !important;}&#8221;] Tallinnan satama-alueen kokonaisvaltainen kehitt\u00e4minen takaa erinomaiset yhteydet, mukavat jalankulkutiet ja turvallisen elinymp\u00e4rist\u00f6n. T\u00e4st\u00e4 p\u00e4\u00e4see nopeasti ja turvallisesti kouluun, harrastuskerhoon, t\u00f6ihin, puistoon tai merenrantaan k\u00e4velem\u00e4\u00e4n. Ja tietysti takaisiin [&hellip;]","og_url":"https:\/\/promenaadimajad.ee\/fi\/ymparisto\/","og_site_name":"Promenaadimaja","article_modified_time":"2017-04-10T08:38:33+00:00","twitter_card":"summary_large_image","twitter_misc":{"Arvioitu lukuaika":"3 minuuttia"},"schema":{"@context":"https:\/\/schema.org","@graph":[{"@type":"WebPage","@id":"https:\/\/promenaadimajad.ee\/fi\/ymparisto\/","url":"https:\/\/promenaadimajad.ee\/fi\/ymparisto\/","name":"YMP\u00c4RIST\u00d6 - Promenaadimaja","isPartOf":{"@id":"https:\/\/promenaadimajad.ee\/#website"},"datePublished":"2017-02-22T18:08:55+00:00","dateModified":"2017-04-10T08:38:33+00:00","breadcrumb":{"@id":"https:\/\/promenaadimajad.ee\/fi\/ymparisto\/#breadcrumb"},"inLanguage":"fi","potentialAction":[{"@type":"ReadAction","target":["https:\/\/promenaadimajad.ee\/fi\/ymparisto\/"]}]},{"@type":"BreadcrumbList","@id":"https:\/\/promenaadimajad.ee\/fi\/ymparisto\/#breadcrumb","itemListElement":[{"@type":"ListItem","position":1,"name":"Home","item":"https:\/\/promenaadimajad.ee\/fi\/"},{"@type":"ListItem","position":2,"name":"YMP\u00c4RIST\u00d6"}]},{"@type":"WebSite","@id":"https:\/\/promenaadimajad.ee\/#website","url":"https:\/\/promenaadimajad.ee\/","name":"Promenaadimaja","description":"Kolm maja. Kolm elustiili. \u00dcks lummav vaade vanalinnale","potentialAction":[{"@type":"SearchAction","target":{"@type":"EntryPoint","urlTemplate":"https:\/\/promenaadimajad.ee\/?s={search_term_string}"},"query-input":{"@type":"PropertyValueSpecification","valueRequired":true,"valueName":"search_term_string"}}],"inLanguage":"fi"}]}},"_links":{"self":[{"href":"https:\/\/promenaadimajad.ee\/fi\/wp-json\/wp\/v2\/pages\/6215","targetHints":{"allow":["GET"]}}],"collection":[{"href":"https:\/\/promenaadimajad.ee\/fi\/wp-json\/wp\/v2\/pages"}],"about":[{"href":"https:\/\/promenaadimajad.ee\/fi\/wp-json\/wp\/v2\/types\/page"}],"author":[{"embeddable":true,"href":"https:\/\/promenaadimajad.ee\/fi\/wp-json\/wp\/v2\/users\/5"}],"replies":[{"embeddable":true,"href":"https:\/\/promenaadimajad.ee\/fi\/wp-json\/wp\/v2\/comments?post=6215"}],"version-history":[{"count":2,"href":"https:\/\/promenaadimajad.ee\/fi\/wp-json\/wp\/v2\/pages\/6215\/revisions"}],"predecessor-version":[{"id":6217,"href":"https:\/\/promenaadimajad.ee\/fi\/wp-json\/wp\/v2\/pages\/6215\/revisions\/6217"}],"wp:attachment":[{"href":"https:\/\/promenaadimajad.ee\/fi\/wp-json\/wp\/v2\/media?parent=6215"}],"curies":[{"name":"wp","href":"https:\/\/api.w.org\/{rel}","templated":true}]}}