{"id":6205,"date":"2017-02-23T08:44:56","date_gmt":"2017-02-23T06:44:56","guid":{"rendered":"http:\/\/promenaadimaja.taavikybar.com\/fi\/avaleht-2\/"},"modified":"2024-05-29T13:04:05","modified_gmt":"2024-05-29T10:04:05","slug":"avaleht-2","status":"publish","type":"page","link":"https:\/\/promenaadimajad.ee\/fi\/","title":{"rendered":"ETUSIVU"},"content":{"rendered":"<p>[vc_row][vc_column css=&#8221;.vc_custom_1488104684938{margin: 0px !important;border-width: 0px !important;padding: 0px !important;}&#8221;][blk_intro title=&#8221;TULVAISUUTEEN KATSOVA KOTI&#8221; img=&#8221;6306&#8243; choose_text=&#8221;Vali maja&#8221; nr_1=&#8221;1&#8243; nr_1_link=&#8221;\/hoonetest\/#linnamaja&#8221; nr_2=&#8221;2&#8243; nr_2_link=&#8221;\/hoonetest\/#peremaja&#8221; nr_3=&#8221;3&#8243; nr_3_link=&#8221;\/hoonetest\/#torn&#8221; nr_1_hover=&#8221;5560&#8243; nr_2_hover=&#8221;5561&#8243; nr_3_hover=&#8221;5562&#8243; mob_img=&#8221;5725&#8243;][\/vc_column][\/vc_row][vc_row][vc_column width=&#8221;1\/2&#8243; css=&#8221;.vc_custom_1487832367253{background-image: url(https:\/\/promenaadimajad.ee\/wp-content\/uploads\/promenaadi_avaleht1.jpg?id=5536) !important;}&#8221;][\/vc_column][vc_column width=&#8221;1\/2&#8243;][blk_h1 title=&#8221;NYKYAIKAINEN KOTI KAUPUNGIN SYD\u00c4MESS\u00c4&#8221;][vc_column_text] Promenadin talot (Promenaadi majad) sijaitsevat Tallinnan matkustajasataman Amiraliteetin altaan promenadin kadun varrella, josta tulee my\u00f6s niiden asuinrakennusten nimi. Kolme erilaista rakennusta muodostavat tarkkaan harkitun ymp\u00e4rist\u00f6kokonaisuuden ja ovat liitetty toisiinsa maanalaisella parkkihallilla. Promenadin taloista voit astua suoraan kaupungin vilskeeseen, jossa odottavat teatterit, elokuvateatterit, ravintolat, yst\u00e4v\u00e4t, toimisto. Rakennuksilla on energiatehokkuuden luokka A. [\/vc_column_text][\/vc_column][\/vc_row][vc_row][vc_column width=&#8221;1\/2&#8243; css=&#8221;.vc_custom_1487832566583{background-color: #0a1e40 !important;}&#8221; el_class=&#8221;valge-tekst&#8221;][blk_h1 title=&#8221;AINUTLAATUISELLA PAIKKALLA VANHAKAUPUNGIN JA MEREN V\u00c4LISS\u00c4&#8221;][vc_column_text] Tallinnan vanhakaupunki on vuodesta 1997 kuulunut Unescon maailmanperint\u00f6luetteloon. Tallinnan vanhakaupunki on arvokas etenkin siksi, ett\u00e4 sen keskiaikainen milj\u00f6\u00f6 ja rakenne ovat s\u00e4ilyneet meid\u00e4n p\u00e4iviimme saakka, kun ne muista Pohjois-Euroopan p\u00e4\u00e4kaupungeista ovat jo kadonneet. Promenadin talot sijaitsevat vanhastakaupungista vain lyhyen k\u00e4velymatkan p\u00e4\u00e4st\u00e4. Ylimm\u00e4isten kerrosten asukkaat voivat nauttia verrattomista n\u00e4kymist\u00e4 vanhallekaupungille suoraan kotiensa ikkunoista. [\/vc_column_text][\/vc_column][vc_column width=&#8221;1\/2&#8243; css=&#8221;.vc_custom_1487832413750{background-image: url(https:\/\/promenaadimajad.ee\/wp-content\/uploads\/promenaadi_avaleht2.jpg?id=5537) !important;}&#8221;][\/vc_column][\/vc_row][vc_row][vc_column width=&#8221;1\/2&#8243; css=&#8221;.vc_custom_1487832515129{background-image: url(https:\/\/promenaadimajad.ee\/wp-content\/uploads\/promenaadi_avaleht3.jpg?id=5538) !important;}&#8221;][\/vc_column][vc_column width=&#8221;1\/2&#8243;][blk_h1 title=&#8221;PORTO FRANCO JA ALUEEN TULEVAISUUS&#8221;][vc_column_text]<\/p>\n<p>Tallinnan syd\u00e4n siirtyy takaisin merenrantaan, jossa on sen historiallinen ja oikeutettu paikka. T\u00e4h\u00e4n rakennetaan Baltian maiden moderneimmat liike- ja asuinrakennukset. Alueelle kokoontuvat parhaat ajatukset ja kaikkein aktiivisimmat ihmiset. Promenaadi maja on arvostettu asuinpaikka jo nyt. Vuosien kuluttua sit\u00e4 arvostetaan viel\u00e4kin enemm\u00e4n.<\/p>\n<p>[\/vc_column_text][\/vc_column][\/vc_row]<\/p>\n","protected":false},"excerpt":{"rendered":"<p>[vc_row][vc_column css=&#8221;.vc_custom_1488104684938{margin: 0px !important;border-width: 0px !important;padding: 0px !important;}&#8221;][blk_intro title=&#8221;TULVAISUUTEEN KATSOVA KOTI&#8221; img=&#8221;6306&#8243; choose_text=&#8221;Vali maja&#8221; nr_1=&#8221;1&#8243; nr_1_link=&#8221;\/hoonetest\/#linnamaja&#8221; nr_2=&#8221;2&#8243; nr_2_link=&#8221;\/hoonetest\/#peremaja&#8221; nr_3=&#8221;3&#8243; nr_3_link=&#8221;\/hoonetest\/#torn&#8221; nr_1_hover=&#8221;5560&#8243; nr_2_hover=&#8221;5561&#8243; nr_3_hover=&#8221;5562&#8243; mob_img=&#8221;5725&#8243;][\/vc_column][\/vc_row][vc_row][vc_column width=&#8221;1\/2&#8243; css=&#8221;.vc_custom_1487832367253{background-image: url(https:\/\/promenaadimajad.ee\/wp-content\/uploads\/promenaadi_avaleht1.jpg?id=5536) !important;}&#8221;][\/vc_column][vc_column width=&#8221;1\/2&#8243;][blk_h1 title=&#8221;NYKYAIKAINEN KOTI KAUPUNGIN SYD\u00c4MESS\u00c4&#8221;][vc_column_text] Promenadin talot (Promenaadi majad) sijaitsevat Tallinnan matkustajasataman Amiraliteetin altaan promenadin kadun varrella, josta tulee my\u00f6s niiden asuinrakennusten nimi. Kolme erilaista rakennusta muodostavat [&hellip;]<\/p>\n","protected":false},"author":5,"featured_media":0,"parent":0,"menu_order":0,"comment_status":"closed","ping_status":"closed","template":"","meta":{"_acf_changed":false,"inline_featured_image":false,"footnotes":""},"class_list":["post-6205","page","type-page","status-publish","hentry"],"acf":[],"yoast_head":"<!-- This site is optimized with the Yoast SEO plugin v26.2 - https:\/\/yoast.com\/wordpress\/plugins\/seo\/ -->\n<title>Promenaadi Majad \u2014 Modern Oasis for Living in Tallinn<\/title>\n<meta name=\"description\" content=\"This distinguished residential project in Tallinn\u2019s city center marries cutting-edge green technology with luxurious living spaces, offering exclusive views of the sea\" \/>\n<meta name=\"robots\" content=\"index, follow, max-snippet:-1, max-image-preview:large, max-video-preview:-1\" \/>\n<link rel=\"canonical\" href=\"https:\/\/promenaadimajad.ee\/fi\/\" \/>\n<meta property=\"og:locale\" content=\"fi_FI\" \/>\n<meta property=\"og:type\" content=\"article\" \/>\n<meta property=\"og:title\" content=\"Promenaadi Majad \u2014 Modern Oasis for Living in Tallinn\" \/>\n<meta property=\"og:description\" content=\"This distinguished residential project in Tallinn\u2019s city center marries cutting-edge green technology with luxurious living spaces, offering exclusive views of the sea\" \/>\n<meta property=\"og:url\" content=\"https:\/\/promenaadimajad.ee\/fi\/\" \/>\n<meta property=\"og:site_name\" content=\"Promenaadimaja\" \/>\n<meta property=\"article:modified_time\" content=\"2024-05-29T10:04:05+00:00\" \/>\n<meta name=\"twitter:card\" content=\"summary_large_image\" \/>\n<meta name=\"twitter:label1\" content=\"Arvioitu lukuaika\" \/>\n\t<meta name=\"twitter:data1\" content=\"2 minuuttia\" \/>\n<script type=\"application\/ld+json\" class=\"yoast-schema-graph\">{\"@context\":\"https:\/\/schema.org\",\"@graph\":[{\"@type\":\"WebPage\",\"@id\":\"https:\/\/promenaadimajad.ee\/fi\/\",\"url\":\"https:\/\/promenaadimajad.ee\/fi\/\",\"name\":\"Promenaadi Majad \u2014 Modern Oasis for Living in Tallinn\",\"isPartOf\":{\"@id\":\"https:\/\/promenaadimajad.ee\/#website\"},\"datePublished\":\"2017-02-23T06:44:56+00:00\",\"dateModified\":\"2024-05-29T10:04:05+00:00\",\"description\":\"This distinguished residential project in Tallinn\u2019s city center marries cutting-edge green technology with luxurious living spaces, offering exclusive views of the sea\",\"breadcrumb\":{\"@id\":\"https:\/\/promenaadimajad.ee\/fi\/#breadcrumb\"},\"inLanguage\":\"fi\",\"potentialAction\":[{\"@type\":\"ReadAction\",\"target\":[\"https:\/\/promenaadimajad.ee\/fi\/\"]}]},{\"@type\":\"BreadcrumbList\",\"@id\":\"https:\/\/promenaadimajad.ee\/fi\/#breadcrumb\",\"itemListElement\":[{\"@type\":\"ListItem\",\"position\":1,\"name\":\"Home\",\"item\":\"https:\/\/promenaadimajad.ee\/fi\/\"},{\"@type\":\"ListItem\",\"position\":2,\"name\":\"ETUSIVU\"}]},{\"@type\":\"WebSite\",\"@id\":\"https:\/\/promenaadimajad.ee\/#website\",\"url\":\"https:\/\/promenaadimajad.ee\/\",\"name\":\"Promenaadimaja\",\"description\":\"Kolm maja. Kolm elustiili. \u00dcks lummav vaade vanalinnale\",\"potentialAction\":[{\"@type\":\"SearchAction\",\"target\":{\"@type\":\"EntryPoint\",\"urlTemplate\":\"https:\/\/promenaadimajad.ee\/?s={search_term_string}\"},\"query-input\":{\"@type\":\"PropertyValueSpecification\",\"valueRequired\":true,\"valueName\":\"search_term_string\"}}],\"inLanguage\":\"fi\"}]}<\/script>\n<!-- \/ Yoast SEO plugin. -->","yoast_head_json":{"title":"Promenaadi Majad \u2014 Modern Oasis for Living in Tallinn","description":"This distinguished residential project in Tallinn\u2019s city center marries cutting-edge green technology with luxurious living spaces, offering exclusive views of the sea","robots":{"index":"index","follow":"follow","max-snippet":"max-snippet:-1","max-image-preview":"max-image-preview:large","max-video-preview":"max-video-preview:-1"},"canonical":"https:\/\/promenaadimajad.ee\/fi\/","og_locale":"fi_FI","og_type":"article","og_title":"Promenaadi Majad \u2014 Modern Oasis for Living in Tallinn","og_description":"This distinguished residential project in Tallinn\u2019s city center marries cutting-edge green technology with luxurious living spaces, offering exclusive views of the sea","og_url":"https:\/\/promenaadimajad.ee\/fi\/","og_site_name":"Promenaadimaja","article_modified_time":"2024-05-29T10:04:05+00:00","twitter_card":"summary_large_image","twitter_misc":{"Arvioitu lukuaika":"2 minuuttia"},"schema":{"@context":"https:\/\/schema.org","@graph":[{"@type":"WebPage","@id":"https:\/\/promenaadimajad.ee\/fi\/","url":"https:\/\/promenaadimajad.ee\/fi\/","name":"Promenaadi Majad \u2014 Modern Oasis for Living in Tallinn","isPartOf":{"@id":"https:\/\/promenaadimajad.ee\/#website"},"datePublished":"2017-02-23T06:44:56+00:00","dateModified":"2024-05-29T10:04:05+00:00","description":"This distinguished residential project in Tallinn\u2019s city center marries cutting-edge green technology with luxurious living spaces, offering exclusive views of the sea","breadcrumb":{"@id":"https:\/\/promenaadimajad.ee\/fi\/#breadcrumb"},"inLanguage":"fi","potentialAction":[{"@type":"ReadAction","target":["https:\/\/promenaadimajad.ee\/fi\/"]}]},{"@type":"BreadcrumbList","@id":"https:\/\/promenaadimajad.ee\/fi\/#breadcrumb","itemListElement":[{"@type":"ListItem","position":1,"name":"Home","item":"https:\/\/promenaadimajad.ee\/fi\/"},{"@type":"ListItem","position":2,"name":"ETUSIVU"}]},{"@type":"WebSite","@id":"https:\/\/promenaadimajad.ee\/#website","url":"https:\/\/promenaadimajad.ee\/","name":"Promenaadimaja","description":"Kolm maja. Kolm elustiili. \u00dcks lummav vaade vanalinnale","potentialAction":[{"@type":"SearchAction","target":{"@type":"EntryPoint","urlTemplate":"https:\/\/promenaadimajad.ee\/?s={search_term_string}"},"query-input":{"@type":"PropertyValueSpecification","valueRequired":true,"valueName":"search_term_string"}}],"inLanguage":"fi"}]}},"_links":{"self":[{"href":"https:\/\/promenaadimajad.ee\/fi\/wp-json\/wp\/v2\/pages\/6205","targetHints":{"allow":["GET"]}}],"collection":[{"href":"https:\/\/promenaadimajad.ee\/fi\/wp-json\/wp\/v2\/pages"}],"about":[{"href":"https:\/\/promenaadimajad.ee\/fi\/wp-json\/wp\/v2\/types\/page"}],"author":[{"embeddable":true,"href":"https:\/\/promenaadimajad.ee\/fi\/wp-json\/wp\/v2\/users\/5"}],"replies":[{"embeddable":true,"href":"https:\/\/promenaadimajad.ee\/fi\/wp-json\/wp\/v2\/comments?post=6205"}],"version-history":[{"count":6,"href":"https:\/\/promenaadimajad.ee\/fi\/wp-json\/wp\/v2\/pages\/6205\/revisions"}],"predecessor-version":[{"id":14456,"href":"https:\/\/promenaadimajad.ee\/fi\/wp-json\/wp\/v2\/pages\/6205\/revisions\/14456"}],"wp:attachment":[{"href":"https:\/\/promenaadimajad.ee\/fi\/wp-json\/wp\/v2\/media?parent=6205"}],"curies":[{"name":"wp","href":"https:\/\/api.w.org\/{rel}","templated":true}]}}