{"id":6198,"date":"2017-02-22T20:08:24","date_gmt":"2017-02-22T18:08:24","guid":{"rendered":"http:\/\/promenaadimaja.taavikybar.com\/fi\/introduction\/"},"modified":"2024-05-29T13:04:40","modified_gmt":"2024-05-29T10:04:40","slug":"esittely","status":"publish","type":"page","link":"https:\/\/promenaadimajad.ee\/fi\/esittely\/","title":{"rendered":"ESITTELY"},"content":{"rendered":"<p>[vc_row][vc_column css=&#8221;.vc_custom_1488780852181{padding: 0px !important;}&#8221;][blk_intro_small title=&#8221;Tallinnan syd\u00e4n siirtyy merenrantaan&#8221; img=&#8221;5544&#8243;][\/vc_column][\/vc_row][vc_row css=&#8221;.vc_custom_1488112370129{margin-top: 30px !important;margin-bottom: 30px !important;}&#8221;][vc_column][vc_column_text css=&#8221;.vc_custom_1556714119387{margin-bottom: 0px !important;}&#8221;]<\/p>\n<p>Tallinnan syd\u00e4n siirtyy takaisin merenrantaan, jossa on sen historiallinen ja oikeutettu paikka. T\u00e4h\u00e4n rakennetaan Baltian maiden moderneimmat liike- ja asuinrakennukset. Alueelle kokoontuvat parhaat ajatukset ja kaikkein aktiivisimmat ihmiset. Promenaadi maja on arvostettu asuinpaikka jo nyt. Vuosien kuluttua sit\u00e4 arvostetaan viel\u00e4kin enemm\u00e4n.<\/p>\n<p>Promenadin talon sijainti el\u00e4m\u00e4n valtasuonella antaa mahdollisuuden ehti\u00e4 nopeasti mihin tahansa paikkaan Tallinnassa, mutta sataman l\u00e4heisyys ja erinomaiset yhteydet lentoasemalle tekev\u00e4t siit\u00e4 sillan, joka vie maailmaan.<\/p>\n<p>[\/vc_column_text][vc_video link=&#8221;https:\/\/www.youtube.com\/watch?v=MXIxm4uoIQE&#8221; el_width=&#8221;40&#8243; align=&#8221;center&#8221; css=&#8221;.vc_custom_1556791807652{margin-bottom: 0px !important;border-bottom-width: 0px !important;padding-top: 20px !important;padding-bottom: 0px !important;}&#8221;][\/vc_column][\/vc_row][vc_row][vc_column width=&#8221;1\/2&#8243; css=&#8221;.vc_custom_1557482724041{background-image: url(https:\/\/promenaadimajad.ee\/wp-content\/uploads\/promenaadi_9_toode_1_web-1-1440&#215;810.jpg?id=13785) !important;}&#8221;][\/vc_column][vc_column width=&#8221;1\/2&#8243; el_class=&#8221;valge-tekst&#8221; css=&#8221;.vc_custom_1488112181556{background-color: #0a1e40 !important;}&#8221;][blk_h1 title=&#8221;MODERNI ARKKITEHTUURI JA HARKITTU ELINYMP\u00c4RIST\u00d6&#8221;][vc_column_text]<\/p>\n<p>Promenadin talot: Linnamaja (Kaupungintalo), Peremaja (Perhetalo) ja Kogukonnamaja (Yhteis\u00f6talo) edustavat kolmea el\u00e4m\u00e4ntyyli\u00e4, niiden el\u00e4m\u00e4ntapaa ja el\u00e4m\u00e4nlaatua. T\u00e4m\u00e4 on omanlainen, moderni, n\u00e4ytt\u00e4v\u00e4, ymp\u00e4rist\u00f6yst\u00e4v\u00e4llinen ja monik\u00e4ytt\u00f6inen arkkitehtuurinen kokonaisuus. Kaupunkiymp\u00e4rist\u00f6n aktiivisena osana on Promenadin taloilla oleellinen rooli koko kortelin kehittymisess\u00e4 keskikaupungin vetovoimaiseksi osaksi.<\/p>\n<p>[\/vc_column_text][\/vc_column][\/vc_row][vc_row][vc_column width=&#8221;1\/2&#8243;][blk_h1 title=&#8221;ENERGIAA S\u00c4\u00c4ST\u00c4V\u00c4T TALOT&#8221;][vc_column_text]<\/p>\n<p>T\u00e4m\u00e4 on Viron ensimm\u00e4inen asuinrakennus, joka saa energiaa paaluperustuksesta eli 20 metrin syvyydess\u00e4 olevista energiapaaluista. L\u00e4mmityskustannusten ennustettava s\u00e4\u00e4st\u00f6 on 25 \u2013 30 %. Talteen otetaan my\u00f6s j\u00e4\u00e4hdytysj\u00e4rjestelm\u00e4st\u00e4 vapautuva l\u00e4mp\u00f6, joka tavallisesti j\u00e4\u00e4 k\u00e4ytt\u00e4m\u00e4tt\u00e4 ja haihtuu ilmaan. Rakennuksilla on energiatehokkuuden luokka A.<\/p>\n<p>[\/vc_column_text][\/vc_column][vc_column width=&#8221;1\/2&#8243; css=&#8221;.vc_custom_1490164601156{background-image: url(https:\/\/promenaadimajad.ee\/wp-content\/uploads\/promenaadi_tutvustus3.jpg?id=5547) !important;}&#8221;][\/vc_column][\/vc_row][vc_row][vc_column width=&#8221;1\/2&#8243; css=&#8221;.vc_custom_1490164649349{background-image: url(https:\/\/promenaadimajad.ee\/wp-content\/uploads\/promenaadi_tutvustus2.jpg?id=5546) !important;}&#8221;][\/vc_column][vc_column width=&#8221;1\/2&#8243; css=&#8221;.vc_custom_1488112158459{background-color: #0a1e40 !important;}&#8221; el_class=&#8221;valge-tekst&#8221;][blk_h1 title=&#8221;JOKAISELLA ASUNNOLLA OMA LUONTENSA&#8221;][vc_column_text]<\/p>\n<p>Promenadin taloissa on 2-5-huoneen asuntoja. Kaikkien talojen ylimmiss\u00e4 kerroksissa sijaitsevat erikoiset 5,5 metrin korkuiset loft-asunnot, joita voidaan muodoilla omien n\u00e4kemysten mukaan ja josta avautuvat upeat n\u00e4kym\u00e4t Tallinnan vanhallekaupungille. Asuntojen pohjakuvat ovat tarkkaan harkittuja ja niiss\u00e4 on huomioon otettu jokaisen talon ominaislaatu. Jokaisella asunnolla on oma s\u00e4ilytystila ja maanalainen parkkipaikka.<\/p>\n<p>[\/vc_column_text][\/vc_column][\/vc_row][vc_row disable_element=&#8221;yes&#8221;][vc_column width=&#8221;1\/2&#8243;][blk_h1 title=&#8221;N\u00c4YTTELYASUNNOT OVAT VALMISTUNEET, TULKAA TUTUSTUMAAN&#8221;][\/vc_column][vc_column width=&#8221;1\/2&#8243; css=&#8221;.vc_custom_1488112603036{background-image: url(https:\/\/promenaadimajad.ee\/wp-content\/uploads\/promenaadi_tutvustus4.jpg?id=5548) !important;}&#8221;][\/vc_column][\/vc_row][vc_row][vc_column css=&#8221;.vc_custom_1556714209375{margin-top: 0px !important;margin-right: 0px !important;margin-bottom: 0px !important;margin-left: 0px !important;border-top-width: 0px !important;border-right-width: 0px !important;border-bottom-width: 0px !important;border-left-width: 0px !important;padding-top: 0px !important;padding-right: 0px !important;padding-bottom: 0px !important;padding-left: 0px !important;}&#8221;][blk_h1_padding title=&#8221;KAIKKI TARVITTAVA VAIN K\u00c4VELYMATKAN P\u00c4\u00c4SS\u00c4&#8221;][blk_img img=&#8221;13721&#8243;][\/vc_column][\/vc_row]<\/p>\n","protected":false},"excerpt":{"rendered":"<p>[vc_row][vc_column css=&#8221;.vc_custom_1488780852181{padding: 0px !important;}&#8221;][blk_intro_small title=&#8221;Tallinnan syd\u00e4n siirtyy merenrantaan&#8221; img=&#8221;5544&#8243;][\/vc_column][\/vc_row][vc_row css=&#8221;.vc_custom_1488112370129{margin-top: 30px !important;margin-bottom: 30px !important;}&#8221;][vc_column][vc_column_text css=&#8221;.vc_custom_1556714119387{margin-bottom: 0px !important;}&#8221;] Tallinnan syd\u00e4n siirtyy takaisin merenrantaan, jossa on sen historiallinen ja oikeutettu paikka. T\u00e4h\u00e4n rakennetaan Baltian maiden moderneimmat liike- ja asuinrakennukset. Alueelle kokoontuvat parhaat ajatukset ja kaikkein aktiivisimmat ihmiset. Promenaadi maja on arvostettu asuinpaikka jo nyt. Vuosien kuluttua sit\u00e4 [&hellip;]<\/p>\n","protected":false},"author":5,"featured_media":0,"parent":0,"menu_order":0,"comment_status":"closed","ping_status":"closed","template":"","meta":{"_acf_changed":false,"inline_featured_image":false,"footnotes":""},"class_list":["post-6198","page","type-page","status-publish","hentry"],"acf":[],"yoast_head":"<!-- This site is optimized with the Yoast SEO plugin v26.2 - https:\/\/yoast.com\/wordpress\/plugins\/seo\/ -->\n<title>Welcome to Promenaadi Maja \u2014 the Future of Urban Living<\/title>\n<meta name=\"description\" content=\"Promenaadi Maja sets a new standard for residential living in Tallinn, blending modern architecture with the city\u2019s vibrant life. Located near the port with easy airport access\" \/>\n<meta name=\"robots\" content=\"index, follow, max-snippet:-1, max-image-preview:large, max-video-preview:-1\" \/>\n<link rel=\"canonical\" href=\"https:\/\/promenaadimajad.ee\/fi\/esittely\/\" \/>\n<meta property=\"og:locale\" content=\"fi_FI\" \/>\n<meta property=\"og:type\" content=\"article\" \/>\n<meta property=\"og:title\" content=\"Welcome to Promenaadi Maja \u2014 the Future of Urban Living\" \/>\n<meta property=\"og:description\" content=\"Promenaadi Maja sets a new standard for residential living in Tallinn, blending modern architecture with the city\u2019s vibrant life. Located near the port with easy airport access\" \/>\n<meta property=\"og:url\" content=\"https:\/\/promenaadimajad.ee\/fi\/esittely\/\" \/>\n<meta property=\"og:site_name\" content=\"Promenaadimaja\" \/>\n<meta property=\"article:modified_time\" content=\"2024-05-29T10:04:40+00:00\" \/>\n<meta name=\"twitter:card\" content=\"summary_large_image\" \/>\n<meta name=\"twitter:label1\" content=\"Arvioitu lukuaika\" \/>\n\t<meta name=\"twitter:data1\" content=\"2 minuuttia\" \/>\n<script type=\"application\/ld+json\" class=\"yoast-schema-graph\">{\"@context\":\"https:\/\/schema.org\",\"@graph\":[{\"@type\":\"WebPage\",\"@id\":\"https:\/\/promenaadimajad.ee\/fi\/esittely\/\",\"url\":\"https:\/\/promenaadimajad.ee\/fi\/esittely\/\",\"name\":\"Welcome to Promenaadi Maja \u2014 the Future of Urban Living\",\"isPartOf\":{\"@id\":\"https:\/\/promenaadimajad.ee\/#website\"},\"datePublished\":\"2017-02-22T18:08:24+00:00\",\"dateModified\":\"2024-05-29T10:04:40+00:00\",\"description\":\"Promenaadi Maja sets a new standard for residential living in Tallinn, blending modern architecture with the city\u2019s vibrant life. Located near the port with easy airport access\",\"breadcrumb\":{\"@id\":\"https:\/\/promenaadimajad.ee\/fi\/esittely\/#breadcrumb\"},\"inLanguage\":\"fi\",\"potentialAction\":[{\"@type\":\"ReadAction\",\"target\":[\"https:\/\/promenaadimajad.ee\/fi\/esittely\/\"]}]},{\"@type\":\"BreadcrumbList\",\"@id\":\"https:\/\/promenaadimajad.ee\/fi\/esittely\/#breadcrumb\",\"itemListElement\":[{\"@type\":\"ListItem\",\"position\":1,\"name\":\"Home\",\"item\":\"https:\/\/promenaadimajad.ee\/fi\/\"},{\"@type\":\"ListItem\",\"position\":2,\"name\":\"ESITTELY\"}]},{\"@type\":\"WebSite\",\"@id\":\"https:\/\/promenaadimajad.ee\/#website\",\"url\":\"https:\/\/promenaadimajad.ee\/\",\"name\":\"Promenaadimaja\",\"description\":\"Kolm maja. Kolm elustiili. \u00dcks lummav vaade vanalinnale\",\"potentialAction\":[{\"@type\":\"SearchAction\",\"target\":{\"@type\":\"EntryPoint\",\"urlTemplate\":\"https:\/\/promenaadimajad.ee\/?s={search_term_string}\"},\"query-input\":{\"@type\":\"PropertyValueSpecification\",\"valueRequired\":true,\"valueName\":\"search_term_string\"}}],\"inLanguage\":\"fi\"}]}<\/script>\n<!-- \/ Yoast SEO plugin. -->","yoast_head_json":{"title":"Welcome to Promenaadi Maja \u2014 the Future of Urban Living","description":"Promenaadi Maja sets a new standard for residential living in Tallinn, blending modern architecture with the city\u2019s vibrant life. Located near the port with easy airport access","robots":{"index":"index","follow":"follow","max-snippet":"max-snippet:-1","max-image-preview":"max-image-preview:large","max-video-preview":"max-video-preview:-1"},"canonical":"https:\/\/promenaadimajad.ee\/fi\/esittely\/","og_locale":"fi_FI","og_type":"article","og_title":"Welcome to Promenaadi Maja \u2014 the Future of Urban Living","og_description":"Promenaadi Maja sets a new standard for residential living in Tallinn, blending modern architecture with the city\u2019s vibrant life. Located near the port with easy airport access","og_url":"https:\/\/promenaadimajad.ee\/fi\/esittely\/","og_site_name":"Promenaadimaja","article_modified_time":"2024-05-29T10:04:40+00:00","twitter_card":"summary_large_image","twitter_misc":{"Arvioitu lukuaika":"2 minuuttia"},"schema":{"@context":"https:\/\/schema.org","@graph":[{"@type":"WebPage","@id":"https:\/\/promenaadimajad.ee\/fi\/esittely\/","url":"https:\/\/promenaadimajad.ee\/fi\/esittely\/","name":"Welcome to Promenaadi Maja \u2014 the Future of Urban Living","isPartOf":{"@id":"https:\/\/promenaadimajad.ee\/#website"},"datePublished":"2017-02-22T18:08:24+00:00","dateModified":"2024-05-29T10:04:40+00:00","description":"Promenaadi Maja sets a new standard for residential living in Tallinn, blending modern architecture with the city\u2019s vibrant life. Located near the port with easy airport access","breadcrumb":{"@id":"https:\/\/promenaadimajad.ee\/fi\/esittely\/#breadcrumb"},"inLanguage":"fi","potentialAction":[{"@type":"ReadAction","target":["https:\/\/promenaadimajad.ee\/fi\/esittely\/"]}]},{"@type":"BreadcrumbList","@id":"https:\/\/promenaadimajad.ee\/fi\/esittely\/#breadcrumb","itemListElement":[{"@type":"ListItem","position":1,"name":"Home","item":"https:\/\/promenaadimajad.ee\/fi\/"},{"@type":"ListItem","position":2,"name":"ESITTELY"}]},{"@type":"WebSite","@id":"https:\/\/promenaadimajad.ee\/#website","url":"https:\/\/promenaadimajad.ee\/","name":"Promenaadimaja","description":"Kolm maja. Kolm elustiili. \u00dcks lummav vaade vanalinnale","potentialAction":[{"@type":"SearchAction","target":{"@type":"EntryPoint","urlTemplate":"https:\/\/promenaadimajad.ee\/?s={search_term_string}"},"query-input":{"@type":"PropertyValueSpecification","valueRequired":true,"valueName":"search_term_string"}}],"inLanguage":"fi"}]}},"_links":{"self":[{"href":"https:\/\/promenaadimajad.ee\/fi\/wp-json\/wp\/v2\/pages\/6198","targetHints":{"allow":["GET"]}}],"collection":[{"href":"https:\/\/promenaadimajad.ee\/fi\/wp-json\/wp\/v2\/pages"}],"about":[{"href":"https:\/\/promenaadimajad.ee\/fi\/wp-json\/wp\/v2\/types\/page"}],"author":[{"embeddable":true,"href":"https:\/\/promenaadimajad.ee\/fi\/wp-json\/wp\/v2\/users\/5"}],"replies":[{"embeddable":true,"href":"https:\/\/promenaadimajad.ee\/fi\/wp-json\/wp\/v2\/comments?post=6198"}],"version-history":[{"count":6,"href":"https:\/\/promenaadimajad.ee\/fi\/wp-json\/wp\/v2\/pages\/6198\/revisions"}],"predecessor-version":[{"id":14461,"href":"https:\/\/promenaadimajad.ee\/fi\/wp-json\/wp\/v2\/pages\/6198\/revisions\/14461"}],"wp:attachment":[{"href":"https:\/\/promenaadimajad.ee\/fi\/wp-json\/wp\/v2\/media?parent=6198"}],"curies":[{"name":"wp","href":"https:\/\/api.w.org\/{rel}","templated":true}]}}