{"id":2964,"date":"2016-07-18T14:12:39","date_gmt":"2016-07-18T11:12:39","guid":{"rendered":"http:\/\/promenaadimaja.ee\/fi\/?page_id=2964"},"modified":"2016-07-18T14:13:27","modified_gmt":"2016-07-18T11:13:27","slug":"perhetalon-ja-perhetornin-rakentaminen-on-alkanut","status":"publish","type":"page","link":"https:\/\/promenaadimajad.ee\/fi\/perhetalon-ja-perhetornin-rakentaminen-on-alkanut\/","title":{"rendered":"Perhetalon ja Perhetornin rakentaminen on alkanut!"},"content":{"rendered":"<p>Jos kaipaat lis\u00e4tietoja, ota yhteytt\u00e4 myyntip\u00e4\u00e4llikk\u00f6\u00f6n.<\/p>\n<p><a href=\"https:\/\/promenaadimajad.ee\/fi\/myyntitiedot\/\">Yhteystiedot >><\/a><\/p>\n<p>Kaupunkitalo (Linnamaja) valmistuu vuoden 2016 lopussa.<\/p>\n<p><a href=\"https:\/\/promenaadimajad.ee\/fi\/houses\/linnamaja\/linnamaja-2-korrus\/\">Takaisin Kaupunkitalon asuntoihin >><br \/>\n <\/a><\/p>\n<p>&nbsp;<\/p>\n","protected":false},"excerpt":{"rendered":"<p>Jos kaipaat lis\u00e4tietoja, ota yhteytt\u00e4 myyntip\u00e4\u00e4llikk\u00f6\u00f6n. Yhteystiedot >> Kaupunkitalo (Linnamaja) valmistuu vuoden 2016 lopussa. Takaisin Kaupunkitalon asuntoihin >> &nbsp;<\/p>\n","protected":false},"author":5,"featured_media":0,"parent":0,"menu_order":0,"comment_status":"closed","ping_status":"closed","template":"","meta":{"_acf_changed":false,"inline_featured_image":false,"footnotes":""},"class_list":["post-2964","page","type-page","status-publish","hentry"],"acf":[],"yoast_head":"<!-- This site is optimized with the Yoast SEO plugin v26.2 - https:\/\/yoast.com\/wordpress\/plugins\/seo\/ -->\n<title>Perhetalon ja Perhetornin rakentaminen on alkanut! - Promenaadimaja<\/title>\n<meta name=\"robots\" content=\"index, follow, max-snippet:-1, max-image-preview:large, max-video-preview:-1\" \/>\n<link rel=\"canonical\" href=\"https:\/\/promenaadimajad.ee\/fi\/perhetalon-ja-perhetornin-rakentaminen-on-alkanut\/\" \/>\n<meta property=\"og:locale\" content=\"fi_FI\" \/>\n<meta property=\"og:type\" content=\"article\" \/>\n<meta property=\"og:title\" content=\"Perhetalon ja Perhetornin rakentaminen on alkanut! - Promenaadimaja\" \/>\n<meta property=\"og:description\" content=\"Jos kaipaat lis\u00e4tietoja, ota yhteytt\u00e4 myyntip\u00e4\u00e4llikk\u00f6\u00f6n. Yhteystiedot &gt;&gt; Kaupunkitalo (Linnamaja) valmistuu vuoden 2016 lopussa. Takaisin Kaupunkitalon asuntoihin &gt;&gt; &nbsp;\" \/>\n<meta property=\"og:url\" content=\"https:\/\/promenaadimajad.ee\/fi\/perhetalon-ja-perhetornin-rakentaminen-on-alkanut\/\" \/>\n<meta property=\"og:site_name\" content=\"Promenaadimaja\" \/>\n<meta property=\"article:modified_time\" content=\"2016-07-18T11:13:27+00:00\" \/>\n<meta name=\"twitter:card\" content=\"summary_large_image\" \/>\n<script type=\"application\/ld+json\" class=\"yoast-schema-graph\">{\"@context\":\"https:\/\/schema.org\",\"@graph\":[{\"@type\":\"WebPage\",\"@id\":\"https:\/\/promenaadimajad.ee\/fi\/perhetalon-ja-perhetornin-rakentaminen-on-alkanut\/\",\"url\":\"https:\/\/promenaadimajad.ee\/fi\/perhetalon-ja-perhetornin-rakentaminen-on-alkanut\/\",\"name\":\"Perhetalon ja Perhetornin rakentaminen on alkanut! - Promenaadimaja\",\"isPartOf\":{\"@id\":\"https:\/\/promenaadimajad.ee\/#website\"},\"datePublished\":\"2016-07-18T11:12:39+00:00\",\"dateModified\":\"2016-07-18T11:13:27+00:00\",\"breadcrumb\":{\"@id\":\"https:\/\/promenaadimajad.ee\/fi\/perhetalon-ja-perhetornin-rakentaminen-on-alkanut\/#breadcrumb\"},\"inLanguage\":\"fi\",\"potentialAction\":[{\"@type\":\"ReadAction\",\"target\":[\"https:\/\/promenaadimajad.ee\/fi\/perhetalon-ja-perhetornin-rakentaminen-on-alkanut\/\"]}]},{\"@type\":\"BreadcrumbList\",\"@id\":\"https:\/\/promenaadimajad.ee\/fi\/perhetalon-ja-perhetornin-rakentaminen-on-alkanut\/#breadcrumb\",\"itemListElement\":[{\"@type\":\"ListItem\",\"position\":1,\"name\":\"Home\",\"item\":\"https:\/\/promenaadimajad.ee\/fi\/\"},{\"@type\":\"ListItem\",\"position\":2,\"name\":\"Perhetalon ja Perhetornin rakentaminen on alkanut!\"}]},{\"@type\":\"WebSite\",\"@id\":\"https:\/\/promenaadimajad.ee\/#website\",\"url\":\"https:\/\/promenaadimajad.ee\/\",\"name\":\"Promenaadimaja\",\"description\":\"Kolm maja. Kolm elustiili. \u00dcks lummav vaade vanalinnale\",\"potentialAction\":[{\"@type\":\"SearchAction\",\"target\":{\"@type\":\"EntryPoint\",\"urlTemplate\":\"https:\/\/promenaadimajad.ee\/?s={search_term_string}\"},\"query-input\":{\"@type\":\"PropertyValueSpecification\",\"valueRequired\":true,\"valueName\":\"search_term_string\"}}],\"inLanguage\":\"fi\"}]}<\/script>\n<!-- \/ Yoast SEO plugin. -->","yoast_head_json":{"title":"Perhetalon ja Perhetornin rakentaminen on alkanut! - Promenaadimaja","robots":{"index":"index","follow":"follow","max-snippet":"max-snippet:-1","max-image-preview":"max-image-preview:large","max-video-preview":"max-video-preview:-1"},"canonical":"https:\/\/promenaadimajad.ee\/fi\/perhetalon-ja-perhetornin-rakentaminen-on-alkanut\/","og_locale":"fi_FI","og_type":"article","og_title":"Perhetalon ja Perhetornin rakentaminen on alkanut! - Promenaadimaja","og_description":"Jos kaipaat lis\u00e4tietoja, ota yhteytt\u00e4 myyntip\u00e4\u00e4llikk\u00f6\u00f6n. Yhteystiedot >> Kaupunkitalo (Linnamaja) valmistuu vuoden 2016 lopussa. Takaisin Kaupunkitalon asuntoihin >> &nbsp;","og_url":"https:\/\/promenaadimajad.ee\/fi\/perhetalon-ja-perhetornin-rakentaminen-on-alkanut\/","og_site_name":"Promenaadimaja","article_modified_time":"2016-07-18T11:13:27+00:00","twitter_card":"summary_large_image","schema":{"@context":"https:\/\/schema.org","@graph":[{"@type":"WebPage","@id":"https:\/\/promenaadimajad.ee\/fi\/perhetalon-ja-perhetornin-rakentaminen-on-alkanut\/","url":"https:\/\/promenaadimajad.ee\/fi\/perhetalon-ja-perhetornin-rakentaminen-on-alkanut\/","name":"Perhetalon ja Perhetornin rakentaminen on alkanut! - Promenaadimaja","isPartOf":{"@id":"https:\/\/promenaadimajad.ee\/#website"},"datePublished":"2016-07-18T11:12:39+00:00","dateModified":"2016-07-18T11:13:27+00:00","breadcrumb":{"@id":"https:\/\/promenaadimajad.ee\/fi\/perhetalon-ja-perhetornin-rakentaminen-on-alkanut\/#breadcrumb"},"inLanguage":"fi","potentialAction":[{"@type":"ReadAction","target":["https:\/\/promenaadimajad.ee\/fi\/perhetalon-ja-perhetornin-rakentaminen-on-alkanut\/"]}]},{"@type":"BreadcrumbList","@id":"https:\/\/promenaadimajad.ee\/fi\/perhetalon-ja-perhetornin-rakentaminen-on-alkanut\/#breadcrumb","itemListElement":[{"@type":"ListItem","position":1,"name":"Home","item":"https:\/\/promenaadimajad.ee\/fi\/"},{"@type":"ListItem","position":2,"name":"Perhetalon ja Perhetornin rakentaminen on alkanut!"}]},{"@type":"WebSite","@id":"https:\/\/promenaadimajad.ee\/#website","url":"https:\/\/promenaadimajad.ee\/","name":"Promenaadimaja","description":"Kolm maja. Kolm elustiili. \u00dcks lummav vaade vanalinnale","potentialAction":[{"@type":"SearchAction","target":{"@type":"EntryPoint","urlTemplate":"https:\/\/promenaadimajad.ee\/?s={search_term_string}"},"query-input":{"@type":"PropertyValueSpecification","valueRequired":true,"valueName":"search_term_string"}}],"inLanguage":"fi"}]}},"_links":{"self":[{"href":"https:\/\/promenaadimajad.ee\/fi\/wp-json\/wp\/v2\/pages\/2964","targetHints":{"allow":["GET"]}}],"collection":[{"href":"https:\/\/promenaadimajad.ee\/fi\/wp-json\/wp\/v2\/pages"}],"about":[{"href":"https:\/\/promenaadimajad.ee\/fi\/wp-json\/wp\/v2\/types\/page"}],"author":[{"embeddable":true,"href":"https:\/\/promenaadimajad.ee\/fi\/wp-json\/wp\/v2\/users\/5"}],"replies":[{"embeddable":true,"href":"https:\/\/promenaadimajad.ee\/fi\/wp-json\/wp\/v2\/comments?post=2964"}],"version-history":[{"count":3,"href":"https:\/\/promenaadimajad.ee\/fi\/wp-json\/wp\/v2\/pages\/2964\/revisions"}],"predecessor-version":[{"id":2967,"href":"https:\/\/promenaadimajad.ee\/fi\/wp-json\/wp\/v2\/pages\/2964\/revisions\/2967"}],"wp:attachment":[{"href":"https:\/\/promenaadimajad.ee\/fi\/wp-json\/wp\/v2\/media?parent=2964"}],"curies":[{"name":"wp","href":"https:\/\/api.w.org\/{rel}","templated":true}]}}