{"id":14005,"date":"2016-04-05T09:16:17","date_gmt":"2016-04-05T06:16:17","guid":{"rendered":"https:\/\/promenaadimajad.ee\/fi\/kliendipaev\/"},"modified":"2019-09-03T18:01:22","modified_gmt":"2019-09-03T15:01:22","slug":"kliendipaev","status":"publish","type":"page","link":"https:\/\/promenaadimajad.ee\/fi\/kliendipaev\/","title":{"rendered":"Kliendip\u00e4ev"},"content":{"rendered":"<p>[vc_row css=&#8221;.vc_custom_1557221170923{margin-top: 0px !important;border-top-width: 0px !important;padding-top: 0px !important;}&#8221;][vc_column css=&#8221;.vc_custom_1557222004575{margin-bottom: 0px !important;border-bottom-width: 0px !important;padding-bottom: 0px !important;}&#8221;][vc_images_carousel images=&#8221;13786,13785,13776,13775,13774,13773,13772,13771,13770,13899,13900,13901,13902,13903,13904,13905,13906,13907,13908,13909,13910,13911,13912,13913&#8243; img_size=&#8221;1800&#215;1000&#8243; slides_per_view=&#8221;4&#8243; hide_pagination_control=&#8221;yes&#8221; partial_view=&#8221;yes&#8221; wrap=&#8221;yes&#8221;][\/vc_column][\/vc_row][vc_row css=&#8221;.vc_custom_1557221963110{margin-top: 0px !important;margin-bottom: 0px !important;border-top-width: 0px !important;border-bottom-width: 0px !important;padding-top: 0px !important;padding-bottom: 0px !important;}&#8221;][vc_column width=&#8221;1\/2&#8243; css=&#8221;.vc_custom_1557222032386{margin-top: 0px !important;margin-bottom: 0px !important;border-top-width: 0px !important;border-bottom-width: 0px !important;padding-top: 0px !important;padding-bottom: 0px !important;}&#8221;][vc_single_image image=&#8221;13919&#8243; img_size=&#8221;full&#8221; alignment=&#8221;center&#8221;][\/vc_column][vc_column width=&#8221;1\/2&#8243; css=&#8221;.vc_custom_1557222048924{margin-top: 0px !important;margin-bottom: 0px !important;border-top-width: 0px !important;border-bottom-width: 0px !important;padding-top: 0px !important;padding-bottom: 0px !important;}&#8221;][vc_single_image image=&#8221;13918&#8243; img_size=&#8221;full&#8221;][\/vc_column][\/vc_row][vc_row][vc_column width=&#8221;1\/2&#8243;][vc_column_text]<\/p>\n<div>Ootame Teid kliendip\u00e4evale, mille k\u00e4igus saate tutvuda Promenaadi majades m\u00fc\u00fcgis olevate korteritega.<\/div>\n<p>&nbsp;<\/p>\n<div>\n<p>Teid ootavad asjatundlikud konsultandid, kes annavad p\u00f5hjalikku teavet korterite kohta ning tutvustavad eridisainiga t\u00e4ism\u00f6bleeritud n\u00e4idiskortereid.<\/p>\n<p>&nbsp;<\/p>\n<div><strong>Kliendip\u00e4ev toimub 11. septembril kl 17.00-19.00, aadressil Poordi 3.<\/strong><\/div>\n<p>&nbsp;<\/p>\n<div>Teid ootavad ergutav kohvi ja suupisted.<\/div>\n<p>&nbsp;<\/p>\n<div>NB! N\u00e4idiskorteri ostmisel kogu v\u00e4\u00e4rtuslik sisustus kliendip\u00e4eval osalenutele TASUTA kaasa!<\/div>\n<p>&nbsp;<\/p>\n<p>*eripakkumine kehtib teatud korterite puhul.<\/p>\n<\/div>\n<p>[\/vc_column_text][vc_column_text]<\/p>\n<p>[\/vc_column_text][\/vc_column][vc_column width=&#8221;1\/2&#8243; css=&#8221;.vc_custom_1561542006766{margin-top: -30px !important;margin-bottom: 0px !important;border-top-width: 0px !important;border-bottom-width: 0px !important;padding-top: 0px !important;padding-bottom: 0px !important;}&#8221; el_class=&#8221;formkl&#8221;]<p class=\"wpcf7-contact-form-not-found\"><strong>Virhe:<\/strong> Yhteydenottolomaketta ei l\u00f6ytynyt.<\/p>[\/vc_column][\/vc_row]<\/p>\n","protected":false},"excerpt":{"rendered":"<p>[vc_row css=&#8221;.vc_custom_1557221170923{margin-top: 0px !important;border-top-width: 0px !important;padding-top: 0px !important;}&#8221;][vc_column css=&#8221;.vc_custom_1557222004575{margin-bottom: 0px !important;border-bottom-width: 0px !important;padding-bottom: 0px !important;}&#8221;][vc_images_carousel images=&#8221;13786,13785,13776,13775,13774,13773,13772,13771,13770,13899,13900,13901,13902,13903,13904,13905,13906,13907,13908,13909,13910,13911,13912,13913&#8243; img_size=&#8221;1800&#215;1000&#8243; slides_per_view=&#8221;4&#8243; hide_pagination_control=&#8221;yes&#8221; partial_view=&#8221;yes&#8221; wrap=&#8221;yes&#8221;][\/vc_column][\/vc_row][vc_row css=&#8221;.vc_custom_1557221963110{margin-top: 0px !important;margin-bottom: 0px !important;border-top-width: 0px !important;border-bottom-width: 0px !important;padding-top: 0px !important;padding-bottom: 0px !important;}&#8221;][vc_column width=&#8221;1\/2&#8243; css=&#8221;.vc_custom_1557222032386{margin-top: 0px !important;margin-bottom: 0px !important;border-top-width: 0px !important;border-bottom-width: 0px !important;padding-top: 0px !important;padding-bottom: 0px !important;}&#8221;][vc_single_image image=&#8221;13919&#8243; img_size=&#8221;full&#8221; alignment=&#8221;center&#8221;][\/vc_column][vc_column width=&#8221;1\/2&#8243; css=&#8221;.vc_custom_1557222048924{margin-top: 0px !important;margin-bottom: [&hellip;]<\/p>\n","protected":false},"author":5,"featured_media":0,"parent":0,"menu_order":0,"comment_status":"closed","ping_status":"closed","template":"","meta":{"_acf_changed":false,"inline_featured_image":false,"footnotes":""},"class_list":["post-14005","page","type-page","status-publish","hentry"],"acf":[],"yoast_head":"<!-- This site is optimized with the Yoast SEO plugin v26.2 - https:\/\/yoast.com\/wordpress\/plugins\/seo\/ -->\n<title>Kliendip\u00e4ev - Promenaadimaja<\/title>\n<meta name=\"robots\" content=\"index, follow, max-snippet:-1, max-image-preview:large, max-video-preview:-1\" \/>\n<link rel=\"canonical\" href=\"https:\/\/promenaadimajad.ee\/fi\/kliendipaev\/\" \/>\n<meta property=\"og:locale\" content=\"fi_FI\" \/>\n<meta property=\"og:type\" content=\"article\" \/>\n<meta property=\"og:title\" content=\"Kliendip\u00e4ev - Promenaadimaja\" \/>\n<meta property=\"og:description\" content=\"[vc_row css=&#8221;.vc_custom_1557221170923{margin-top: 0px !important;border-top-width: 0px !important;padding-top: 0px !important;}&#8221;][vc_column css=&#8221;.vc_custom_1557222004575{margin-bottom: 0px !important;border-bottom-width: 0px !important;padding-bottom: 0px !important;}&#8221;][vc_images_carousel images=&#8221;13786,13785,13776,13775,13774,13773,13772,13771,13770,13899,13900,13901,13902,13903,13904,13905,13906,13907,13908,13909,13910,13911,13912,13913&#8243; img_size=&#8221;1800&#215;1000&#8243; slides_per_view=&#8221;4&#8243; hide_pagination_control=&#8221;yes&#8221; partial_view=&#8221;yes&#8221; wrap=&#8221;yes&#8221;][\/vc_column][\/vc_row][vc_row css=&#8221;.vc_custom_1557221963110{margin-top: 0px !important;margin-bottom: 0px !important;border-top-width: 0px !important;border-bottom-width: 0px !important;padding-top: 0px !important;padding-bottom: 0px !important;}&#8221;][vc_column width=&#8221;1\/2&#8243; css=&#8221;.vc_custom_1557222032386{margin-top: 0px !important;margin-bottom: 0px !important;border-top-width: 0px !important;border-bottom-width: 0px !important;padding-top: 0px !important;padding-bottom: 0px !important;}&#8221;][vc_single_image image=&#8221;13919&#8243; img_size=&#8221;full&#8221; alignment=&#8221;center&#8221;][\/vc_column][vc_column width=&#8221;1\/2&#8243; css=&#8221;.vc_custom_1557222048924{margin-top: 0px !important;margin-bottom: [&hellip;]\" \/>\n<meta property=\"og:url\" content=\"https:\/\/promenaadimajad.ee\/fi\/kliendipaev\/\" \/>\n<meta property=\"og:site_name\" content=\"Promenaadimaja\" \/>\n<meta property=\"article:modified_time\" content=\"2019-09-03T15:01:22+00:00\" \/>\n<meta name=\"twitter:card\" content=\"summary_large_image\" \/>\n<meta name=\"twitter:label1\" content=\"Arvioitu lukuaika\" \/>\n\t<meta name=\"twitter:data1\" content=\"1 minuutti\" \/>\n<script type=\"application\/ld+json\" class=\"yoast-schema-graph\">{\"@context\":\"https:\/\/schema.org\",\"@graph\":[{\"@type\":\"WebPage\",\"@id\":\"https:\/\/promenaadimajad.ee\/fi\/kliendipaev\/\",\"url\":\"https:\/\/promenaadimajad.ee\/fi\/kliendipaev\/\",\"name\":\"Kliendip\u00e4ev - Promenaadimaja\",\"isPartOf\":{\"@id\":\"https:\/\/promenaadimajad.ee\/#website\"},\"datePublished\":\"2016-04-05T06:16:17+00:00\",\"dateModified\":\"2019-09-03T15:01:22+00:00\",\"breadcrumb\":{\"@id\":\"https:\/\/promenaadimajad.ee\/fi\/kliendipaev\/#breadcrumb\"},\"inLanguage\":\"fi\",\"potentialAction\":[{\"@type\":\"ReadAction\",\"target\":[\"https:\/\/promenaadimajad.ee\/fi\/kliendipaev\/\"]}]},{\"@type\":\"BreadcrumbList\",\"@id\":\"https:\/\/promenaadimajad.ee\/fi\/kliendipaev\/#breadcrumb\",\"itemListElement\":[{\"@type\":\"ListItem\",\"position\":1,\"name\":\"Home\",\"item\":\"https:\/\/promenaadimajad.ee\/fi\/\"},{\"@type\":\"ListItem\",\"position\":2,\"name\":\"Kliendip\u00e4ev\"}]},{\"@type\":\"WebSite\",\"@id\":\"https:\/\/promenaadimajad.ee\/#website\",\"url\":\"https:\/\/promenaadimajad.ee\/\",\"name\":\"Promenaadimaja\",\"description\":\"Kolm maja. Kolm elustiili. \u00dcks lummav vaade vanalinnale\",\"potentialAction\":[{\"@type\":\"SearchAction\",\"target\":{\"@type\":\"EntryPoint\",\"urlTemplate\":\"https:\/\/promenaadimajad.ee\/?s={search_term_string}\"},\"query-input\":{\"@type\":\"PropertyValueSpecification\",\"valueRequired\":true,\"valueName\":\"search_term_string\"}}],\"inLanguage\":\"fi\"}]}<\/script>\n<!-- \/ Yoast SEO plugin. -->","yoast_head_json":{"title":"Kliendip\u00e4ev - Promenaadimaja","robots":{"index":"index","follow":"follow","max-snippet":"max-snippet:-1","max-image-preview":"max-image-preview:large","max-video-preview":"max-video-preview:-1"},"canonical":"https:\/\/promenaadimajad.ee\/fi\/kliendipaev\/","og_locale":"fi_FI","og_type":"article","og_title":"Kliendip\u00e4ev - Promenaadimaja","og_description":"[vc_row css=&#8221;.vc_custom_1557221170923{margin-top: 0px !important;border-top-width: 0px !important;padding-top: 0px !important;}&#8221;][vc_column css=&#8221;.vc_custom_1557222004575{margin-bottom: 0px !important;border-bottom-width: 0px !important;padding-bottom: 0px !important;}&#8221;][vc_images_carousel images=&#8221;13786,13785,13776,13775,13774,13773,13772,13771,13770,13899,13900,13901,13902,13903,13904,13905,13906,13907,13908,13909,13910,13911,13912,13913&#8243; img_size=&#8221;1800&#215;1000&#8243; slides_per_view=&#8221;4&#8243; hide_pagination_control=&#8221;yes&#8221; partial_view=&#8221;yes&#8221; wrap=&#8221;yes&#8221;][\/vc_column][\/vc_row][vc_row css=&#8221;.vc_custom_1557221963110{margin-top: 0px !important;margin-bottom: 0px !important;border-top-width: 0px !important;border-bottom-width: 0px !important;padding-top: 0px !important;padding-bottom: 0px !important;}&#8221;][vc_column width=&#8221;1\/2&#8243; css=&#8221;.vc_custom_1557222032386{margin-top: 0px !important;margin-bottom: 0px !important;border-top-width: 0px !important;border-bottom-width: 0px !important;padding-top: 0px !important;padding-bottom: 0px !important;}&#8221;][vc_single_image image=&#8221;13919&#8243; img_size=&#8221;full&#8221; alignment=&#8221;center&#8221;][\/vc_column][vc_column width=&#8221;1\/2&#8243; css=&#8221;.vc_custom_1557222048924{margin-top: 0px !important;margin-bottom: [&hellip;]","og_url":"https:\/\/promenaadimajad.ee\/fi\/kliendipaev\/","og_site_name":"Promenaadimaja","article_modified_time":"2019-09-03T15:01:22+00:00","twitter_card":"summary_large_image","twitter_misc":{"Arvioitu lukuaika":"1 minuutti"},"schema":{"@context":"https:\/\/schema.org","@graph":[{"@type":"WebPage","@id":"https:\/\/promenaadimajad.ee\/fi\/kliendipaev\/","url":"https:\/\/promenaadimajad.ee\/fi\/kliendipaev\/","name":"Kliendip\u00e4ev - Promenaadimaja","isPartOf":{"@id":"https:\/\/promenaadimajad.ee\/#website"},"datePublished":"2016-04-05T06:16:17+00:00","dateModified":"2019-09-03T15:01:22+00:00","breadcrumb":{"@id":"https:\/\/promenaadimajad.ee\/fi\/kliendipaev\/#breadcrumb"},"inLanguage":"fi","potentialAction":[{"@type":"ReadAction","target":["https:\/\/promenaadimajad.ee\/fi\/kliendipaev\/"]}]},{"@type":"BreadcrumbList","@id":"https:\/\/promenaadimajad.ee\/fi\/kliendipaev\/#breadcrumb","itemListElement":[{"@type":"ListItem","position":1,"name":"Home","item":"https:\/\/promenaadimajad.ee\/fi\/"},{"@type":"ListItem","position":2,"name":"Kliendip\u00e4ev"}]},{"@type":"WebSite","@id":"https:\/\/promenaadimajad.ee\/#website","url":"https:\/\/promenaadimajad.ee\/","name":"Promenaadimaja","description":"Kolm maja. Kolm elustiili. \u00dcks lummav vaade vanalinnale","potentialAction":[{"@type":"SearchAction","target":{"@type":"EntryPoint","urlTemplate":"https:\/\/promenaadimajad.ee\/?s={search_term_string}"},"query-input":{"@type":"PropertyValueSpecification","valueRequired":true,"valueName":"search_term_string"}}],"inLanguage":"fi"}]}},"_links":{"self":[{"href":"https:\/\/promenaadimajad.ee\/fi\/wp-json\/wp\/v2\/pages\/14005","targetHints":{"allow":["GET"]}}],"collection":[{"href":"https:\/\/promenaadimajad.ee\/fi\/wp-json\/wp\/v2\/pages"}],"about":[{"href":"https:\/\/promenaadimajad.ee\/fi\/wp-json\/wp\/v2\/types\/page"}],"author":[{"embeddable":true,"href":"https:\/\/promenaadimajad.ee\/fi\/wp-json\/wp\/v2\/users\/5"}],"replies":[{"embeddable":true,"href":"https:\/\/promenaadimajad.ee\/fi\/wp-json\/wp\/v2\/comments?post=14005"}],"version-history":[{"count":11,"href":"https:\/\/promenaadimajad.ee\/fi\/wp-json\/wp\/v2\/pages\/14005\/revisions"}],"predecessor-version":[{"id":14386,"href":"https:\/\/promenaadimajad.ee\/fi\/wp-json\/wp\/v2\/pages\/14005\/revisions\/14386"}],"wp:attachment":[{"href":"https:\/\/promenaadimajad.ee\/fi\/wp-json\/wp\/v2\/media?parent=14005"}],"curies":[{"name":"wp","href":"https:\/\/api.w.org\/{rel}","templated":true}]}}